{"id":3577,"date":"2025-08-13T05:35:49","date_gmt":"2025-08-13T03:35:49","guid":{"rendered":"https:\/\/martinschloegl.ch\/?page_id=3577"},"modified":"2025-08-22T12:39:19","modified_gmt":"2025-08-22T10:39:19","slug":"collaborations","status":"publish","type":"page","link":"https:\/\/martinschloegl.ch\/de\/musik\/collaborations\/","title":{"rendered":"Kollaborationen"},"content":{"rendered":"<p>\u200bIch bin in der gl\u00fccklichen Lage, mit verschiedenen K\u00fcnstlern kooperieren zu d\u00fcrfen. Hier wird in K\u00fcrze eine \u00dcbersicht \u00fcber aktuelle Zusammenarbeiten zu finden sein.&nbsp;<\/p>\n<\/p>\n<p>Stand: 22. August 2025<\/p>\n","protected":false},"excerpt":{"rendered":"<p>\u200bIch bin in der gl\u00fccklichen Lage, mit verschiedenen K\u00fcnstlern kooperieren zu d\u00fcrfen. Hier wird in K\u00fcrze eine \u00dcbersicht \u00fcber aktuelle Zusammenarbeiten zu finden sein.&nbsp; Stand: 22. August 2025<\/p>\n","protected":false},"author":1,"featured_media":0,"parent":1670,"menu_order":0,"comment_status":"closed","ping_status":"closed","template":"","meta":{"footnotes":""},"wf_page_folders":[69],"class_list":["post-3577","page","type-page","status-publish","hentry","post-wrapper","thrv_wrapper"],"yoast_head":"<!-- This site is optimized with the Yoast SEO plugin v27.3 - https:\/\/yoast.com\/product\/yoast-seo-wordpress\/ -->\n<title>Kollaborationen - martinschloegl.ch<\/title>\n<meta name=\"robots\" content=\"index, follow, max-snippet:-1, max-image-preview:large, max-video-preview:-1\" \/>\n<link rel=\"canonical\" href=\"https:\/\/martinschloegl.ch\/de\/musik__trashed\/collaborations\/\" \/>\n<meta property=\"og:locale\" content=\"de_DE\" \/>\n<meta property=\"og:type\" content=\"article\" \/>\n<meta property=\"og:title\" content=\"Kollaborationen - martinschloegl.ch\" \/>\n<meta property=\"og:description\" content=\"\u200bIch bin in der gl\u00fccklichen Lage, mit verschiedenen K\u00fcnstlern kooperieren zu d\u00fcrfen. Hier wird in K\u00fcrze eine \u00dcbersicht \u00fcber aktuelle Zusammenarbeiten zu finden sein.&nbsp; Stand: 22. August 2025\" \/>\n<meta property=\"og:url\" content=\"https:\/\/martinschloegl.ch\/de\/musik__trashed\/collaborations\/\" \/>\n<meta property=\"og:site_name\" content=\"martinschloegl.ch\" \/>\n<meta property=\"article:modified_time\" content=\"2025-08-22T10:39:19+00:00\" \/>\n<meta name=\"twitter:card\" content=\"summary_large_image\" \/>\n<meta name=\"twitter:label1\" content=\"Gesch\u00e4tzte Lesezeit\" \/>\n\t<meta name=\"twitter:data1\" content=\"1\u00a0Minute\" \/>\n<script type=\"application\/ld+json\" class=\"yoast-schema-graph\">{\"@context\":\"https:\\\/\\\/schema.org\",\"@graph\":[{\"@type\":\"WebPage\",\"@id\":\"https:\\\/\\\/martinschloegl.ch\\\/de\\\/musik__trashed\\\/collaborations\\\/\",\"url\":\"https:\\\/\\\/martinschloegl.ch\\\/de\\\/musik__trashed\\\/collaborations\\\/\",\"name\":\"Kollaborationen - martinschloegl.ch\",\"isPartOf\":{\"@id\":\"https:\\\/\\\/martinschloegl.ch\\\/#website\"},\"datePublished\":\"2025-08-13T03:35:49+00:00\",\"dateModified\":\"2025-08-22T10:39:19+00:00\",\"breadcrumb\":{\"@id\":\"https:\\\/\\\/martinschloegl.ch\\\/de\\\/musik__trashed\\\/collaborations\\\/#breadcrumb\"},\"inLanguage\":\"de\",\"potentialAction\":[{\"@type\":\"ReadAction\",\"target\":[\"https:\\\/\\\/martinschloegl.ch\\\/de\\\/musik__trashed\\\/collaborations\\\/\"]}]},{\"@type\":\"BreadcrumbList\",\"@id\":\"https:\\\/\\\/martinschloegl.ch\\\/de\\\/musik__trashed\\\/collaborations\\\/#breadcrumb\",\"itemListElement\":[{\"@type\":\"ListItem\",\"position\":1,\"name\":\"Home\",\"item\":\"https:\\\/\\\/martinschloegl.ch\\\/de\\\/\"},{\"@type\":\"ListItem\",\"position\":2,\"name\":\"Musik\",\"item\":\"https:\\\/\\\/martinschloegl.ch\\\/de\\\/?page_id=1670\"},{\"@type\":\"ListItem\",\"position\":3,\"name\":\"Kollaborationen\"}]},{\"@type\":\"WebSite\",\"@id\":\"https:\\\/\\\/martinschloegl.ch\\\/#website\",\"url\":\"https:\\\/\\\/martinschloegl.ch\\\/\",\"name\":\"martinschloegl.ch\",\"description\":\"\",\"potentialAction\":[{\"@type\":\"SearchAction\",\"target\":{\"@type\":\"EntryPoint\",\"urlTemplate\":\"https:\\\/\\\/martinschloegl.ch\\\/?s={search_term_string}\"},\"query-input\":{\"@type\":\"PropertyValueSpecification\",\"valueRequired\":true,\"valueName\":\"search_term_string\"}}],\"inLanguage\":\"de\"}]}<\/script>\n<!-- \/ Yoast SEO plugin. -->","yoast_head_json":{"title":"Kollaborationen - martinschloegl.ch","robots":{"index":"index","follow":"follow","max-snippet":"max-snippet:-1","max-image-preview":"max-image-preview:large","max-video-preview":"max-video-preview:-1"},"canonical":"https:\/\/martinschloegl.ch\/de\/musik__trashed\/collaborations\/","og_locale":"de_DE","og_type":"article","og_title":"Kollaborationen - martinschloegl.ch","og_description":"\u200bIch bin in der gl\u00fccklichen Lage, mit verschiedenen K\u00fcnstlern kooperieren zu d\u00fcrfen. Hier wird in K\u00fcrze eine \u00dcbersicht \u00fcber aktuelle Zusammenarbeiten zu finden sein.&nbsp; Stand: 22. August 2025","og_url":"https:\/\/martinschloegl.ch\/de\/musik__trashed\/collaborations\/","og_site_name":"martinschloegl.ch","article_modified_time":"2025-08-22T10:39:19+00:00","twitter_card":"summary_large_image","twitter_misc":{"Gesch\u00e4tzte Lesezeit":"1\u00a0Minute"},"schema":{"@context":"https:\/\/schema.org","@graph":[{"@type":"WebPage","@id":"https:\/\/martinschloegl.ch\/de\/musik__trashed\/collaborations\/","url":"https:\/\/martinschloegl.ch\/de\/musik__trashed\/collaborations\/","name":"Kollaborationen - martinschloegl.ch","isPartOf":{"@id":"https:\/\/martinschloegl.ch\/#website"},"datePublished":"2025-08-13T03:35:49+00:00","dateModified":"2025-08-22T10:39:19+00:00","breadcrumb":{"@id":"https:\/\/martinschloegl.ch\/de\/musik__trashed\/collaborations\/#breadcrumb"},"inLanguage":"de","potentialAction":[{"@type":"ReadAction","target":["https:\/\/martinschloegl.ch\/de\/musik__trashed\/collaborations\/"]}]},{"@type":"BreadcrumbList","@id":"https:\/\/martinschloegl.ch\/de\/musik__trashed\/collaborations\/#breadcrumb","itemListElement":[{"@type":"ListItem","position":1,"name":"Home","item":"https:\/\/martinschloegl.ch\/de\/"},{"@type":"ListItem","position":2,"name":"Musik","item":"https:\/\/martinschloegl.ch\/de\/?page_id=1670"},{"@type":"ListItem","position":3,"name":"Kollaborationen"}]},{"@type":"WebSite","@id":"https:\/\/martinschloegl.ch\/#website","url":"https:\/\/martinschloegl.ch\/","name":"martinschloegl.ch","description":"","potentialAction":[{"@type":"SearchAction","target":{"@type":"EntryPoint","urlTemplate":"https:\/\/martinschloegl.ch\/?s={search_term_string}"},"query-input":{"@type":"PropertyValueSpecification","valueRequired":true,"valueName":"search_term_string"}}],"inLanguage":"de"}]}},"jetpack_sharing_enabled":true,"_links":{"self":[{"href":"https:\/\/martinschloegl.ch\/de\/wp-json\/wp\/v2\/pages\/3577","targetHints":{"allow":["GET"]}}],"collection":[{"href":"https:\/\/martinschloegl.ch\/de\/wp-json\/wp\/v2\/pages"}],"about":[{"href":"https:\/\/martinschloegl.ch\/de\/wp-json\/wp\/v2\/types\/page"}],"author":[{"embeddable":true,"href":"https:\/\/martinschloegl.ch\/de\/wp-json\/wp\/v2\/users\/1"}],"replies":[{"embeddable":true,"href":"https:\/\/martinschloegl.ch\/de\/wp-json\/wp\/v2\/comments?post=3577"}],"version-history":[{"count":7,"href":"https:\/\/martinschloegl.ch\/de\/wp-json\/wp\/v2\/pages\/3577\/revisions"}],"predecessor-version":[{"id":3847,"href":"https:\/\/martinschloegl.ch\/de\/wp-json\/wp\/v2\/pages\/3577\/revisions\/3847"}],"up":[{"embeddable":true,"href":"https:\/\/martinschloegl.ch\/de\/wp-json\/wp\/v2\/pages\/1670"}],"wp:attachment":[{"href":"https:\/\/martinschloegl.ch\/de\/wp-json\/wp\/v2\/media?parent=3577"}],"wp:term":[{"taxonomy":"wf_page_folders","embeddable":true,"href":"https:\/\/martinschloegl.ch\/de\/wp-json\/wp\/v2\/wf_page_folders?post=3577"}],"curies":[{"name":"wp","href":"https:\/\/api.w.org\/{rel}","templated":true}]}}