{"id":5185,"date":"2024-04-02T06:48:15","date_gmt":"2024-04-02T04:48:15","guid":{"rendered":"https:\/\/martinschloegl.ch\/musik\/termine\/"},"modified":"2026-03-31T11:47:35","modified_gmt":"2026-03-31T09:47:35","slug":"termine","status":"publish","type":"page","link":"https:\/\/martinschloegl.ch\/de\/musik\/termine\/","title":{"rendered":"Termine"},"content":{"rendered":"<p>.<\/p>\n<h2 style=\"text-align: center;\"><span style=\"font-size: 36px !important; --tcb-applied-color: rgb(192, 144, 60)   !important; color: rgb(192, 144, 60) !important;\">Termine<\/span><\/h2>\n<h3 style=\"text-align: center;\"><span style=\"font-size: 22px !important;\">Konzerte | Workshops | Live Streams<\/span><\/h3>\n<h4 style=\"text-align: left;\"><strong><span style=\"font-size: 24px !important; text-decoration: underline;\">Konzerte und Auftritte:<\/span><\/strong><span style=\"font-size: 19px !important;\">&nbsp;<\/span><\/h4>\n<p>\u200bIch bin derzeit in der Planungsphase f\u00fcr die kommenden 3 Jahre (2026 bis 2028).&nbsp;<\/p>\n<p>Es wird Konzerte sowohl im sehr kleinen, privaten Rahmen, als auch in etwas gr\u00f6sserem \u00f6ffentlichen Rahmen geben.&nbsp;<\/p>\n<p>Ausserdem: wenn Du einen sch\u00f6nen Raum hast (der nicht gross sein muss) oder jemanden mit einem sch\u00f6nen Raum kennst, der offen daf\u00fcr w\u00e4re, ein Konzert zu veranstalten, lass es mich gerne \u00fcber das <a href=\"https:\/\/martinschloegl.ch\/de\/contact\/\" target=\"_blank\" style=\"outline: none;\">Kontaktformular<\/a> wissen. Ich freu mich immer, wenn meine Musik an neuen Orten erklingen darf.&nbsp;<\/p>\n<h4 style=\"text-align: left;\"><strong><span style=\"font-size: 24px !important; text-decoration: underline;\">Workshops:<\/span><\/strong><\/h4>\n<p><span style=\"font-size: 19px !important;\">\u200bDerzeit nur auf Anfrage. <\/p>\n<p>Ich biete insbesondere Bodypercussion-Workshops f\u00fcr Unternehmen, Schulklassen und Gruppen an.&nbsp;Das sieht dann so aus <\/span><a href=\"https:\/\/youtu.be\/h6D93ZVqH7k?si=ct1-E95lN8Oz6YTF\" target=\"_blank\" style=\"outline: none;\"><span style=\"text-decoration: underline;\"><span style=\"font-size: 19px !important;\">https:\/\/youtu.be\/h6D93ZVqH7k?si=ct1-E95lN8Oz6YTF<\/span><\/span><\/a><\/p>\n<h4 style=\"text-align: left;\"><strong><span style=\"font-size: 24px !important; text-decoration: underline;\">Livestreams:<\/span><\/strong><\/h4>\n<p data-end=\"342\" data-start=\"52\"><span>\u200bIn regelm\u00e4ssigen Abst\u00e4nden lade ich zu kurzweiligen YouTube-Live-Session \u200bein. Zu meinen St\u00fccken gibt es da meistens auch die ein oder andere Geschichte dazu. <br \/><\/span><\/p>\n<p data-end=\"342\" data-start=\"52\"><span>Du kannst dem Livestream live beitreten oder die Aufzeichnung jederzeit danach im Live-Bereich meines YouTube-Kanals ansehen.<\/span><\/p>\n<p data-end=\"342\" data-start=\"52\"><span>Der n\u00e4chste Livestream findet am Mi, 8. April, um 20 Uhr statt. <\/span><\/p>\n<p data-end=\"342\" data-start=\"52\" style=\"\"><span>Meinen YouTube Kanal findest Du hier: <\/span><a href=\"https:\/\/www.youtube.com\/@itsmartinschloegl\" target=\"_blank\" style=\"outline: none;\"><span>https:\/\/www.youtube.com\/@itsmartinschloegl<\/span><\/a><\/p>\n<p data-end=\"342\" data-start=\"52\" style=\"\"><span>Und der Link f\u00fcr den Live Stream ist dieser hier: &nbsp;<\/span><a href=\"https:\/\/youtube.com\/live\/QtoU1mrfM8Q?feature=share \" target=\"_blank\" style=\"outline: none;\"><span>https:\/\/youtube.com\/live\/QtoU1mrfM8Q?feature=share <\/span><\/a><span><\/p>\n<p><\/span><\/p>\n<p><span style=\"color: var(--tcb-skin-color-24) !important;\"><span style=\"--tcb-applied-color: var$(--tcb-skin-color-24) !important;\"><br \/><\/span><\/span><\/p>\n<p><span style=\"color: var(--tcb-skin-color-24) !important;\"><span style=\"--tcb-applied-color: var$(--tcb-skin-color-24) !important;\">Und\/oder abonniere den <a data-tcb_hover_state_parent=\"\" href=\"https:\/\/martinschloegl.ch\/de\/nl-subscription\/\" target=\"_blank\" style=\"outline: none;\">Newsletter<\/a> , um es als Erste\/r in Deinem Posteingang zu erfahren.<\/span><\/span><\/p>\n<p><span style=\"color: var(--tcb-skin-color-24) !important;\"><span style=\"--tcb-applied-color: var$(--tcb-skin-color-24) !important;\"><br \/><\/span><\/span><\/p>\n<p><span style=\"--tcb-applied-color: var$(--tcb-skin-color-24)    !important; color: var(--tcb-skin-color-24)  !important;\"><strong>N\u00e4chster Livestream am Mittwoch, 29. Oktober 2025 um 20:00 Uhr &nbsp;<\/strong><\/span><br \/><span><span> <\/span><\/span><\/p>\n","protected":false},"excerpt":{"rendered":"<p>. Termine Konzerte | Workshops | Live Streams Konzerte und Auftritte:&nbsp; \u200bIch bin derzeit in der Planungsphase f\u00fcr die kommenden 3 Jahre (2026 bis 2028).&nbsp; Es wird Konzerte sowohl im sehr kleinen, privaten Rahmen, als auch in etwas gr\u00f6sserem \u00f6ffentlichen Rahmen geben.&nbsp; Ausserdem: wenn Du einen sch\u00f6nen Raum hast (der nicht gross sein muss) oder [&hellip;]<\/p>\n","protected":false},"author":1,"featured_media":0,"parent":1670,"menu_order":3,"comment_status":"closed","ping_status":"closed","template":"","meta":{"footnotes":""},"wf_page_folders":[69],"class_list":["post-5185","page","type-page","status-publish","hentry","post-wrapper","thrv_wrapper"],"yoast_head":"<!-- This site is optimized with the Yoast SEO plugin v27.3 - https:\/\/yoast.com\/product\/yoast-seo-wordpress\/ -->\n<title>Termine - martinschloegl.ch<\/title>\n<meta name=\"robots\" content=\"index, follow, max-snippet:-1, max-image-preview:large, max-video-preview:-1\" \/>\n<link rel=\"canonical\" href=\"https:\/\/martinschloegl.ch\/de\/musik\/termine\/\" \/>\n<meta property=\"og:locale\" content=\"de_DE\" \/>\n<meta property=\"og:type\" content=\"article\" \/>\n<meta property=\"og:title\" content=\"Termine - martinschloegl.ch\" \/>\n<meta property=\"og:description\" content=\". Termine Konzerte | Workshops | Live Streams Konzerte und Auftritte:&nbsp; \u200bIch bin derzeit in der Planungsphase f\u00fcr die kommenden 3 Jahre (2026 bis 2028).&nbsp; Es wird Konzerte sowohl im sehr kleinen, privaten Rahmen, als auch in etwas gr\u00f6sserem \u00f6ffentlichen Rahmen geben.&nbsp; Ausserdem: wenn Du einen sch\u00f6nen Raum hast (der nicht gross sein muss) oder [&hellip;]\" \/>\n<meta property=\"og:url\" content=\"https:\/\/martinschloegl.ch\/de\/musik\/termine\/\" \/>\n<meta property=\"og:site_name\" content=\"martinschloegl.ch\" \/>\n<meta property=\"article:modified_time\" content=\"2026-03-31T09:47:35+00:00\" \/>\n<meta name=\"twitter:card\" content=\"summary_large_image\" \/>\n<meta name=\"twitter:label1\" content=\"Gesch\u00e4tzte Lesezeit\" \/>\n\t<meta name=\"twitter:data1\" content=\"1\u00a0Minute\" \/>\n<script type=\"application\/ld+json\" class=\"yoast-schema-graph\">{\"@context\":\"https:\\\/\\\/schema.org\",\"@graph\":[{\"@type\":\"WebPage\",\"@id\":\"https:\\\/\\\/martinschloegl.ch\\\/de\\\/musik\\\/termine\\\/\",\"url\":\"https:\\\/\\\/martinschloegl.ch\\\/de\\\/musik\\\/termine\\\/\",\"name\":\"Termine - martinschloegl.ch\",\"isPartOf\":{\"@id\":\"https:\\\/\\\/martinschloegl.ch\\\/#website\"},\"datePublished\":\"2024-04-02T04:48:15+00:00\",\"dateModified\":\"2026-03-31T09:47:35+00:00\",\"breadcrumb\":{\"@id\":\"https:\\\/\\\/martinschloegl.ch\\\/de\\\/musik\\\/termine\\\/#breadcrumb\"},\"inLanguage\":\"de\",\"potentialAction\":[{\"@type\":\"ReadAction\",\"target\":[\"https:\\\/\\\/martinschloegl.ch\\\/de\\\/musik\\\/termine\\\/\"]}]},{\"@type\":\"BreadcrumbList\",\"@id\":\"https:\\\/\\\/martinschloegl.ch\\\/de\\\/musik\\\/termine\\\/#breadcrumb\",\"itemListElement\":[{\"@type\":\"ListItem\",\"position\":1,\"name\":\"Home\",\"item\":\"https:\\\/\\\/martinschloegl.ch\\\/de\\\/\"},{\"@type\":\"ListItem\",\"position\":2,\"name\":\"Musik\",\"item\":\"https:\\\/\\\/martinschloegl.ch\\\/de\\\/?page_id=1670\"},{\"@type\":\"ListItem\",\"position\":3,\"name\":\"Termine\"}]},{\"@type\":\"WebSite\",\"@id\":\"https:\\\/\\\/martinschloegl.ch\\\/#website\",\"url\":\"https:\\\/\\\/martinschloegl.ch\\\/\",\"name\":\"martinschloegl.ch\",\"description\":\"\",\"potentialAction\":[{\"@type\":\"SearchAction\",\"target\":{\"@type\":\"EntryPoint\",\"urlTemplate\":\"https:\\\/\\\/martinschloegl.ch\\\/?s={search_term_string}\"},\"query-input\":{\"@type\":\"PropertyValueSpecification\",\"valueRequired\":true,\"valueName\":\"search_term_string\"}}],\"inLanguage\":\"de\"}]}<\/script>\n<!-- \/ Yoast SEO plugin. -->","yoast_head_json":{"title":"Termine - martinschloegl.ch","robots":{"index":"index","follow":"follow","max-snippet":"max-snippet:-1","max-image-preview":"max-image-preview:large","max-video-preview":"max-video-preview:-1"},"canonical":"https:\/\/martinschloegl.ch\/de\/musik\/termine\/","og_locale":"de_DE","og_type":"article","og_title":"Termine - martinschloegl.ch","og_description":". Termine Konzerte | Workshops | Live Streams Konzerte und Auftritte:&nbsp; \u200bIch bin derzeit in der Planungsphase f\u00fcr die kommenden 3 Jahre (2026 bis 2028).&nbsp; Es wird Konzerte sowohl im sehr kleinen, privaten Rahmen, als auch in etwas gr\u00f6sserem \u00f6ffentlichen Rahmen geben.&nbsp; Ausserdem: wenn Du einen sch\u00f6nen Raum hast (der nicht gross sein muss) oder [&hellip;]","og_url":"https:\/\/martinschloegl.ch\/de\/musik\/termine\/","og_site_name":"martinschloegl.ch","article_modified_time":"2026-03-31T09:47:35+00:00","twitter_card":"summary_large_image","twitter_misc":{"Gesch\u00e4tzte Lesezeit":"1\u00a0Minute"},"schema":{"@context":"https:\/\/schema.org","@graph":[{"@type":"WebPage","@id":"https:\/\/martinschloegl.ch\/de\/musik\/termine\/","url":"https:\/\/martinschloegl.ch\/de\/musik\/termine\/","name":"Termine - martinschloegl.ch","isPartOf":{"@id":"https:\/\/martinschloegl.ch\/#website"},"datePublished":"2024-04-02T04:48:15+00:00","dateModified":"2026-03-31T09:47:35+00:00","breadcrumb":{"@id":"https:\/\/martinschloegl.ch\/de\/musik\/termine\/#breadcrumb"},"inLanguage":"de","potentialAction":[{"@type":"ReadAction","target":["https:\/\/martinschloegl.ch\/de\/musik\/termine\/"]}]},{"@type":"BreadcrumbList","@id":"https:\/\/martinschloegl.ch\/de\/musik\/termine\/#breadcrumb","itemListElement":[{"@type":"ListItem","position":1,"name":"Home","item":"https:\/\/martinschloegl.ch\/de\/"},{"@type":"ListItem","position":2,"name":"Musik","item":"https:\/\/martinschloegl.ch\/de\/?page_id=1670"},{"@type":"ListItem","position":3,"name":"Termine"}]},{"@type":"WebSite","@id":"https:\/\/martinschloegl.ch\/#website","url":"https:\/\/martinschloegl.ch\/","name":"martinschloegl.ch","description":"","potentialAction":[{"@type":"SearchAction","target":{"@type":"EntryPoint","urlTemplate":"https:\/\/martinschloegl.ch\/?s={search_term_string}"},"query-input":{"@type":"PropertyValueSpecification","valueRequired":true,"valueName":"search_term_string"}}],"inLanguage":"de"}]}},"jetpack_sharing_enabled":true,"_links":{"self":[{"href":"https:\/\/martinschloegl.ch\/de\/wp-json\/wp\/v2\/pages\/5185","targetHints":{"allow":["GET"]}}],"collection":[{"href":"https:\/\/martinschloegl.ch\/de\/wp-json\/wp\/v2\/pages"}],"about":[{"href":"https:\/\/martinschloegl.ch\/de\/wp-json\/wp\/v2\/types\/page"}],"author":[{"embeddable":true,"href":"https:\/\/martinschloegl.ch\/de\/wp-json\/wp\/v2\/users\/1"}],"replies":[{"embeddable":true,"href":"https:\/\/martinschloegl.ch\/de\/wp-json\/wp\/v2\/comments?post=5185"}],"version-history":[{"count":10,"href":"https:\/\/martinschloegl.ch\/de\/wp-json\/wp\/v2\/pages\/5185\/revisions"}],"predecessor-version":[{"id":5262,"href":"https:\/\/martinschloegl.ch\/de\/wp-json\/wp\/v2\/pages\/5185\/revisions\/5262"}],"up":[{"embeddable":true,"href":"https:\/\/martinschloegl.ch\/de\/wp-json\/wp\/v2\/pages\/1670"}],"wp:attachment":[{"href":"https:\/\/martinschloegl.ch\/de\/wp-json\/wp\/v2\/media?parent=5185"}],"wp:term":[{"taxonomy":"wf_page_folders","embeddable":true,"href":"https:\/\/martinschloegl.ch\/de\/wp-json\/wp\/v2\/wf_page_folders?post=5185"}],"curies":[{"name":"wp","href":"https:\/\/api.w.org\/{rel}","templated":true}]}}