{"id":723,"date":"2023-10-27T17:24:18","date_gmt":"2023-10-27T15:24:18","guid":{"rendered":"https:\/\/martinschloegl.ch\/ueber\/"},"modified":"2025-03-03T19:40:04","modified_gmt":"2025-03-03T18:40:04","slug":"about","status":"publish","type":"page","link":"https:\/\/martinschloegl.ch\/de\/about\/","title":{"rendered":"\u00dcber"},"content":{"rendered":"<p><span style=\"\"><img decoding=\"async\" alt=\"\" data-id=\"375\" width=\"330\" data-init-width=\"1707\" data-init-height=\"2560\" title=\"1A51603C-6C47-4C25-80FE-AE12F423E03A\" loading=\"lazy\" src=\"https:\/\/martinschloegl.ch\/wp-content\/uploads\/2024\/01\/1A51603C-6C47-4C25-80FE-AE12F423E03A-scaled.jpeg\" data-width=\"330\" style=\"aspect-ratio: auto 1707 \/ 2560;\" data-height=\"495\" height=\"495\" ml-d=\"0\" mt-d=\"-7.5\"><\/span><\/p>\n<p style=\"color: var(--tcb-skin-color-0) !important; --tcb-applied-color: var$(--tcb-skin-color-0) !important;\">Martin Schl\u00f6gl ist vielseitiger und viel-saitiger Musiker und lebt in der Schweiz. Seine vor Allem auf der Gitarre selbstgeschriebene Musik l\u00e4dt auf lebendige und oft auch humorvolle Art und Weise zum Nachdenken und Nachsp\u00fcren ein. Er ist schon lange auf der Suche nach der Wahrheit und versucht, Vorhang f\u00fcr Vorhang zu l\u00fcften, um an diese Wahrheit zu gelangen. Und das f\u00fchrt automatisch dazu, sich mit seinem eigenen Innenleben zu besch\u00e4ftigen. Daraus resultiert Martin\u2019s \u00dcberzeugung, dass wahrer Wandel nur von Innen heraus geschehen kann. Dort hat er zu beginnen. Und das ist die Quelle f\u00fcr alle Inspirationen. Als Singer Songwriter schreibt er Texte in deutscher, englischer und spanischer Sprache. Und manchmal sprechen die Kl\u00e4nge f\u00fcr sich in Form rein akustischer Kompositionen.<\/p>\n<p style=\"color: var(--tcb-skin-color-0) !important; --tcb-applied-color: var$(--tcb-skin-color-0) !important;\">Als klassischer Musik-Quereinsteiger kam Martin zur Musik, da alle vorherigen Versuche, bei einer Sache l\u00e4ngere Zeit zu bleiben, nach sp\u00e4testens 2 Jahren endeten. Er suchte und fragte sich selbst nach Sinnhaftigkeit in dem, was er tat. Und er wollte etwas tun, das ihm auch die n\u00e4chsten 100 Jahre Freude macht. &nbsp;Das Alles fand er nur in der Musik. Sie gab ihm das Gef\u00fchl, etwas Sinnvolles und Gutes zu tun. So ist er seit 2012 &nbsp;mit der Musik als Beruf-ung unterwegs.&nbsp;<\/p>\n<p style=\"color: var(--tcb-skin-color-0) !important; --tcb-applied-color: var$(--tcb-skin-color-0) !important;\">Vertrauen ist ein gro\u00dfes Thema in seinem Leben und spiegelt sich deshalb auch in seiner Musik wider. Er m\u00f6chte mit seinen St\u00fccken inspirieren und motivieren, mutig zu sein, sich selbst mehr zu vertrauen und zu erkennen, dass die Antwort auf jede Frage in sich selbst gefunden werden kann.&nbsp;<\/p>\n<p style=\"color: var(--tcb-skin-color-0) !important; --tcb-applied-color: var$(--tcb-skin-color-0) !important;\">2013 bis 2023 &nbsp;war er mit dem Musikprojekt \u201eXumbalu \u2013 Spiel der Musik\u201c mit einer kunterbunten musikalischen Spielesammlung unterwegs. Egal ob Konzert, Komposition, Body Percussion Workshop, gemeinsames Singen oder Klangbad &#8211; Vielfalt war Programm.&nbsp;<\/p>\n<p style=\"color: var(--tcb-skin-color-0) !important; --tcb-applied-color: var$(--tcb-skin-color-0) !important;\">2020 erschien sein Album \u201eTrust and Devotion\u201c.<\/p>\n<p style=\"color: var(--tcb-skin-color-0) !important; --tcb-applied-color: var$(--tcb-skin-color-0) !important;\">Seit mehr als 20 Jahren unterst\u00fctzt er&nbsp;<a href=\"https:\/\/www.xumbalu.de\/bolivien\/\" style=\"outline: currentcolor;\">zwei bolivianische Schulprojekte<\/a>, indem er Spendengelder f\u00fcr Gitarren sammelt und nach M\u00f6glichkeiten f\u00fcr Unterricht vor Ort sucht.<\/p>\n<p style=\"color: var(--tcb-skin-color-0) !important; --tcb-applied-color: var$(--tcb-skin-color-0) !important;\">Sein Lieblings-Zitat: Frage nicht, was die Welt braucht. <em>Frage Dich selbst, was Dich lebendig macht und tue genau das. Denn das, was die Welt braucht, sind mehr lebendige Menschen. <\/em>(Howard Thurman)<\/p>\n<p dir=\"ltr\" style=\"text-align: left;\">Martin wurde 2022 von <a href=\"https:\/\/www.confidimus.de\" target=\"_blank\" style=\"outline: none;\" rel=\"noopener\">Confidimus<\/a> zu ihrem Podcast &#8222;Angstfrei durchs Leben&#8220; eingeladen. In dieser Episode erf\u00e4hrst Du einiges \u00fcber Martin&#8217;s Reise \ud83d\ude42<\/p>\n<p dir=\"ltr\" style=\"text-align: left;\">Einfach auf den &#8222;Play&#8220; Knopf dr\u00fccken.&nbsp;<\/p>\n<p dir=\"ltr\" style=\"text-align: left;\">\n","protected":false},"excerpt":{"rendered":"<p>Martin Schl\u00f6gl ist vielseitiger und viel-saitiger Musiker und lebt in der Schweiz. Seine vor Allem auf der Gitarre selbstgeschriebene Musik l\u00e4dt auf lebendige und oft auch humorvolle Art und Weise zum Nachdenken und Nachsp\u00fcren ein. Er ist schon lange auf der Suche nach der Wahrheit und versucht, Vorhang f\u00fcr Vorhang zu l\u00fcften, um an diese [&hellip;]<\/p>\n","protected":false},"author":1,"featured_media":0,"parent":0,"menu_order":2,"comment_status":"closed","ping_status":"closed","template":"","meta":{"footnotes":""},"wf_page_folders":[69],"class_list":["post-723","page","type-page","status-publish","hentry","post-wrapper","thrv_wrapper"],"yoast_head":"<!-- This site is optimized with the Yoast SEO plugin v27.3 - https:\/\/yoast.com\/product\/yoast-seo-wordpress\/ -->\n<title>\u00dcber - martinschloegl.ch<\/title>\n<meta name=\"robots\" content=\"index, follow, max-snippet:-1, max-image-preview:large, max-video-preview:-1\" \/>\n<link rel=\"canonical\" href=\"https:\/\/martinschloegl.ch\/about\/\" \/>\n<meta property=\"og:locale\" content=\"de_DE\" \/>\n<meta property=\"og:type\" content=\"article\" \/>\n<meta property=\"og:title\" content=\"\u00dcber - martinschloegl.ch\" \/>\n<meta property=\"og:description\" content=\"Martin Schl\u00f6gl ist vielseitiger und viel-saitiger Musiker und lebt in der Schweiz. Seine vor Allem auf der Gitarre selbstgeschriebene Musik l\u00e4dt auf lebendige und oft auch humorvolle Art und Weise zum Nachdenken und Nachsp\u00fcren ein. Er ist schon lange auf der Suche nach der Wahrheit und versucht, Vorhang f\u00fcr Vorhang zu l\u00fcften, um an diese [&hellip;]\" \/>\n<meta property=\"og:url\" content=\"https:\/\/martinschloegl.ch\/about\/\" \/>\n<meta property=\"og:site_name\" content=\"martinschloegl.ch\" \/>\n<meta property=\"article:modified_time\" content=\"2025-03-03T18:40:04+00:00\" \/>\n<meta property=\"og:image\" content=\"https:\/\/martinschloegl.ch\/wp-content\/uploads\/2024\/01\/1A51603C-6C47-4C25-80FE-AE12F423E03A-scaled.jpeg\" \/>\n<meta name=\"twitter:card\" content=\"summary_large_image\" \/>\n<meta name=\"twitter:label1\" content=\"Gesch\u00e4tzte Lesezeit\" \/>\n\t<meta name=\"twitter:data1\" content=\"3\u00a0Minuten\" \/>\n<script type=\"application\/ld+json\" class=\"yoast-schema-graph\">{\"@context\":\"https:\\\/\\\/schema.org\",\"@graph\":[{\"@type\":\"WebPage\",\"@id\":\"https:\\\/\\\/martinschloegl.ch\\\/about\\\/\",\"url\":\"https:\\\/\\\/martinschloegl.ch\\\/about\\\/\",\"name\":\"\u00dcber - martinschloegl.ch\",\"isPartOf\":{\"@id\":\"https:\\\/\\\/martinschloegl.ch\\\/#website\"},\"primaryImageOfPage\":{\"@id\":\"https:\\\/\\\/martinschloegl.ch\\\/about\\\/#primaryimage\"},\"image\":{\"@id\":\"https:\\\/\\\/martinschloegl.ch\\\/about\\\/#primaryimage\"},\"thumbnailUrl\":\"https:\\\/\\\/martinschloegl.ch\\\/wp-content\\\/uploads\\\/2024\\\/01\\\/1A51603C-6C47-4C25-80FE-AE12F423E03A-scaled.jpeg\",\"datePublished\":\"2023-10-27T15:24:18+00:00\",\"dateModified\":\"2025-03-03T18:40:04+00:00\",\"breadcrumb\":{\"@id\":\"https:\\\/\\\/martinschloegl.ch\\\/about\\\/#breadcrumb\"},\"inLanguage\":\"de\",\"potentialAction\":[{\"@type\":\"ReadAction\",\"target\":[\"https:\\\/\\\/martinschloegl.ch\\\/about\\\/\"]}]},{\"@type\":\"ImageObject\",\"inLanguage\":\"de\",\"@id\":\"https:\\\/\\\/martinschloegl.ch\\\/about\\\/#primaryimage\",\"url\":\"https:\\\/\\\/martinschloegl.ch\\\/wp-content\\\/uploads\\\/2024\\\/01\\\/1A51603C-6C47-4C25-80FE-AE12F423E03A-scaled.jpeg\",\"contentUrl\":\"https:\\\/\\\/martinschloegl.ch\\\/wp-content\\\/uploads\\\/2024\\\/01\\\/1A51603C-6C47-4C25-80FE-AE12F423E03A-scaled.jpeg\"},{\"@type\":\"BreadcrumbList\",\"@id\":\"https:\\\/\\\/martinschloegl.ch\\\/about\\\/#breadcrumb\",\"itemListElement\":[{\"@type\":\"ListItem\",\"position\":1,\"name\":\"Home\",\"item\":\"https:\\\/\\\/martinschloegl.ch\\\/de\\\/\"},{\"@type\":\"ListItem\",\"position\":2,\"name\":\"\u00dcber\"}]},{\"@type\":\"WebSite\",\"@id\":\"https:\\\/\\\/martinschloegl.ch\\\/#website\",\"url\":\"https:\\\/\\\/martinschloegl.ch\\\/\",\"name\":\"martinschloegl.ch\",\"description\":\"\",\"potentialAction\":[{\"@type\":\"SearchAction\",\"target\":{\"@type\":\"EntryPoint\",\"urlTemplate\":\"https:\\\/\\\/martinschloegl.ch\\\/?s={search_term_string}\"},\"query-input\":{\"@type\":\"PropertyValueSpecification\",\"valueRequired\":true,\"valueName\":\"search_term_string\"}}],\"inLanguage\":\"de\"}]}<\/script>\n<!-- \/ Yoast SEO plugin. -->","yoast_head_json":{"title":"\u00dcber - martinschloegl.ch","robots":{"index":"index","follow":"follow","max-snippet":"max-snippet:-1","max-image-preview":"max-image-preview:large","max-video-preview":"max-video-preview:-1"},"canonical":"https:\/\/martinschloegl.ch\/about\/","og_locale":"de_DE","og_type":"article","og_title":"\u00dcber - martinschloegl.ch","og_description":"Martin Schl\u00f6gl ist vielseitiger und viel-saitiger Musiker und lebt in der Schweiz. Seine vor Allem auf der Gitarre selbstgeschriebene Musik l\u00e4dt auf lebendige und oft auch humorvolle Art und Weise zum Nachdenken und Nachsp\u00fcren ein. Er ist schon lange auf der Suche nach der Wahrheit und versucht, Vorhang f\u00fcr Vorhang zu l\u00fcften, um an diese [&hellip;]","og_url":"https:\/\/martinschloegl.ch\/about\/","og_site_name":"martinschloegl.ch","article_modified_time":"2025-03-03T18:40:04+00:00","og_image":[{"url":"https:\/\/martinschloegl.ch\/wp-content\/uploads\/2024\/01\/1A51603C-6C47-4C25-80FE-AE12F423E03A-scaled.jpeg","type":"","width":"","height":""}],"twitter_card":"summary_large_image","twitter_misc":{"Gesch\u00e4tzte Lesezeit":"3\u00a0Minuten"},"schema":{"@context":"https:\/\/schema.org","@graph":[{"@type":"WebPage","@id":"https:\/\/martinschloegl.ch\/about\/","url":"https:\/\/martinschloegl.ch\/about\/","name":"\u00dcber - martinschloegl.ch","isPartOf":{"@id":"https:\/\/martinschloegl.ch\/#website"},"primaryImageOfPage":{"@id":"https:\/\/martinschloegl.ch\/about\/#primaryimage"},"image":{"@id":"https:\/\/martinschloegl.ch\/about\/#primaryimage"},"thumbnailUrl":"https:\/\/martinschloegl.ch\/wp-content\/uploads\/2024\/01\/1A51603C-6C47-4C25-80FE-AE12F423E03A-scaled.jpeg","datePublished":"2023-10-27T15:24:18+00:00","dateModified":"2025-03-03T18:40:04+00:00","breadcrumb":{"@id":"https:\/\/martinschloegl.ch\/about\/#breadcrumb"},"inLanguage":"de","potentialAction":[{"@type":"ReadAction","target":["https:\/\/martinschloegl.ch\/about\/"]}]},{"@type":"ImageObject","inLanguage":"de","@id":"https:\/\/martinschloegl.ch\/about\/#primaryimage","url":"https:\/\/martinschloegl.ch\/wp-content\/uploads\/2024\/01\/1A51603C-6C47-4C25-80FE-AE12F423E03A-scaled.jpeg","contentUrl":"https:\/\/martinschloegl.ch\/wp-content\/uploads\/2024\/01\/1A51603C-6C47-4C25-80FE-AE12F423E03A-scaled.jpeg"},{"@type":"BreadcrumbList","@id":"https:\/\/martinschloegl.ch\/about\/#breadcrumb","itemListElement":[{"@type":"ListItem","position":1,"name":"Home","item":"https:\/\/martinschloegl.ch\/de\/"},{"@type":"ListItem","position":2,"name":"\u00dcber"}]},{"@type":"WebSite","@id":"https:\/\/martinschloegl.ch\/#website","url":"https:\/\/martinschloegl.ch\/","name":"martinschloegl.ch","description":"","potentialAction":[{"@type":"SearchAction","target":{"@type":"EntryPoint","urlTemplate":"https:\/\/martinschloegl.ch\/?s={search_term_string}"},"query-input":{"@type":"PropertyValueSpecification","valueRequired":true,"valueName":"search_term_string"}}],"inLanguage":"de"}]}},"jetpack_sharing_enabled":true,"_links":{"self":[{"href":"https:\/\/martinschloegl.ch\/de\/wp-json\/wp\/v2\/pages\/723","targetHints":{"allow":["GET"]}}],"collection":[{"href":"https:\/\/martinschloegl.ch\/de\/wp-json\/wp\/v2\/pages"}],"about":[{"href":"https:\/\/martinschloegl.ch\/de\/wp-json\/wp\/v2\/types\/page"}],"author":[{"embeddable":true,"href":"https:\/\/martinschloegl.ch\/de\/wp-json\/wp\/v2\/users\/1"}],"replies":[{"embeddable":true,"href":"https:\/\/martinschloegl.ch\/de\/wp-json\/wp\/v2\/comments?post=723"}],"version-history":[{"count":4,"href":"https:\/\/martinschloegl.ch\/de\/wp-json\/wp\/v2\/pages\/723\/revisions"}],"predecessor-version":[{"id":1673,"href":"https:\/\/martinschloegl.ch\/de\/wp-json\/wp\/v2\/pages\/723\/revisions\/1673"}],"wp:attachment":[{"href":"https:\/\/martinschloegl.ch\/de\/wp-json\/wp\/v2\/media?parent=723"}],"wp:term":[{"taxonomy":"wf_page_folders","embeddable":true,"href":"https:\/\/martinschloegl.ch\/de\/wp-json\/wp\/v2\/wf_page_folders?post=723"}],"curies":[{"name":"wp","href":"https:\/\/api.w.org\/{rel}","templated":true}]}}