{"id":726,"date":"2023-10-25T17:09:16","date_gmt":"2023-10-25T15:09:16","guid":{"rendered":"https:\/\/martinschloegl.ch\/songs\/"},"modified":"2025-08-22T12:33:53","modified_gmt":"2025-08-22T10:33:53","slug":"songs","status":"publish","type":"page","link":"https:\/\/martinschloegl.ch\/de\/musik\/songs\/","title":{"rendered":"Solo"},"content":{"rendered":"<h3 style=\"color: var(--tcb-skin-color-0)  !important; --tcb-applied-color: var$(--tcb-skin-color-0)  !important;\">Solo<\/h3>\n<p style=\"color: var(--tcb-skin-color-0)  !important; --tcb-applied-color: var$(--tcb-skin-color-0)  !important;\">Seit vielen Jahren schreibe ich eigene Songs. Sie helfen mir, Dinge zu verarbeiten, besser zu verstehen und zu integrieren. Ein paar wurden im Laufe der Zeit auch aufgenommen. War es mir fr\u00fcher ziemlich egal bzw. unwichtig, ob die Songs aufgenommen sind oder nicht, so hat sich diese Ansicht mittlerweile ge\u00e4ndert. Ich hatte vor ein paar Jahren ein Aha-Erlebnis, von dem ich bald einmal erz\u00e4hlen werde. Seitdem nehme ich meine Songs auf, wenn ich \u200bkann.&nbsp;<\/p>\n<p style=\"color: var(--tcb-skin-color-0)  !important; --tcb-applied-color: var$(--tcb-skin-color-0)  !important;\">Auf dieser Seite findest Du ein paar meiner Aufnahmen. Ich hoffe, Du hast Freude daran, sie zu h\u00f6ren und in sie einzutauchen.&nbsp;<\/p>\n<p style=\"color: var(--tcb-skin-color-0)  !important; --tcb-applied-color: var$(--tcb-skin-color-0)  !important;\"><span style=\"--tcb-applied-color: var$(--tcb-skin-color-0)   !important; color: var(--tcb-skin-color-0)  !important;\">Ausserdem findest Du unter <\/span><span style=\"--tcb-applied-color: rgb(1, 23, 54)    !important; color: rgb(1, 23, 54) !important;\"><a data-tcb_hover_state_parent=\"\" href=\"https:\/\/martinschloegl.ch\/de\/musik\/videos\/\" style=\"outline: none;\">Videos<\/a><\/span><span style=\"--tcb-applied-color: var$(--tcb-skin-color-0)   !important; color: var(--tcb-skin-color-0)  !important;\">&nbsp;<\/span><span style=\"--tcb-applied-color: var$(--tcb-skin-color-0)   !important; color: var(--tcb-skin-color-0)  !important;\">&nbsp;1 Stunde Instrumentalmusik von mir &#8211; eine Einladung zum Ein- und Abtauchen in die Musik.&nbsp;<\/span><\/p>\n<p style=\"color: var(--tcb-skin-color-0)  !important; --tcb-applied-color: var$(--tcb-skin-color-0)  !important;\"><span style=\"--tcb-applied-color: var$(--tcb-skin-color-0)   !important; color: var(--tcb-skin-color-0)  !important;\">Wenn Du \u00fcber Neuigkeiten wie z. B. neue Aufnahemen informiert werden m\u00f6chtest, trag Dich am Besten f\u00fcr den <a data-tcb_hover_state_parent=\"\" href=\"https:\/\/martinschloegl.ch\/de\/nl-subscription\/\" style=\"outline: none;\">Newsletter<\/a> ein. <\/span><\/p>\n<p>Hier findest Du meine Musik.<\/p>\n","protected":false},"excerpt":{"rendered":"<p>Solo Seit vielen Jahren schreibe ich eigene Songs. Sie helfen mir, Dinge zu verarbeiten, besser zu verstehen und zu integrieren. Ein paar wurden im Laufe der Zeit auch aufgenommen. War es mir fr\u00fcher ziemlich egal bzw. unwichtig, ob die Songs aufgenommen sind oder nicht, so hat sich diese Ansicht mittlerweile ge\u00e4ndert. Ich hatte vor ein [&hellip;]<\/p>\n","protected":false},"author":1,"featured_media":0,"parent":1670,"menu_order":21,"comment_status":"closed","ping_status":"closed","template":"","meta":{"footnotes":""},"wf_page_folders":[69],"class_list":["post-726","page","type-page","status-publish","hentry","post-wrapper","thrv_wrapper"],"yoast_head":"<!-- This site is optimized with the Yoast SEO plugin v27.3 - https:\/\/yoast.com\/product\/yoast-seo-wordpress\/ -->\n<title>Solo - martinschloegl.ch<\/title>\n<meta name=\"robots\" content=\"index, follow, max-snippet:-1, max-image-preview:large, max-video-preview:-1\" \/>\n<link rel=\"canonical\" href=\"https:\/\/martinschloegl.ch\/de\/musik__trashed\/songs\/\" \/>\n<meta property=\"og:locale\" content=\"de_DE\" \/>\n<meta property=\"og:type\" content=\"article\" \/>\n<meta property=\"og:title\" content=\"Solo - martinschloegl.ch\" \/>\n<meta property=\"og:description\" content=\"Solo Seit vielen Jahren schreibe ich eigene Songs. Sie helfen mir, Dinge zu verarbeiten, besser zu verstehen und zu integrieren. Ein paar wurden im Laufe der Zeit auch aufgenommen. War es mir fr\u00fcher ziemlich egal bzw. unwichtig, ob die Songs aufgenommen sind oder nicht, so hat sich diese Ansicht mittlerweile ge\u00e4ndert. Ich hatte vor ein [&hellip;]\" \/>\n<meta property=\"og:url\" content=\"https:\/\/martinschloegl.ch\/de\/musik__trashed\/songs\/\" \/>\n<meta property=\"og:site_name\" content=\"martinschloegl.ch\" \/>\n<meta property=\"article:modified_time\" content=\"2025-08-22T10:33:53+00:00\" \/>\n<meta name=\"twitter:card\" content=\"summary_large_image\" \/>\n<meta name=\"twitter:label1\" content=\"Gesch\u00e4tzte Lesezeit\" \/>\n\t<meta name=\"twitter:data1\" content=\"2\u00a0Minuten\" \/>\n<script type=\"application\/ld+json\" class=\"yoast-schema-graph\">{\"@context\":\"https:\\\/\\\/schema.org\",\"@graph\":[{\"@type\":\"WebPage\",\"@id\":\"https:\\\/\\\/martinschloegl.ch\\\/de\\\/musik__trashed\\\/songs\\\/\",\"url\":\"https:\\\/\\\/martinschloegl.ch\\\/de\\\/musik__trashed\\\/songs\\\/\",\"name\":\"Solo - martinschloegl.ch\",\"isPartOf\":{\"@id\":\"https:\\\/\\\/martinschloegl.ch\\\/#website\"},\"datePublished\":\"2023-10-25T15:09:16+00:00\",\"dateModified\":\"2025-08-22T10:33:53+00:00\",\"breadcrumb\":{\"@id\":\"https:\\\/\\\/martinschloegl.ch\\\/de\\\/musik__trashed\\\/songs\\\/#breadcrumb\"},\"inLanguage\":\"de\",\"potentialAction\":[{\"@type\":\"ReadAction\",\"target\":[\"https:\\\/\\\/martinschloegl.ch\\\/de\\\/musik__trashed\\\/songs\\\/\"]}]},{\"@type\":\"BreadcrumbList\",\"@id\":\"https:\\\/\\\/martinschloegl.ch\\\/de\\\/musik__trashed\\\/songs\\\/#breadcrumb\",\"itemListElement\":[{\"@type\":\"ListItem\",\"position\":1,\"name\":\"Home\",\"item\":\"https:\\\/\\\/martinschloegl.ch\\\/de\\\/\"},{\"@type\":\"ListItem\",\"position\":2,\"name\":\"Musik\",\"item\":\"https:\\\/\\\/martinschloegl.ch\\\/de\\\/?page_id=1670\"},{\"@type\":\"ListItem\",\"position\":3,\"name\":\"Solo\"}]},{\"@type\":\"WebSite\",\"@id\":\"https:\\\/\\\/martinschloegl.ch\\\/#website\",\"url\":\"https:\\\/\\\/martinschloegl.ch\\\/\",\"name\":\"martinschloegl.ch\",\"description\":\"\",\"potentialAction\":[{\"@type\":\"SearchAction\",\"target\":{\"@type\":\"EntryPoint\",\"urlTemplate\":\"https:\\\/\\\/martinschloegl.ch\\\/?s={search_term_string}\"},\"query-input\":{\"@type\":\"PropertyValueSpecification\",\"valueRequired\":true,\"valueName\":\"search_term_string\"}}],\"inLanguage\":\"de\"}]}<\/script>\n<!-- \/ Yoast SEO plugin. -->","yoast_head_json":{"title":"Solo - martinschloegl.ch","robots":{"index":"index","follow":"follow","max-snippet":"max-snippet:-1","max-image-preview":"max-image-preview:large","max-video-preview":"max-video-preview:-1"},"canonical":"https:\/\/martinschloegl.ch\/de\/musik__trashed\/songs\/","og_locale":"de_DE","og_type":"article","og_title":"Solo - martinschloegl.ch","og_description":"Solo Seit vielen Jahren schreibe ich eigene Songs. Sie helfen mir, Dinge zu verarbeiten, besser zu verstehen und zu integrieren. Ein paar wurden im Laufe der Zeit auch aufgenommen. War es mir fr\u00fcher ziemlich egal bzw. unwichtig, ob die Songs aufgenommen sind oder nicht, so hat sich diese Ansicht mittlerweile ge\u00e4ndert. Ich hatte vor ein [&hellip;]","og_url":"https:\/\/martinschloegl.ch\/de\/musik__trashed\/songs\/","og_site_name":"martinschloegl.ch","article_modified_time":"2025-08-22T10:33:53+00:00","twitter_card":"summary_large_image","twitter_misc":{"Gesch\u00e4tzte Lesezeit":"2\u00a0Minuten"},"schema":{"@context":"https:\/\/schema.org","@graph":[{"@type":"WebPage","@id":"https:\/\/martinschloegl.ch\/de\/musik__trashed\/songs\/","url":"https:\/\/martinschloegl.ch\/de\/musik__trashed\/songs\/","name":"Solo - martinschloegl.ch","isPartOf":{"@id":"https:\/\/martinschloegl.ch\/#website"},"datePublished":"2023-10-25T15:09:16+00:00","dateModified":"2025-08-22T10:33:53+00:00","breadcrumb":{"@id":"https:\/\/martinschloegl.ch\/de\/musik__trashed\/songs\/#breadcrumb"},"inLanguage":"de","potentialAction":[{"@type":"ReadAction","target":["https:\/\/martinschloegl.ch\/de\/musik__trashed\/songs\/"]}]},{"@type":"BreadcrumbList","@id":"https:\/\/martinschloegl.ch\/de\/musik__trashed\/songs\/#breadcrumb","itemListElement":[{"@type":"ListItem","position":1,"name":"Home","item":"https:\/\/martinschloegl.ch\/de\/"},{"@type":"ListItem","position":2,"name":"Musik","item":"https:\/\/martinschloegl.ch\/de\/?page_id=1670"},{"@type":"ListItem","position":3,"name":"Solo"}]},{"@type":"WebSite","@id":"https:\/\/martinschloegl.ch\/#website","url":"https:\/\/martinschloegl.ch\/","name":"martinschloegl.ch","description":"","potentialAction":[{"@type":"SearchAction","target":{"@type":"EntryPoint","urlTemplate":"https:\/\/martinschloegl.ch\/?s={search_term_string}"},"query-input":{"@type":"PropertyValueSpecification","valueRequired":true,"valueName":"search_term_string"}}],"inLanguage":"de"}]}},"jetpack_sharing_enabled":true,"_links":{"self":[{"href":"https:\/\/martinschloegl.ch\/de\/wp-json\/wp\/v2\/pages\/726","targetHints":{"allow":["GET"]}}],"collection":[{"href":"https:\/\/martinschloegl.ch\/de\/wp-json\/wp\/v2\/pages"}],"about":[{"href":"https:\/\/martinschloegl.ch\/de\/wp-json\/wp\/v2\/types\/page"}],"author":[{"embeddable":true,"href":"https:\/\/martinschloegl.ch\/de\/wp-json\/wp\/v2\/users\/1"}],"replies":[{"embeddable":true,"href":"https:\/\/martinschloegl.ch\/de\/wp-json\/wp\/v2\/comments?post=726"}],"version-history":[{"count":10,"href":"https:\/\/martinschloegl.ch\/de\/wp-json\/wp\/v2\/pages\/726\/revisions"}],"predecessor-version":[{"id":3845,"href":"https:\/\/martinschloegl.ch\/de\/wp-json\/wp\/v2\/pages\/726\/revisions\/3845"}],"up":[{"embeddable":true,"href":"https:\/\/martinschloegl.ch\/de\/wp-json\/wp\/v2\/pages\/1670"}],"wp:attachment":[{"href":"https:\/\/martinschloegl.ch\/de\/wp-json\/wp\/v2\/media?parent=726"}],"wp:term":[{"taxonomy":"wf_page_folders","embeddable":true,"href":"https:\/\/martinschloegl.ch\/de\/wp-json\/wp\/v2\/wf_page_folders?post=726"}],"curies":[{"name":"wp","href":"https:\/\/api.w.org\/{rel}","templated":true}]}}