{"id":728,"date":"2024-02-18T17:03:22","date_gmt":"2024-02-18T16:03:22","guid":{"rendered":"https:\/\/martinschloegl.ch\/videos\/"},"modified":"2025-08-16T10:22:38","modified_gmt":"2025-08-16T08:22:38","slug":"videos","status":"publish","type":"page","link":"https:\/\/martinschloegl.ch\/de\/musik\/videos\/","title":{"rendered":"Videos"},"content":{"rendered":"<h2 style=\"text-align: center;\">Videos<\/h2>\n<p dir=\"ltr\">Wenn Musik auf Bilder in Bewegung trifft, passiert etwas Magisches. Es ist nicht einfach 1 (Musik) + 1 (Bilder in Bewegung) = 2, sondern so viel mehr.&nbsp;<\/p>\n<p dir=\"ltr\">Ich hoffe, Dir gefallen diese Kunstst\u00fccke und wirst von ihnen auf die ein oder andere Art und Weise inspiriert. <\/p>\n<p dir=\"ltr\">\n<p dir=\"ltr\">Desweiteren findest eine ganze Reihe kleiner und k\u00fcrzerer Videos, die ich auf den Kan\u00e4len der sozialen Medien ver\u00f6ffentlich habe. Die Links zu den Kan\u00e4len findest Du weiter unten auf dieser Seite. W\u00fcrde mich freuen, Dich dort auch &#8222;zu sehen&#8220;.&nbsp;<\/p>\n","protected":false},"excerpt":{"rendered":"<p>Videos Wenn Musik auf Bilder in Bewegung trifft, passiert etwas Magisches. Es ist nicht einfach 1 (Musik) + 1 (Bilder in Bewegung) = 2, sondern so viel mehr.&nbsp; Ich hoffe, Dir gefallen diese Kunstst\u00fccke und wirst von ihnen auf die ein oder andere Art und Weise inspiriert. Desweiteren findest eine ganze Reihe kleiner und k\u00fcrzerer [&hellip;]<\/p>\n","protected":false},"author":1,"featured_media":0,"parent":1670,"menu_order":32,"comment_status":"closed","ping_status":"closed","template":"","meta":{"footnotes":""},"wf_page_folders":[69],"class_list":["post-728","page","type-page","status-publish","hentry","post-wrapper","thrv_wrapper"],"yoast_head":"<!-- This site is optimized with the Yoast SEO plugin v27.3 - https:\/\/yoast.com\/product\/yoast-seo-wordpress\/ -->\n<title>Videos - martinschloegl.ch<\/title>\n<meta name=\"robots\" content=\"index, follow, max-snippet:-1, max-image-preview:large, max-video-preview:-1\" \/>\n<link rel=\"canonical\" href=\"https:\/\/martinschloegl.ch\/de\/musik__trashed\/videos\/\" \/>\n<meta property=\"og:locale\" content=\"de_DE\" \/>\n<meta property=\"og:type\" content=\"article\" \/>\n<meta property=\"og:title\" content=\"Videos - martinschloegl.ch\" \/>\n<meta property=\"og:description\" content=\"Videos Wenn Musik auf Bilder in Bewegung trifft, passiert etwas Magisches. Es ist nicht einfach 1 (Musik) + 1 (Bilder in Bewegung) = 2, sondern so viel mehr.&nbsp; Ich hoffe, Dir gefallen diese Kunstst\u00fccke und wirst von ihnen auf die ein oder andere Art und Weise inspiriert. Desweiteren findest eine ganze Reihe kleiner und k\u00fcrzerer [&hellip;]\" \/>\n<meta property=\"og:url\" content=\"https:\/\/martinschloegl.ch\/de\/musik__trashed\/videos\/\" \/>\n<meta property=\"og:site_name\" content=\"martinschloegl.ch\" \/>\n<meta property=\"article:modified_time\" content=\"2025-08-16T08:22:38+00:00\" \/>\n<meta name=\"twitter:card\" content=\"summary_large_image\" \/>\n<script type=\"application\/ld+json\" class=\"yoast-schema-graph\">{\"@context\":\"https:\\\/\\\/schema.org\",\"@graph\":[{\"@type\":\"WebPage\",\"@id\":\"https:\\\/\\\/martinschloegl.ch\\\/de\\\/musik__trashed\\\/videos\\\/\",\"url\":\"https:\\\/\\\/martinschloegl.ch\\\/de\\\/musik__trashed\\\/videos\\\/\",\"name\":\"Videos - martinschloegl.ch\",\"isPartOf\":{\"@id\":\"https:\\\/\\\/martinschloegl.ch\\\/#website\"},\"datePublished\":\"2024-02-18T16:03:22+00:00\",\"dateModified\":\"2025-08-16T08:22:38+00:00\",\"breadcrumb\":{\"@id\":\"https:\\\/\\\/martinschloegl.ch\\\/de\\\/musik__trashed\\\/videos\\\/#breadcrumb\"},\"inLanguage\":\"de\",\"potentialAction\":[{\"@type\":\"ReadAction\",\"target\":[\"https:\\\/\\\/martinschloegl.ch\\\/de\\\/musik__trashed\\\/videos\\\/\"]}]},{\"@type\":\"BreadcrumbList\",\"@id\":\"https:\\\/\\\/martinschloegl.ch\\\/de\\\/musik__trashed\\\/videos\\\/#breadcrumb\",\"itemListElement\":[{\"@type\":\"ListItem\",\"position\":1,\"name\":\"Home\",\"item\":\"https:\\\/\\\/martinschloegl.ch\\\/de\\\/\"},{\"@type\":\"ListItem\",\"position\":2,\"name\":\"Musik\",\"item\":\"https:\\\/\\\/martinschloegl.ch\\\/de\\\/?page_id=1670\"},{\"@type\":\"ListItem\",\"position\":3,\"name\":\"Videos\"}]},{\"@type\":\"WebSite\",\"@id\":\"https:\\\/\\\/martinschloegl.ch\\\/#website\",\"url\":\"https:\\\/\\\/martinschloegl.ch\\\/\",\"name\":\"martinschloegl.ch\",\"description\":\"\",\"potentialAction\":[{\"@type\":\"SearchAction\",\"target\":{\"@type\":\"EntryPoint\",\"urlTemplate\":\"https:\\\/\\\/martinschloegl.ch\\\/?s={search_term_string}\"},\"query-input\":{\"@type\":\"PropertyValueSpecification\",\"valueRequired\":true,\"valueName\":\"search_term_string\"}}],\"inLanguage\":\"de\"}]}<\/script>\n<!-- \/ Yoast SEO plugin. -->","yoast_head_json":{"title":"Videos - martinschloegl.ch","robots":{"index":"index","follow":"follow","max-snippet":"max-snippet:-1","max-image-preview":"max-image-preview:large","max-video-preview":"max-video-preview:-1"},"canonical":"https:\/\/martinschloegl.ch\/de\/musik__trashed\/videos\/","og_locale":"de_DE","og_type":"article","og_title":"Videos - martinschloegl.ch","og_description":"Videos Wenn Musik auf Bilder in Bewegung trifft, passiert etwas Magisches. Es ist nicht einfach 1 (Musik) + 1 (Bilder in Bewegung) = 2, sondern so viel mehr.&nbsp; Ich hoffe, Dir gefallen diese Kunstst\u00fccke und wirst von ihnen auf die ein oder andere Art und Weise inspiriert. Desweiteren findest eine ganze Reihe kleiner und k\u00fcrzerer [&hellip;]","og_url":"https:\/\/martinschloegl.ch\/de\/musik__trashed\/videos\/","og_site_name":"martinschloegl.ch","article_modified_time":"2025-08-16T08:22:38+00:00","twitter_card":"summary_large_image","schema":{"@context":"https:\/\/schema.org","@graph":[{"@type":"WebPage","@id":"https:\/\/martinschloegl.ch\/de\/musik__trashed\/videos\/","url":"https:\/\/martinschloegl.ch\/de\/musik__trashed\/videos\/","name":"Videos - martinschloegl.ch","isPartOf":{"@id":"https:\/\/martinschloegl.ch\/#website"},"datePublished":"2024-02-18T16:03:22+00:00","dateModified":"2025-08-16T08:22:38+00:00","breadcrumb":{"@id":"https:\/\/martinschloegl.ch\/de\/musik__trashed\/videos\/#breadcrumb"},"inLanguage":"de","potentialAction":[{"@type":"ReadAction","target":["https:\/\/martinschloegl.ch\/de\/musik__trashed\/videos\/"]}]},{"@type":"BreadcrumbList","@id":"https:\/\/martinschloegl.ch\/de\/musik__trashed\/videos\/#breadcrumb","itemListElement":[{"@type":"ListItem","position":1,"name":"Home","item":"https:\/\/martinschloegl.ch\/de\/"},{"@type":"ListItem","position":2,"name":"Musik","item":"https:\/\/martinschloegl.ch\/de\/?page_id=1670"},{"@type":"ListItem","position":3,"name":"Videos"}]},{"@type":"WebSite","@id":"https:\/\/martinschloegl.ch\/#website","url":"https:\/\/martinschloegl.ch\/","name":"martinschloegl.ch","description":"","potentialAction":[{"@type":"SearchAction","target":{"@type":"EntryPoint","urlTemplate":"https:\/\/martinschloegl.ch\/?s={search_term_string}"},"query-input":{"@type":"PropertyValueSpecification","valueRequired":true,"valueName":"search_term_string"}}],"inLanguage":"de"}]}},"jetpack_sharing_enabled":true,"_links":{"self":[{"href":"https:\/\/martinschloegl.ch\/de\/wp-json\/wp\/v2\/pages\/728","targetHints":{"allow":["GET"]}}],"collection":[{"href":"https:\/\/martinschloegl.ch\/de\/wp-json\/wp\/v2\/pages"}],"about":[{"href":"https:\/\/martinschloegl.ch\/de\/wp-json\/wp\/v2\/types\/page"}],"author":[{"embeddable":true,"href":"https:\/\/martinschloegl.ch\/de\/wp-json\/wp\/v2\/users\/1"}],"replies":[{"embeddable":true,"href":"https:\/\/martinschloegl.ch\/de\/wp-json\/wp\/v2\/comments?post=728"}],"version-history":[{"count":9,"href":"https:\/\/martinschloegl.ch\/de\/wp-json\/wp\/v2\/pages\/728\/revisions"}],"predecessor-version":[{"id":3585,"href":"https:\/\/martinschloegl.ch\/de\/wp-json\/wp\/v2\/pages\/728\/revisions\/3585"}],"up":[{"embeddable":true,"href":"https:\/\/martinschloegl.ch\/de\/wp-json\/wp\/v2\/pages\/1670"}],"wp:attachment":[{"href":"https:\/\/martinschloegl.ch\/de\/wp-json\/wp\/v2\/media?parent=728"}],"wp:term":[{"taxonomy":"wf_page_folders","embeddable":true,"href":"https:\/\/martinschloegl.ch\/de\/wp-json\/wp\/v2\/wf_page_folders?post=728"}],"curies":[{"name":"wp","href":"https:\/\/api.w.org\/{rel}","templated":true}]}}