{"id":735,"date":"2023-05-01T17:11:38","date_gmt":"2023-05-01T15:11:38","guid":{"rendered":"https:\/\/martinschloegl.ch\/privacy-policy\/"},"modified":"2025-01-07T14:04:52","modified_gmt":"2025-01-07T13:04:52","slug":"privacy-policy","status":"publish","type":"page","link":"https:\/\/martinschloegl.ch\/de\/privacy-policy\/","title":{"rendered":"privacy policy"},"content":{"rendered":"<p><b>Datenschutzerkl\u00e4rung f\u00fcr https:\/\/martinschloegl.ch<\/b><\/p>\n<p><span style=\"font-weight: 400;\">Letztes Update: 1. Juni 2024 <\/span><span style=\"font-weight: 400;\"><br \/>\n<\/span><span style=\"font-weight: 400;\"><br \/>\n<\/span><span style=\"font-weight: 400;\">Martin Schl\u00f6gl (Einzelunternehmen)<\/span><span style=\"font-weight: 400;\"><br \/>\n<\/span><span style=\"font-weight: 400;\">Oberstrasse 16, CH-8274 T\u00e4gerwilen<\/span><span style=\"font-weight: 400;\"><br \/>\n<\/span><span style=\"font-weight: 400;\">Email: info@martinschloegl.ch<\/span><span style=\"font-weight: 400;\"><br \/>\n<\/span><\/p>\n<p><strong>Datenschutzerkl\u00e4rung<\/strong><\/p>\n<p><span style=\"font-weight: 400;\">\u201cMartin Schl\u00f6gl &#8211; music to remember\u201d (&#8222;wir&#8220;, &#8222;uns&#8220; oder &#8222;unser&#8220;) betreibt die Website <\/span><a href=\"https:\/\/martinschloegl.ch\/\"><span style=\"font-weight: 400;\">https:\/\/martinschloegl.ch\/<\/span><\/a><span style=\"font-weight: 400;\">. <\/span><span style=\"font-weight: 400;\"><br \/>\n<\/span><span style=\"font-weight: 400;\">Diese Seite informiert Sie \u00fcber unsere Richtlinien zur Erhebung, Nutzung und Offenlegung von personenbezogenen Daten, die wir von Benutzern der Website erhalten.<\/span><\/p>\n<p><b>Informationssammlung und -verwendung<\/b><\/p>\n<p><span style=\"font-weight: 400;\">Wenn Sie unsere Website nutzen, k\u00f6nnen wir Sie bitten, uns bestimmte personenbezogene Daten zur Verf\u00fcgung zu stellen, die dazu verwendet werden k\u00f6nnen, Sie zu kontaktieren oder zu identifizieren. Personenbezogene Daten k\u00f6nnen unter anderem Ihren Namen, Ihre E-Mail-Adresse und Ihre Telefonnummer (&#8222;Personenbezogene Informationen&#8220;) umfassen.<\/span><\/p>\n<p><b>Protokolldaten<\/b><\/p>\n<p><span style=\"font-weight: 400;\">Wie viele Website-Betreiber erfassen wir Informationen, die Ihr Browser sendet, wenn Sie unsere Website besuchen (&#8222;Protokolldaten&#8220;). Diese Protokolldaten k\u00f6nnen Informationen wie Ihre IP-Adresse, den Browsertyp, die Browserversion, die besuchten Seiten unserer Website, die Uhrzeit und das Datum Ihres Besuchs, die auf diesen Seiten verbrachte Zeit und andere Statistiken umfassen.<\/span><\/p>\n<p><b>Cookies<\/b><\/p>\n<p><span style=\"font-weight: 400;\">Cookies sind Dateien mit einer geringen Datenmenge, die einen anonymen eindeutigen Identifikator enthalten k\u00f6nnen. Cookies werden von einer Website an Ihren Browser gesendet und auf der Festplatte Ihres Computers gespeichert.<\/span><\/p>\n<p><span style=\"font-weight: 400;\">Wie viele Websites verwenden wir &#8222;Cookies&#8220;, um Informationen zu sammeln. Sie k\u00f6nnen Ihren Browser anweisen, alle Cookies abzulehnen oder anzuzeigen, wenn ein Cookie gesendet wird. Wenn Sie jedoch keine Cookies akzeptieren, k\u00f6nnen Sie m\u00f6glicherweise einige Teile unserer Website nicht nutzen.<\/span><\/p>\n<p><b>Drittanbieterdienste<\/b><\/p>\n<p><span style=\"font-weight: 400;\">Wir k\u00f6nnen Drittanbieterdienste wie Google Analytics und Facebook Pixel verwenden, um die Nutzung unserer Website zu erfassen, zu \u00fcberwachen und zu analysieren.<\/span><\/p>\n<p><span style=\"font-weight: 400;\">Google Analytics ist ein Webanalysedienst von Google, der den Datenverkehr auf unserer Website verfolgt und meldet. Google verwendet die erfassten Daten, um die Nutzung unserer Website zu verfolgen und zu \u00fcberwachen. Diese Daten werden auch mit anderen Google-Diensten geteilt. Google kann die erfassten Daten verwenden, um Werbung in seinem eigenen Werbenetzwerk zu personalisieren und anzupassen.<\/span><\/p>\n<p><span style=\"font-weight: 400;\">F\u00fcr weitere Informationen zu den Datenschutzpraktiken von Google besuchen Sie bitte die Datenschutzrichtlinie von Google:<\/span><a href=\"https:\/\/policies.google.com\/privacy?hl=de\"> <span style=\"font-weight: 400;\">https:\/\/policies.google.com\/privacy?hl=de<\/span><\/a><\/p>\n<p><span style=\"font-weight: 400;\">Facebook Pixel ist ein Analysetool von Facebook, das es uns erm\u00f6glicht, die Wirksamkeit unserer Werbung zu messen, indem wir die Aktionen der Besucher auf unserer Website verstehen.<\/span><\/p>\n<p><span style=\"font-weight: 400;\">F\u00fcr weitere Informationen dar\u00fcber, wie Facebook Pixel Daten erfasst und verwendet, lesen Sie bitte die Datenschutzrichtlinie von Facebook:<\/span><a href=\"https:\/\/www.facebook.com\/policy.php\"> <span style=\"font-weight: 400;\">https:\/\/www.facebook.com\/policy.php<\/span><\/a><\/p>\n<p><b>Sicherheit<\/b><\/p>\n<p><span style=\"font-weight: 400;\">Die Sicherheit Ihrer pers\u00f6nlichen Daten ist uns wichtig, aber bitte beachten Sie, dass keine \u00dcbertragungsmethode \u00fcber das Internet oder elektronische Speicherung zu 100 % sicher ist. Wir bem\u00fchen uns jedoch, kommerziell zumutbare Mittel zum Schutz Ihrer pers\u00f6nlichen Daten zu verwenden, k\u00f6nnen jedoch nicht f\u00fcr deren absolute Sicherheit garantieren.<\/span><\/p>\n<p><b>\u00c4nderungen dieser Datenschutzerkl\u00e4rung<\/b><\/p>\n<p><span style=\"font-weight: 400;\">Diese Datenschutzerkl\u00e4rung ist ab [Datum des Inkrafttretens] wirksam und bleibt bis zu \u00c4nderungen in ihren Bestimmungen in Kraft, die in Zukunft sofort nach Ver\u00f6ffentlichung auf dieser Seite wirksam werden.<\/span><\/p>\n<p><span style=\"font-weight: 400;\">Wir behalten uns das Recht vor, unsere Datenschutzrichtlinie jederzeit zu aktualisieren oder zu \u00e4ndern, und Sie sollten diese Datenschutzrichtlinie regelm\u00e4\u00dfig \u00fcberpr\u00fcfen. Ihre fortgesetzte Nutzung des Dienstes nach dem Posten von \u00c4nderungen dieser Datenschutzrichtlinie auf dieser Seite stellt Ihre Anerkennung der \u00c4nderungen dar und Ihre Zustimmung, sich an die ge\u00e4nderte Datenschutzrichtlinie zu halten und daran gebunden zu sein.<\/span><\/p>\n<p><span style=\"font-weight: 400;\">Wenn wir wesentliche \u00c4nderungen an dieser Datenschutzrichtlinie vornehmen, werden wir Sie entweder \u00fcber die von Ihnen bereitgestellte E-Mail-Adresse oder durch eine prominente Benachrichtigung auf unserer Website informieren.<\/span><\/p>\n<p><b>Kontakt<\/b><\/p>\n<p><span style=\"font-weight: 400;\">Wenn Sie Fragen zu dieser Datenschutzerkl\u00e4rung haben, kontaktieren Sie uns bitte unter <\/span><span style=\"font-weight: 400;\">info@martinschloegl.ch<\/span><span style=\"font-weight: 400;\">.<\/span><\/p>\n","protected":false},"excerpt":{"rendered":"<p>Datenschutzerkl\u00e4rung f\u00fcr https:\/\/martinschloegl.ch Letztes Update: 1. Juni 2024 Martin Schl\u00f6gl (Einzelunternehmen) Oberstrasse 16, CH-8274 T\u00e4gerwilen Email: info@martinschloegl.ch Datenschutzerkl\u00e4rung \u201cMartin Schl\u00f6gl &#8211; music to remember\u201d (&#8222;wir&#8220;, &#8222;uns&#8220; oder &#8222;unser&#8220;) betreibt die Website https:\/\/martinschloegl.ch\/. Diese Seite informiert Sie \u00fcber unsere Richtlinien zur Erhebung, Nutzung und Offenlegung von personenbezogenen Daten, die wir von Benutzern der Website erhalten. Informationssammlung [&hellip;]<\/p>\n","protected":false},"author":1,"featured_media":0,"parent":0,"menu_order":0,"comment_status":"closed","ping_status":"open","template":"","meta":{"footnotes":""},"wf_page_folders":[69],"class_list":["post-735","page","type-page","status-publish","hentry","post-wrapper","thrv_wrapper"],"yoast_head":"<!-- This site is optimized with the Yoast SEO plugin v27.3 - https:\/\/yoast.com\/product\/yoast-seo-wordpress\/ -->\n<title>privacy policy - martinschloegl.ch<\/title>\n<meta name=\"robots\" content=\"index, follow, max-snippet:-1, max-image-preview:large, max-video-preview:-1\" \/>\n<link rel=\"canonical\" href=\"https:\/\/martinschloegl.ch\/privacy-policy\/\" \/>\n<meta property=\"og:locale\" content=\"de_DE\" \/>\n<meta property=\"og:type\" content=\"article\" \/>\n<meta property=\"og:title\" content=\"privacy policy - martinschloegl.ch\" \/>\n<meta property=\"og:description\" content=\"Datenschutzerkl\u00e4rung f\u00fcr https:\/\/martinschloegl.ch Letztes Update: 1. Juni 2024 Martin Schl\u00f6gl (Einzelunternehmen) Oberstrasse 16, CH-8274 T\u00e4gerwilen Email: info@martinschloegl.ch Datenschutzerkl\u00e4rung \u201cMartin Schl\u00f6gl &#8211; music to remember\u201d (&#8222;wir&#8220;, &#8222;uns&#8220; oder &#8222;unser&#8220;) betreibt die Website https:\/\/martinschloegl.ch\/. Diese Seite informiert Sie \u00fcber unsere Richtlinien zur Erhebung, Nutzung und Offenlegung von personenbezogenen Daten, die wir von Benutzern der Website erhalten. Informationssammlung [&hellip;]\" \/>\n<meta property=\"og:url\" content=\"https:\/\/martinschloegl.ch\/privacy-policy\/\" \/>\n<meta property=\"og:site_name\" content=\"martinschloegl.ch\" \/>\n<meta property=\"article:modified_time\" content=\"2025-01-07T13:04:52+00:00\" \/>\n<meta name=\"twitter:card\" content=\"summary_large_image\" \/>\n<meta name=\"twitter:label1\" content=\"Gesch\u00e4tzte Lesezeit\" \/>\n\t<meta name=\"twitter:data1\" content=\"3\u00a0Minuten\" \/>\n<script type=\"application\/ld+json\" class=\"yoast-schema-graph\">{\"@context\":\"https:\\\/\\\/schema.org\",\"@graph\":[{\"@type\":\"WebPage\",\"@id\":\"https:\\\/\\\/martinschloegl.ch\\\/privacy-policy\\\/\",\"url\":\"https:\\\/\\\/martinschloegl.ch\\\/privacy-policy\\\/\",\"name\":\"privacy policy - martinschloegl.ch\",\"isPartOf\":{\"@id\":\"https:\\\/\\\/martinschloegl.ch\\\/#website\"},\"datePublished\":\"2023-05-01T15:11:38+00:00\",\"dateModified\":\"2025-01-07T13:04:52+00:00\",\"breadcrumb\":{\"@id\":\"https:\\\/\\\/martinschloegl.ch\\\/privacy-policy\\\/#breadcrumb\"},\"inLanguage\":\"de\",\"potentialAction\":[{\"@type\":\"ReadAction\",\"target\":[\"https:\\\/\\\/martinschloegl.ch\\\/privacy-policy\\\/\"]}]},{\"@type\":\"BreadcrumbList\",\"@id\":\"https:\\\/\\\/martinschloegl.ch\\\/privacy-policy\\\/#breadcrumb\",\"itemListElement\":[{\"@type\":\"ListItem\",\"position\":1,\"name\":\"Home\",\"item\":\"https:\\\/\\\/martinschloegl.ch\\\/de\\\/\"},{\"@type\":\"ListItem\",\"position\":2,\"name\":\"privacy policy\"}]},{\"@type\":\"WebSite\",\"@id\":\"https:\\\/\\\/martinschloegl.ch\\\/#website\",\"url\":\"https:\\\/\\\/martinschloegl.ch\\\/\",\"name\":\"martinschloegl.ch\",\"description\":\"\",\"potentialAction\":[{\"@type\":\"SearchAction\",\"target\":{\"@type\":\"EntryPoint\",\"urlTemplate\":\"https:\\\/\\\/martinschloegl.ch\\\/?s={search_term_string}\"},\"query-input\":{\"@type\":\"PropertyValueSpecification\",\"valueRequired\":true,\"valueName\":\"search_term_string\"}}],\"inLanguage\":\"de\"}]}<\/script>\n<!-- \/ Yoast SEO plugin. -->","yoast_head_json":{"title":"privacy policy - martinschloegl.ch","robots":{"index":"index","follow":"follow","max-snippet":"max-snippet:-1","max-image-preview":"max-image-preview:large","max-video-preview":"max-video-preview:-1"},"canonical":"https:\/\/martinschloegl.ch\/privacy-policy\/","og_locale":"de_DE","og_type":"article","og_title":"privacy policy - martinschloegl.ch","og_description":"Datenschutzerkl\u00e4rung f\u00fcr https:\/\/martinschloegl.ch Letztes Update: 1. Juni 2024 Martin Schl\u00f6gl (Einzelunternehmen) Oberstrasse 16, CH-8274 T\u00e4gerwilen Email: info@martinschloegl.ch Datenschutzerkl\u00e4rung \u201cMartin Schl\u00f6gl &#8211; music to remember\u201d (&#8222;wir&#8220;, &#8222;uns&#8220; oder &#8222;unser&#8220;) betreibt die Website https:\/\/martinschloegl.ch\/. Diese Seite informiert Sie \u00fcber unsere Richtlinien zur Erhebung, Nutzung und Offenlegung von personenbezogenen Daten, die wir von Benutzern der Website erhalten. Informationssammlung [&hellip;]","og_url":"https:\/\/martinschloegl.ch\/privacy-policy\/","og_site_name":"martinschloegl.ch","article_modified_time":"2025-01-07T13:04:52+00:00","twitter_card":"summary_large_image","twitter_misc":{"Gesch\u00e4tzte Lesezeit":"3\u00a0Minuten"},"schema":{"@context":"https:\/\/schema.org","@graph":[{"@type":"WebPage","@id":"https:\/\/martinschloegl.ch\/privacy-policy\/","url":"https:\/\/martinschloegl.ch\/privacy-policy\/","name":"privacy policy - martinschloegl.ch","isPartOf":{"@id":"https:\/\/martinschloegl.ch\/#website"},"datePublished":"2023-05-01T15:11:38+00:00","dateModified":"2025-01-07T13:04:52+00:00","breadcrumb":{"@id":"https:\/\/martinschloegl.ch\/privacy-policy\/#breadcrumb"},"inLanguage":"de","potentialAction":[{"@type":"ReadAction","target":["https:\/\/martinschloegl.ch\/privacy-policy\/"]}]},{"@type":"BreadcrumbList","@id":"https:\/\/martinschloegl.ch\/privacy-policy\/#breadcrumb","itemListElement":[{"@type":"ListItem","position":1,"name":"Home","item":"https:\/\/martinschloegl.ch\/de\/"},{"@type":"ListItem","position":2,"name":"privacy policy"}]},{"@type":"WebSite","@id":"https:\/\/martinschloegl.ch\/#website","url":"https:\/\/martinschloegl.ch\/","name":"martinschloegl.ch","description":"","potentialAction":[{"@type":"SearchAction","target":{"@type":"EntryPoint","urlTemplate":"https:\/\/martinschloegl.ch\/?s={search_term_string}"},"query-input":{"@type":"PropertyValueSpecification","valueRequired":true,"valueName":"search_term_string"}}],"inLanguage":"de"}]}},"jetpack_sharing_enabled":true,"_links":{"self":[{"href":"https:\/\/martinschloegl.ch\/de\/wp-json\/wp\/v2\/pages\/735","targetHints":{"allow":["GET"]}}],"collection":[{"href":"https:\/\/martinschloegl.ch\/de\/wp-json\/wp\/v2\/pages"}],"about":[{"href":"https:\/\/martinschloegl.ch\/de\/wp-json\/wp\/v2\/types\/page"}],"author":[{"embeddable":true,"href":"https:\/\/martinschloegl.ch\/de\/wp-json\/wp\/v2\/users\/1"}],"replies":[{"embeddable":true,"href":"https:\/\/martinschloegl.ch\/de\/wp-json\/wp\/v2\/comments?post=735"}],"version-history":[{"count":3,"href":"https:\/\/martinschloegl.ch\/de\/wp-json\/wp\/v2\/pages\/735\/revisions"}],"predecessor-version":[{"id":1415,"href":"https:\/\/martinschloegl.ch\/de\/wp-json\/wp\/v2\/pages\/735\/revisions\/1415"}],"wp:attachment":[{"href":"https:\/\/martinschloegl.ch\/de\/wp-json\/wp\/v2\/media?parent=735"}],"wp:term":[{"taxonomy":"wf_page_folders","embeddable":true,"href":"https:\/\/martinschloegl.ch\/de\/wp-json\/wp\/v2\/wf_page_folders?post=735"}],"curies":[{"name":"wp","href":"https:\/\/api.w.org\/{rel}","templated":true}]}}