{"id":918,"date":"2024-02-28T05:33:47","date_gmt":"2024-02-28T04:33:47","guid":{"rendered":"https:\/\/martinschloegl.ch\/?page_id=918"},"modified":"2025-01-31T19:35:11","modified_gmt":"2025-01-31T18:35:11","slug":"nl-subscription","status":"publish","type":"page","link":"https:\/\/martinschloegl.ch\/de\/nl-subscription\/","title":{"rendered":"nl-subscription"},"content":{"rendered":"<p><span><img decoding=\"async\" alt=\"\" data-id=\"375\" width=\"430\" data-init-width=\"1707\" height=\"645\" data-init-height=\"2560\" title=\"1A51603C-6C47-4C25-80FE-AE12F423E03A\" loading=\"lazy\" src=\"https:\/\/martinschloegl.ch\/wp-content\/uploads\/2024\/01\/1A51603C-6C47-4C25-80FE-AE12F423E03A-scaled.jpeg\" data-width=\"430\" style=\"aspect-ratio: auto 1707 \/ 2560;\" data-height=\"645\"><\/span><strong>Hallo, ich bin Martin<\/strong><\/p>\n<p style=\"\">Ich freu mich, dass Du hier bist und zu unserem <span>musictoremember<\/span> Freundeskreis dazukommen m\u00f6chtest, indem Du Dich f\u00fcr den Newsletter anmeldest. &nbsp;Als Abonennt wirst Du zu den ersten geh\u00f6ren, die Neuigkeiten erfahren (auch \u00fcber Dinge, die hinter den Kulissen stattfinden), Ver\u00f6ffentlichungen, Konzerte und vieles mehr. &nbsp;<\/p>\n<p style=\"\">Das hier ist ein Reise. Eine spannende. Musik ist unsere Strasse. Die sch\u00f6nsteLass uns gemeinsam unterwegs sein. Weil es gemeinsam einfach viel mehr Spass macht.<\/p>\n<p><a href=\"http:\/\/martinschloegl.ch\" data-id-d=\"0\" data-img-style=\"\"><img loading=\"lazy\" decoding=\"async\" src=\"https:\/\/martinschloegl.ch\/wp-content\/uploads\/2023\/09\/logo-vertical.png\" height=\"7216\" width=\"6000\" alt=\"\" style=\"\"><\/img><\/a><\/p>\n","protected":false},"excerpt":{"rendered":"<p>Hallo, ich bin Martin Ich freu mich, dass Du hier bist und zu unserem musictoremember Freundeskreis dazukommen m\u00f6chtest, indem Du Dich f\u00fcr den Newsletter anmeldest. &nbsp;Als Abonennt wirst Du zu den ersten geh\u00f6ren, die Neuigkeiten erfahren (auch \u00fcber Dinge, die hinter den Kulissen stattfinden), Ver\u00f6ffentlichungen, Konzerte und vieles mehr. &nbsp; Das hier ist ein Reise. [&hellip;]<\/p>\n","protected":false},"author":1,"featured_media":0,"parent":0,"menu_order":0,"comment_status":"closed","ping_status":"closed","template":"","meta":{"footnotes":""},"wf_page_folders":[70],"class_list":["post-918","page","type-page","status-publish","hentry","post-wrapper","thrv_wrapper"],"yoast_head":"<!-- This site is optimized with the Yoast SEO plugin v27.3 - https:\/\/yoast.com\/product\/yoast-seo-wordpress\/ -->\n<title>nl-subscription - martinschloegl.ch<\/title>\n<meta name=\"description\" content=\"Abonniere meinen Newsletter und tauche ein in die Welt eines Singer-Songwriters \u2013 authentisch, pers\u00f6nlich und immer nah dran.&quot;\" \/>\n<meta name=\"robots\" content=\"index, follow, max-snippet:-1, max-image-preview:large, max-video-preview:-1\" \/>\n<link rel=\"canonical\" href=\"https:\/\/martinschloegl.ch\/nl-subscription\/\" \/>\n<meta property=\"og:locale\" content=\"de_DE\" \/>\n<meta property=\"og:type\" content=\"article\" \/>\n<meta property=\"og:title\" content=\"nl-subscription - martinschloegl.ch\" \/>\n<meta property=\"og:description\" content=\"Abonniere meinen Newsletter und tauche ein in die Welt eines Singer-Songwriters \u2013 authentisch, pers\u00f6nlich und immer nah dran.&quot;\" \/>\n<meta property=\"og:url\" content=\"https:\/\/martinschloegl.ch\/nl-subscription\/\" \/>\n<meta property=\"og:site_name\" content=\"martinschloegl.ch\" \/>\n<meta property=\"article:modified_time\" content=\"2025-01-31T18:35:11+00:00\" \/>\n<meta property=\"og:image\" content=\"https:\/\/martinschloegl.ch\/wp-content\/uploads\/2024\/01\/1A51603C-6C47-4C25-80FE-AE12F423E03A-scaled.jpeg\" \/>\n<meta name=\"twitter:card\" content=\"summary_large_image\" \/>\n<meta name=\"twitter:label1\" content=\"Gesch\u00e4tzte Lesezeit\" \/>\n\t<meta name=\"twitter:data1\" content=\"1\u00a0Minute\" \/>\n<script type=\"application\/ld+json\" class=\"yoast-schema-graph\">{\"@context\":\"https:\\\/\\\/schema.org\",\"@graph\":[{\"@type\":\"WebPage\",\"@id\":\"https:\\\/\\\/martinschloegl.ch\\\/nl-subscription\\\/\",\"url\":\"https:\\\/\\\/martinschloegl.ch\\\/nl-subscription\\\/\",\"name\":\"nl-subscription - martinschloegl.ch\",\"isPartOf\":{\"@id\":\"https:\\\/\\\/martinschloegl.ch\\\/#website\"},\"primaryImageOfPage\":{\"@id\":\"https:\\\/\\\/martinschloegl.ch\\\/nl-subscription\\\/#primaryimage\"},\"image\":{\"@id\":\"https:\\\/\\\/martinschloegl.ch\\\/nl-subscription\\\/#primaryimage\"},\"thumbnailUrl\":\"https:\\\/\\\/martinschloegl.ch\\\/wp-content\\\/uploads\\\/2024\\\/01\\\/1A51603C-6C47-4C25-80FE-AE12F423E03A-scaled.jpeg\",\"datePublished\":\"2024-02-28T04:33:47+00:00\",\"dateModified\":\"2025-01-31T18:35:11+00:00\",\"description\":\"Abonniere meinen Newsletter und tauche ein in die Welt eines Singer-Songwriters \u2013 authentisch, pers\u00f6nlich und immer nah dran.\\\"\",\"breadcrumb\":{\"@id\":\"https:\\\/\\\/martinschloegl.ch\\\/nl-subscription\\\/#breadcrumb\"},\"inLanguage\":\"de\",\"potentialAction\":[{\"@type\":\"ReadAction\",\"target\":[\"https:\\\/\\\/martinschloegl.ch\\\/nl-subscription\\\/\"]}]},{\"@type\":\"ImageObject\",\"inLanguage\":\"de\",\"@id\":\"https:\\\/\\\/martinschloegl.ch\\\/nl-subscription\\\/#primaryimage\",\"url\":\"https:\\\/\\\/martinschloegl.ch\\\/wp-content\\\/uploads\\\/2024\\\/01\\\/1A51603C-6C47-4C25-80FE-AE12F423E03A-scaled.jpeg\",\"contentUrl\":\"https:\\\/\\\/martinschloegl.ch\\\/wp-content\\\/uploads\\\/2024\\\/01\\\/1A51603C-6C47-4C25-80FE-AE12F423E03A-scaled.jpeg\"},{\"@type\":\"BreadcrumbList\",\"@id\":\"https:\\\/\\\/martinschloegl.ch\\\/nl-subscription\\\/#breadcrumb\",\"itemListElement\":[{\"@type\":\"ListItem\",\"position\":1,\"name\":\"Home\",\"item\":\"https:\\\/\\\/martinschloegl.ch\\\/de\\\/\"},{\"@type\":\"ListItem\",\"position\":2,\"name\":\"nl-subscription\"}]},{\"@type\":\"WebSite\",\"@id\":\"https:\\\/\\\/martinschloegl.ch\\\/#website\",\"url\":\"https:\\\/\\\/martinschloegl.ch\\\/\",\"name\":\"martinschloegl.ch\",\"description\":\"\",\"potentialAction\":[{\"@type\":\"SearchAction\",\"target\":{\"@type\":\"EntryPoint\",\"urlTemplate\":\"https:\\\/\\\/martinschloegl.ch\\\/?s={search_term_string}\"},\"query-input\":{\"@type\":\"PropertyValueSpecification\",\"valueRequired\":true,\"valueName\":\"search_term_string\"}}],\"inLanguage\":\"de\"}]}<\/script>\n<!-- \/ Yoast SEO plugin. -->","yoast_head_json":{"title":"nl-subscription - martinschloegl.ch","description":"Abonniere meinen Newsletter und tauche ein in die Welt eines Singer-Songwriters \u2013 authentisch, pers\u00f6nlich und immer nah dran.\"","robots":{"index":"index","follow":"follow","max-snippet":"max-snippet:-1","max-image-preview":"max-image-preview:large","max-video-preview":"max-video-preview:-1"},"canonical":"https:\/\/martinschloegl.ch\/nl-subscription\/","og_locale":"de_DE","og_type":"article","og_title":"nl-subscription - martinschloegl.ch","og_description":"Abonniere meinen Newsletter und tauche ein in die Welt eines Singer-Songwriters \u2013 authentisch, pers\u00f6nlich und immer nah dran.\"","og_url":"https:\/\/martinschloegl.ch\/nl-subscription\/","og_site_name":"martinschloegl.ch","article_modified_time":"2025-01-31T18:35:11+00:00","og_image":[{"url":"https:\/\/martinschloegl.ch\/wp-content\/uploads\/2024\/01\/1A51603C-6C47-4C25-80FE-AE12F423E03A-scaled.jpeg","type":"","width":"","height":""}],"twitter_card":"summary_large_image","twitter_misc":{"Gesch\u00e4tzte Lesezeit":"1\u00a0Minute"},"schema":{"@context":"https:\/\/schema.org","@graph":[{"@type":"WebPage","@id":"https:\/\/martinschloegl.ch\/nl-subscription\/","url":"https:\/\/martinschloegl.ch\/nl-subscription\/","name":"nl-subscription - martinschloegl.ch","isPartOf":{"@id":"https:\/\/martinschloegl.ch\/#website"},"primaryImageOfPage":{"@id":"https:\/\/martinschloegl.ch\/nl-subscription\/#primaryimage"},"image":{"@id":"https:\/\/martinschloegl.ch\/nl-subscription\/#primaryimage"},"thumbnailUrl":"https:\/\/martinschloegl.ch\/wp-content\/uploads\/2024\/01\/1A51603C-6C47-4C25-80FE-AE12F423E03A-scaled.jpeg","datePublished":"2024-02-28T04:33:47+00:00","dateModified":"2025-01-31T18:35:11+00:00","description":"Abonniere meinen Newsletter und tauche ein in die Welt eines Singer-Songwriters \u2013 authentisch, pers\u00f6nlich und immer nah dran.\"","breadcrumb":{"@id":"https:\/\/martinschloegl.ch\/nl-subscription\/#breadcrumb"},"inLanguage":"de","potentialAction":[{"@type":"ReadAction","target":["https:\/\/martinschloegl.ch\/nl-subscription\/"]}]},{"@type":"ImageObject","inLanguage":"de","@id":"https:\/\/martinschloegl.ch\/nl-subscription\/#primaryimage","url":"https:\/\/martinschloegl.ch\/wp-content\/uploads\/2024\/01\/1A51603C-6C47-4C25-80FE-AE12F423E03A-scaled.jpeg","contentUrl":"https:\/\/martinschloegl.ch\/wp-content\/uploads\/2024\/01\/1A51603C-6C47-4C25-80FE-AE12F423E03A-scaled.jpeg"},{"@type":"BreadcrumbList","@id":"https:\/\/martinschloegl.ch\/nl-subscription\/#breadcrumb","itemListElement":[{"@type":"ListItem","position":1,"name":"Home","item":"https:\/\/martinschloegl.ch\/de\/"},{"@type":"ListItem","position":2,"name":"nl-subscription"}]},{"@type":"WebSite","@id":"https:\/\/martinschloegl.ch\/#website","url":"https:\/\/martinschloegl.ch\/","name":"martinschloegl.ch","description":"","potentialAction":[{"@type":"SearchAction","target":{"@type":"EntryPoint","urlTemplate":"https:\/\/martinschloegl.ch\/?s={search_term_string}"},"query-input":{"@type":"PropertyValueSpecification","valueRequired":true,"valueName":"search_term_string"}}],"inLanguage":"de"}]}},"jetpack_sharing_enabled":true,"_links":{"self":[{"href":"https:\/\/martinschloegl.ch\/de\/wp-json\/wp\/v2\/pages\/918","targetHints":{"allow":["GET"]}}],"collection":[{"href":"https:\/\/martinschloegl.ch\/de\/wp-json\/wp\/v2\/pages"}],"about":[{"href":"https:\/\/martinschloegl.ch\/de\/wp-json\/wp\/v2\/types\/page"}],"author":[{"embeddable":true,"href":"https:\/\/martinschloegl.ch\/de\/wp-json\/wp\/v2\/users\/1"}],"replies":[{"embeddable":true,"href":"https:\/\/martinschloegl.ch\/de\/wp-json\/wp\/v2\/comments?post=918"}],"version-history":[{"count":10,"href":"https:\/\/martinschloegl.ch\/de\/wp-json\/wp\/v2\/pages\/918\/revisions"}],"predecessor-version":[{"id":1578,"href":"https:\/\/martinschloegl.ch\/de\/wp-json\/wp\/v2\/pages\/918\/revisions\/1578"}],"wp:attachment":[{"href":"https:\/\/martinschloegl.ch\/de\/wp-json\/wp\/v2\/media?parent=918"}],"wp:term":[{"taxonomy":"wf_page_folders","embeddable":true,"href":"https:\/\/martinschloegl.ch\/de\/wp-json\/wp\/v2\/wf_page_folders?post=918"}],"curies":[{"name":"wp","href":"https:\/\/api.w.org\/{rel}","templated":true}]}}