{"id":4657,"date":"2025-10-02T10:24:25","date_gmt":"2025-10-02T08:24:25","guid":{"rendered":"https:\/\/martinschloegl.ch\/product\/musik-ist-der-schluessel-leggings\/"},"modified":"2025-10-09T15:18:31","modified_gmt":"2025-10-09T13:18:31","slug":"musik-ist-der-schluessel-leggings","status":"publish","type":"product","link":"https:\/\/martinschloegl.ch\/de\/produkt\/musik-ist-der-schluessel-leggings\/","title":{"rendered":"\u201eMusik ist der Schl\u00fcssel\u201c-Leggings"},"content":{"rendered":"<p>Stylisch, strapazierf\u00e4hig und unglaublich vielseitig \u2013 diese Leggings sind aus einem glatten Mikrofaser-Garn gefertigt, das sich weich auf der Haut anf\u00fchlt und nie seine Dehnbarkeit verliert. Perfekt f\u00fcr Workouts, Freizeitkleidung oder zum Kombinieren mit deinem Lieblings-Oversize-Oberteil. <\/p>\n<p>Entlang des Beins bringt unsere strahlende Sonne mit einem Violinschl\u00fcssel in der Mitte eine ausdrucksstarke Bedeutung zum Ausdruck: Musik ist der Schl\u00fcssel zum Herzen. Ein modisches Basic, das sich mit dir bewegt \u2013 bequem und stilvoll. <\/p>\n<p>\u2022 Material: 82 % Polyester, 18 % Elasthan<br \/>\u2022 Stoffgewicht: 230 g\/m\u00b2 (Gewicht kann um 5 % variieren)<br \/>\u2022 UPF 50+<br \/>\u2022 Hergestellt aus einem Mikrofaser-Garn, wodurch sich der Artikel glatt und angenehm anf\u00fchlt<br \/>\u2022 Vier-Wege-Stretchmaterial, das sich quer und l\u00e4ngs dehnt und wieder zusammenzieht<br \/>\u2022 Elastischer Bund<br \/>\u2022 Overlock- und Coverstich<br \/>\u2022 Rohproduktkomponenten in den USA und Mexiko stammen aus China<br \/>\u2022 Rohproduktkomponenten in der EU stammen aus China und Litauen<\/p>\n<p>Dieses Produkt wird speziell f\u00fcr dich angefertigt, sobald du eine Bestellung aufgibst, weshalb es etwas l\u00e4nger dauert, bis wir es dir liefern. Die bedarfsgerechte Herstellung von Produkten anstelle von Massenware tr\u00e4gt dazu bei, die \u00dcberproduktion zu reduzieren. Vielen Dank, dass du durchdachte Kaufentscheidungen triffst! <\/p>\n<p>Altersbeschr\u00e4nkungen: F\u00fcr Erwachsene<br \/>EU-Garantie: 2 Jahre<br \/>Sonstige Informationen zur Einhaltung der Vorschriften: Erf\u00fcllt die Anforderungen an Entflammbarkeit und Formaldehyd, Azofarbstoffe, Blei, Cadmium, Bisphenole und Phthalate.<\/p>\n<p>In \u00dcbereinstimmung mit der Allgemeinen Produktsicherheitsverordnung (GPSR) stellen <b>Oak inc.<\/b> und <b>SINDEN VENTURES LIMITED<\/b> sicher, dass alle angebotenen Konsumg\u00fcter sicher sind und den EU-Standards entsprechen. F\u00fcr produktbezogene Sicherheitsanfragen oder Bedenken wende dich bitte an unseren EU-Vertreter unter <g id=\"gid_2\">gpsr@sindenventures.com<\/g>. Du kannst uns auch schreiben an <b>123 Main Street, Anytown, Country<\/b> oder<b> Markou Evgenikou 11, Mesa Geitonia, 4002, Limassol, Zypern.  <b><\/b><\/p>\n","protected":false},"excerpt":{"rendered":"<p>Stylisch, strapazierf\u00e4hig und unglaublich vielseitig \u2013 diese Leggings sind aus einem glatten Mikrofaser-Garn gefertigt, das sich weich auf der Haut anf\u00fchlt und nie seine Dehnbarkeit verliert. Perfekt f\u00fcr Workouts, Freizeitkleidung oder zum Kombinieren mit deinem Lieblings-Oversize-Oberteil. Entlang des Beins bringt unsere strahlende Sonne mit einem Violinschl\u00fcssel in der Mitte eine ausdrucksstarke Bedeutung zum Ausdruck: Musik [&hellip;]<\/p>\n","protected":false},"featured_media":4375,"comment_status":"open","ping_status":"closed","template":"","meta":[],"product_brand":[],"product_cat":[189],"product_tag":[],"class_list":{"0":"post-4657","1":"product","2":"type-product","3":"status-publish","4":"has-post-thumbnail","6":"product_cat-kleidung","7":"post-wrapper","8":"thrv_wrapper","10":"first","11":"instock","12":"taxable","13":"shipping-taxable","14":"purchasable","15":"product-type-variable"},"yoast_head":"<!-- This site is optimized with the Yoast SEO plugin v27.3 - https:\/\/yoast.com\/product\/yoast-seo-wordpress\/ -->\n<title>\u201eMusik ist der Schl\u00fcssel\u201c-Leggings - martinschloegl.ch<\/title>\n<meta name=\"robots\" content=\"index, follow, max-snippet:-1, max-image-preview:large, max-video-preview:-1\" \/>\n<link rel=\"canonical\" href=\"https:\/\/martinschloegl.ch\/de\/?post_type=product&p=4657\" \/>\n<meta property=\"og:locale\" content=\"de_DE\" \/>\n<meta property=\"og:type\" content=\"article\" \/>\n<meta property=\"og:title\" content=\"\u201eMusik ist der Schl\u00fcssel\u201c-Leggings - martinschloegl.ch\" \/>\n<meta property=\"og:description\" content=\"Stylisch, strapazierf\u00e4hig und unglaublich vielseitig \u2013 diese Leggings sind aus einem glatten Mikrofaser-Garn gefertigt, das sich weich auf der Haut anf\u00fchlt und nie seine Dehnbarkeit verliert. Perfekt f\u00fcr Workouts, Freizeitkleidung oder zum Kombinieren mit deinem Lieblings-Oversize-Oberteil. Entlang des Beins bringt unsere strahlende Sonne mit einem Violinschl\u00fcssel in der Mitte eine ausdrucksstarke Bedeutung zum Ausdruck: Musik [&hellip;]\" \/>\n<meta property=\"og:url\" content=\"https:\/\/martinschloegl.ch\/de\/?post_type=product&amp;p=4657\" \/>\n<meta property=\"og:site_name\" content=\"martinschloegl.ch\" \/>\n<meta property=\"article:modified_time\" content=\"2025-10-09T13:18:31+00:00\" \/>\n<meta property=\"og:image\" content=\"https:\/\/martinschloegl.ch\/wp-content\/uploads\/2025\/10\/all-over-print-leggings-white-front-68de36a35380d.jpg\" \/>\n\t<meta property=\"og:image:width\" content=\"1000\" \/>\n\t<meta property=\"og:image:height\" content=\"1000\" \/>\n\t<meta property=\"og:image:type\" content=\"image\/jpeg\" \/>\n<meta name=\"twitter:card\" content=\"summary_large_image\" \/>\n<meta name=\"twitter:label1\" content=\"Gesch\u00e4tzte Lesezeit\" \/>\n\t<meta name=\"twitter:data1\" content=\"1\u00a0Minute\" \/>\n<script type=\"application\/ld+json\" class=\"yoast-schema-graph\">{\"@context\":\"https:\\\/\\\/schema.org\",\"@graph\":[{\"@type\":\"WebPage\",\"@id\":\"https:\\\/\\\/martinschloegl.ch\\\/de\\\/?post_type=product&p=4657\",\"url\":\"https:\\\/\\\/martinschloegl.ch\\\/de\\\/?post_type=product&p=4657\",\"name\":\"\u201eMusik ist der Schl\u00fcssel\u201c-Leggings - martinschloegl.ch\",\"isPartOf\":{\"@id\":\"https:\\\/\\\/martinschloegl.ch\\\/#website\"},\"primaryImageOfPage\":{\"@id\":\"https:\\\/\\\/martinschloegl.ch\\\/de\\\/?post_type=product&p=4657#primaryimage\"},\"image\":{\"@id\":\"https:\\\/\\\/martinschloegl.ch\\\/de\\\/?post_type=product&p=4657#primaryimage\"},\"thumbnailUrl\":\"https:\\\/\\\/martinschloegl.ch\\\/wp-content\\\/uploads\\\/2025\\\/10\\\/all-over-print-leggings-white-front-68de36a35380d.jpg\",\"datePublished\":\"2025-10-02T08:24:25+00:00\",\"dateModified\":\"2025-10-09T13:18:31+00:00\",\"breadcrumb\":{\"@id\":\"https:\\\/\\\/martinschloegl.ch\\\/de\\\/?post_type=product&p=4657#breadcrumb\"},\"inLanguage\":\"de\",\"potentialAction\":[{\"@type\":\"ReadAction\",\"target\":[\"https:\\\/\\\/martinschloegl.ch\\\/de\\\/?post_type=product&p=4657\"]}]},{\"@type\":\"ImageObject\",\"inLanguage\":\"de\",\"@id\":\"https:\\\/\\\/martinschloegl.ch\\\/de\\\/?post_type=product&p=4657#primaryimage\",\"url\":\"https:\\\/\\\/martinschloegl.ch\\\/wp-content\\\/uploads\\\/2025\\\/10\\\/all-over-print-leggings-white-front-68de36a35380d.jpg\",\"contentUrl\":\"https:\\\/\\\/martinschloegl.ch\\\/wp-content\\\/uploads\\\/2025\\\/10\\\/all-over-print-leggings-white-front-68de36a35380d.jpg\",\"width\":1000,\"height\":1000},{\"@type\":\"BreadcrumbList\",\"@id\":\"https:\\\/\\\/martinschloegl.ch\\\/de\\\/?post_type=product&p=4657#breadcrumb\",\"itemListElement\":[{\"@type\":\"ListItem\",\"position\":1,\"name\":\"Home\",\"item\":\"https:\\\/\\\/martinschloegl.ch\\\/de\\\/\"},{\"@type\":\"ListItem\",\"position\":2,\"name\":\"Shop\",\"item\":\"https:\\\/\\\/martinschloegl.ch\\\/de\\\/shop\\\/\"},{\"@type\":\"ListItem\",\"position\":3,\"name\":\"\u201eMusik ist der Schl\u00fcssel\u201c-Leggings\"}]},{\"@type\":\"WebSite\",\"@id\":\"https:\\\/\\\/martinschloegl.ch\\\/#website\",\"url\":\"https:\\\/\\\/martinschloegl.ch\\\/\",\"name\":\"martinschloegl.ch\",\"description\":\"\",\"potentialAction\":[{\"@type\":\"SearchAction\",\"target\":{\"@type\":\"EntryPoint\",\"urlTemplate\":\"https:\\\/\\\/martinschloegl.ch\\\/?s={search_term_string}\"},\"query-input\":{\"@type\":\"PropertyValueSpecification\",\"valueRequired\":true,\"valueName\":\"search_term_string\"}}],\"inLanguage\":\"de\"}]}<\/script>\n<!-- \/ Yoast SEO plugin. -->","yoast_head_json":{"title":"\u201eMusik ist der Schl\u00fcssel\u201c-Leggings - martinschloegl.ch","robots":{"index":"index","follow":"follow","max-snippet":"max-snippet:-1","max-image-preview":"max-image-preview:large","max-video-preview":"max-video-preview:-1"},"canonical":"https:\/\/martinschloegl.ch\/de\/?post_type=product&p=4657","og_locale":"de_DE","og_type":"article","og_title":"\u201eMusik ist der Schl\u00fcssel\u201c-Leggings - martinschloegl.ch","og_description":"Stylisch, strapazierf\u00e4hig und unglaublich vielseitig \u2013 diese Leggings sind aus einem glatten Mikrofaser-Garn gefertigt, das sich weich auf der Haut anf\u00fchlt und nie seine Dehnbarkeit verliert. Perfekt f\u00fcr Workouts, Freizeitkleidung oder zum Kombinieren mit deinem Lieblings-Oversize-Oberteil. Entlang des Beins bringt unsere strahlende Sonne mit einem Violinschl\u00fcssel in der Mitte eine ausdrucksstarke Bedeutung zum Ausdruck: Musik [&hellip;]","og_url":"https:\/\/martinschloegl.ch\/de\/?post_type=product&p=4657","og_site_name":"martinschloegl.ch","article_modified_time":"2025-10-09T13:18:31+00:00","og_image":[{"width":1000,"height":1000,"url":"https:\/\/martinschloegl.ch\/wp-content\/uploads\/2025\/10\/all-over-print-leggings-white-front-68de36a35380d.jpg","type":"image\/jpeg"}],"twitter_card":"summary_large_image","twitter_misc":{"Gesch\u00e4tzte Lesezeit":"1\u00a0Minute"},"schema":{"@context":"https:\/\/schema.org","@graph":[{"@type":"WebPage","@id":"https:\/\/martinschloegl.ch\/de\/?post_type=product&p=4657","url":"https:\/\/martinschloegl.ch\/de\/?post_type=product&p=4657","name":"\u201eMusik ist der Schl\u00fcssel\u201c-Leggings - martinschloegl.ch","isPartOf":{"@id":"https:\/\/martinschloegl.ch\/#website"},"primaryImageOfPage":{"@id":"https:\/\/martinschloegl.ch\/de\/?post_type=product&p=4657#primaryimage"},"image":{"@id":"https:\/\/martinschloegl.ch\/de\/?post_type=product&p=4657#primaryimage"},"thumbnailUrl":"https:\/\/martinschloegl.ch\/wp-content\/uploads\/2025\/10\/all-over-print-leggings-white-front-68de36a35380d.jpg","datePublished":"2025-10-02T08:24:25+00:00","dateModified":"2025-10-09T13:18:31+00:00","breadcrumb":{"@id":"https:\/\/martinschloegl.ch\/de\/?post_type=product&p=4657#breadcrumb"},"inLanguage":"de","potentialAction":[{"@type":"ReadAction","target":["https:\/\/martinschloegl.ch\/de\/?post_type=product&p=4657"]}]},{"@type":"ImageObject","inLanguage":"de","@id":"https:\/\/martinschloegl.ch\/de\/?post_type=product&p=4657#primaryimage","url":"https:\/\/martinschloegl.ch\/wp-content\/uploads\/2025\/10\/all-over-print-leggings-white-front-68de36a35380d.jpg","contentUrl":"https:\/\/martinschloegl.ch\/wp-content\/uploads\/2025\/10\/all-over-print-leggings-white-front-68de36a35380d.jpg","width":1000,"height":1000},{"@type":"BreadcrumbList","@id":"https:\/\/martinschloegl.ch\/de\/?post_type=product&p=4657#breadcrumb","itemListElement":[{"@type":"ListItem","position":1,"name":"Home","item":"https:\/\/martinschloegl.ch\/de\/"},{"@type":"ListItem","position":2,"name":"Shop","item":"https:\/\/martinschloegl.ch\/de\/shop\/"},{"@type":"ListItem","position":3,"name":"\u201eMusik ist der Schl\u00fcssel\u201c-Leggings"}]},{"@type":"WebSite","@id":"https:\/\/martinschloegl.ch\/#website","url":"https:\/\/martinschloegl.ch\/","name":"martinschloegl.ch","description":"","potentialAction":[{"@type":"SearchAction","target":{"@type":"EntryPoint","urlTemplate":"https:\/\/martinschloegl.ch\/?s={search_term_string}"},"query-input":{"@type":"PropertyValueSpecification","valueRequired":true,"valueName":"search_term_string"}}],"inLanguage":"de"}]}},"jetpack_sharing_enabled":true,"_links":{"self":[{"href":"https:\/\/martinschloegl.ch\/de\/wp-json\/wp\/v2\/product\/4657","targetHints":{"allow":["GET"]}}],"collection":[{"href":"https:\/\/martinschloegl.ch\/de\/wp-json\/wp\/v2\/product"}],"about":[{"href":"https:\/\/martinschloegl.ch\/de\/wp-json\/wp\/v2\/types\/product"}],"replies":[{"embeddable":true,"href":"https:\/\/martinschloegl.ch\/de\/wp-json\/wp\/v2\/comments?post=4657"}],"wp:featuredmedia":[{"embeddable":true,"href":"https:\/\/martinschloegl.ch\/de\/wp-json\/wp\/v2\/media\/4375"}],"wp:attachment":[{"href":"https:\/\/martinschloegl.ch\/de\/wp-json\/wp\/v2\/media?parent=4657"}],"wp:term":[{"taxonomy":"product_brand","embeddable":true,"href":"https:\/\/martinschloegl.ch\/de\/wp-json\/wp\/v2\/product_brand?post=4657"},{"taxonomy":"product_cat","embeddable":true,"href":"https:\/\/martinschloegl.ch\/de\/wp-json\/wp\/v2\/product_cat?post=4657"},{"taxonomy":"product_tag","embeddable":true,"href":"https:\/\/martinschloegl.ch\/de\/wp-json\/wp\/v2\/product_tag?post=4657"}],"curies":[{"name":"wp","href":"https:\/\/api.w.org\/{rel}","templated":true}]}}