{"id":4663,"date":"2025-10-02T10:07:12","date_gmt":"2025-10-02T08:07:12","guid":{"rendered":"https:\/\/martinschloegl.ch\/product\/musik-ist-der-schluessel-hoodie\/"},"modified":"2025-10-09T15:40:48","modified_gmt":"2025-10-09T13:40:48","slug":"musik-ist-der-schluessel-hoodie","status":"publish","type":"product","link":"https:\/\/martinschloegl.ch\/de\/produkt\/musik-ist-der-schluessel-hoodie\/","title":{"rendered":"\u201eMusik ist der Schl\u00fcssel\u201c-Hoodie"},"content":{"rendered":"<p>Ein Hoodie, der sich gut anf\u00fchlt \u2013 weich auf der Haut, warm von innen und einfach jeden Tag zu tragen. Kombiniere ihn mit Deiner Jogginghose f\u00fcr einen entspannten Look oder mit einem Blazer oder einer Hose f\u00fcr einen eleganteren Look. <\/p>\n<p>Auf der Brust eine strahlende Sonne mit einem Notenschl\u00fcssel in der Mitte. Ein einfaches Symbol mit einer klaren Botschaft: Musik ist der Schl\u00fcssel zum Herzen. <\/p>\n<p>Komfort, Stil und Bedeutung \u2013 alles in einem.<\/p>\n<p>\n\u2022 Au\u00dfenseite: 100 % Bio-Baumwolle<br \/>\n\u2022 Charcoal Melange: 60 % Baumwolle, 40 % recyceltes Polyester<br \/>\n\u2022 Innenseite f\u00fcr alle Farben: 80 % Bio-Baumwolle, 20 % recyceltes Polyester<br \/>\n\u2022 Geb\u00fcrstetes Futter<br \/>\n\u2022 Normale Passform<br \/>\n\u2022 Raglan\u00e4rmel<br \/>\n\u2022 Gerippte B\u00fcndchen und Saum<br \/>\n\u2022 Kordelz\u00fcge mit Metall\u00f6sen und Stoppern<br \/>\n\u2022 Jerseygef\u00fctterte Kapuze<br \/>\n\u2022 Rohprodukt aus Bangladesch<\/p>\n<p>Dieses Produkt wird speziell f\u00fcr dich angefertigt, sobald du eine Bestellung aufgibst, weshalb es etwas l\u00e4nger dauert, bis wir es dir liefern. Die bedarfsgerechte Herstellung von Produkten anstelle von Massenware tr\u00e4gt dazu bei, die \u00dcberproduktion zu reduzieren. Vielen Dank, dass du durchdachte Kaufentscheidungen triffst! <\/p>\n<p>Altersbeschr\u00e4nkungen: F\u00fcr Erwachsene<br \/>\nEU-Garantie: 2 Jahre<br \/>\nSonstige Informationen zur Einhaltung: Entspricht den EU-REACH-Anforderungen.<\/p>\n<p>In \u00dcbereinstimmung mit der Allgemeinen Produktsicherheitsverordnung (GPSR) stellen <b>Oak inc.<\/b> und <b>SINDEN VENTURES LIMITED<\/b> sicher, dass alle angebotenen Konsumg\u00fcter sicher sind und den EU-Standards entsprechen. F\u00fcr produktbezogene Sicherheitsanfragen oder Bedenken wende dich bitte an unseren EU-Vertreter unter <g id=\"gid_2\">gpsr@sindenventures.com<\/g>. Du kannst uns auch schreiben an <b>123 Main Street, Anytown, Country<\/b> oder<b> Markou Evgenikou 11, Mesa Geitonia, 4002, Limassol, Zypern.  <b><\/b><\/p>\n","protected":false},"excerpt":{"rendered":"<p>Ein Hoodie, der sich gut anf\u00fchlt \u2013 weich auf der Haut, warm von innen und einfach jeden Tag zu tragen. Kombiniere ihn mit Deiner Jogginghose f\u00fcr einen entspannten Look oder mit einem Blazer oder einer Hose f\u00fcr einen eleganteren Look. Auf der Brust eine strahlende Sonne mit einem Notenschl\u00fcssel in der Mitte. Ein einfaches Symbol [&hellip;]<\/p>\n","protected":false},"featured_media":4307,"comment_status":"open","ping_status":"closed","template":"","meta":[],"product_brand":[],"product_cat":[189],"product_tag":[],"class_list":{"0":"post-4663","1":"product","2":"type-product","3":"status-publish","4":"has-post-thumbnail","6":"product_cat-kleidung","7":"post-wrapper","8":"thrv_wrapper","10":"first","11":"instock","12":"taxable","13":"shipping-taxable","14":"purchasable","15":"product-type-variable"},"yoast_head":"<!-- This site is optimized with the Yoast SEO plugin v27.3 - https:\/\/yoast.com\/product\/yoast-seo-wordpress\/ -->\n<title>\u201eMusik ist der Schl\u00fcssel\u201c-Hoodie - martinschloegl.ch<\/title>\n<meta name=\"robots\" content=\"index, follow, max-snippet:-1, max-image-preview:large, max-video-preview:-1\" \/>\n<link rel=\"canonical\" href=\"https:\/\/martinschloegl.ch\/de\/?post_type=product&p=4663\" \/>\n<meta property=\"og:locale\" content=\"de_DE\" \/>\n<meta property=\"og:type\" content=\"article\" \/>\n<meta property=\"og:title\" content=\"\u201eMusik ist der Schl\u00fcssel\u201c-Hoodie - martinschloegl.ch\" \/>\n<meta property=\"og:description\" content=\"Ein Hoodie, der sich gut anf\u00fchlt \u2013 weich auf der Haut, warm von innen und einfach jeden Tag zu tragen. Kombiniere ihn mit Deiner Jogginghose f\u00fcr einen entspannten Look oder mit einem Blazer oder einer Hose f\u00fcr einen eleganteren Look. Auf der Brust eine strahlende Sonne mit einem Notenschl\u00fcssel in der Mitte. Ein einfaches Symbol [&hellip;]\" \/>\n<meta property=\"og:url\" content=\"https:\/\/martinschloegl.ch\/de\/?post_type=product&amp;p=4663\" \/>\n<meta property=\"og:site_name\" content=\"martinschloegl.ch\" \/>\n<meta property=\"article:modified_time\" content=\"2025-10-09T13:40:48+00:00\" \/>\n<meta property=\"og:image\" content=\"https:\/\/martinschloegl.ch\/wp-content\/uploads\/2025\/10\/unisex-eco-raglan-hoodie-black-front-2-68de328b823cf.jpg\" \/>\n\t<meta property=\"og:image:width\" content=\"2000\" \/>\n\t<meta property=\"og:image:height\" content=\"2000\" \/>\n\t<meta property=\"og:image:type\" content=\"image\/jpeg\" \/>\n<meta name=\"twitter:card\" content=\"summary_large_image\" \/>\n<meta name=\"twitter:label1\" content=\"Gesch\u00e4tzte Lesezeit\" \/>\n\t<meta name=\"twitter:data1\" content=\"1\u00a0Minute\" \/>\n<script type=\"application\/ld+json\" class=\"yoast-schema-graph\">{\"@context\":\"https:\\\/\\\/schema.org\",\"@graph\":[{\"@type\":\"WebPage\",\"@id\":\"https:\\\/\\\/martinschloegl.ch\\\/de\\\/?post_type=product&p=4663\",\"url\":\"https:\\\/\\\/martinschloegl.ch\\\/de\\\/?post_type=product&p=4663\",\"name\":\"\u201eMusik ist der Schl\u00fcssel\u201c-Hoodie - martinschloegl.ch\",\"isPartOf\":{\"@id\":\"https:\\\/\\\/martinschloegl.ch\\\/#website\"},\"primaryImageOfPage\":{\"@id\":\"https:\\\/\\\/martinschloegl.ch\\\/de\\\/?post_type=product&p=4663#primaryimage\"},\"image\":{\"@id\":\"https:\\\/\\\/martinschloegl.ch\\\/de\\\/?post_type=product&p=4663#primaryimage\"},\"thumbnailUrl\":\"https:\\\/\\\/martinschloegl.ch\\\/wp-content\\\/uploads\\\/2025\\\/10\\\/unisex-eco-raglan-hoodie-black-front-2-68de328b823cf.jpg\",\"datePublished\":\"2025-10-02T08:07:12+00:00\",\"dateModified\":\"2025-10-09T13:40:48+00:00\",\"breadcrumb\":{\"@id\":\"https:\\\/\\\/martinschloegl.ch\\\/de\\\/?post_type=product&p=4663#breadcrumb\"},\"inLanguage\":\"de\",\"potentialAction\":[{\"@type\":\"ReadAction\",\"target\":[\"https:\\\/\\\/martinschloegl.ch\\\/de\\\/?post_type=product&p=4663\"]}]},{\"@type\":\"ImageObject\",\"inLanguage\":\"de\",\"@id\":\"https:\\\/\\\/martinschloegl.ch\\\/de\\\/?post_type=product&p=4663#primaryimage\",\"url\":\"https:\\\/\\\/martinschloegl.ch\\\/wp-content\\\/uploads\\\/2025\\\/10\\\/unisex-eco-raglan-hoodie-black-front-2-68de328b823cf.jpg\",\"contentUrl\":\"https:\\\/\\\/martinschloegl.ch\\\/wp-content\\\/uploads\\\/2025\\\/10\\\/unisex-eco-raglan-hoodie-black-front-2-68de328b823cf.jpg\",\"width\":2000,\"height\":2000},{\"@type\":\"BreadcrumbList\",\"@id\":\"https:\\\/\\\/martinschloegl.ch\\\/de\\\/?post_type=product&p=4663#breadcrumb\",\"itemListElement\":[{\"@type\":\"ListItem\",\"position\":1,\"name\":\"Home\",\"item\":\"https:\\\/\\\/martinschloegl.ch\\\/de\\\/\"},{\"@type\":\"ListItem\",\"position\":2,\"name\":\"Shop\",\"item\":\"https:\\\/\\\/martinschloegl.ch\\\/de\\\/shop\\\/\"},{\"@type\":\"ListItem\",\"position\":3,\"name\":\"\u201eMusik ist der Schl\u00fcssel\u201c-Hoodie\"}]},{\"@type\":\"WebSite\",\"@id\":\"https:\\\/\\\/martinschloegl.ch\\\/#website\",\"url\":\"https:\\\/\\\/martinschloegl.ch\\\/\",\"name\":\"martinschloegl.ch\",\"description\":\"\",\"potentialAction\":[{\"@type\":\"SearchAction\",\"target\":{\"@type\":\"EntryPoint\",\"urlTemplate\":\"https:\\\/\\\/martinschloegl.ch\\\/?s={search_term_string}\"},\"query-input\":{\"@type\":\"PropertyValueSpecification\",\"valueRequired\":true,\"valueName\":\"search_term_string\"}}],\"inLanguage\":\"de\"}]}<\/script>\n<!-- \/ Yoast SEO plugin. -->","yoast_head_json":{"title":"\u201eMusik ist der Schl\u00fcssel\u201c-Hoodie - martinschloegl.ch","robots":{"index":"index","follow":"follow","max-snippet":"max-snippet:-1","max-image-preview":"max-image-preview:large","max-video-preview":"max-video-preview:-1"},"canonical":"https:\/\/martinschloegl.ch\/de\/?post_type=product&p=4663","og_locale":"de_DE","og_type":"article","og_title":"\u201eMusik ist der Schl\u00fcssel\u201c-Hoodie - martinschloegl.ch","og_description":"Ein Hoodie, der sich gut anf\u00fchlt \u2013 weich auf der Haut, warm von innen und einfach jeden Tag zu tragen. Kombiniere ihn mit Deiner Jogginghose f\u00fcr einen entspannten Look oder mit einem Blazer oder einer Hose f\u00fcr einen eleganteren Look. Auf der Brust eine strahlende Sonne mit einem Notenschl\u00fcssel in der Mitte. Ein einfaches Symbol [&hellip;]","og_url":"https:\/\/martinschloegl.ch\/de\/?post_type=product&p=4663","og_site_name":"martinschloegl.ch","article_modified_time":"2025-10-09T13:40:48+00:00","og_image":[{"width":2000,"height":2000,"url":"https:\/\/martinschloegl.ch\/wp-content\/uploads\/2025\/10\/unisex-eco-raglan-hoodie-black-front-2-68de328b823cf.jpg","type":"image\/jpeg"}],"twitter_card":"summary_large_image","twitter_misc":{"Gesch\u00e4tzte Lesezeit":"1\u00a0Minute"},"schema":{"@context":"https:\/\/schema.org","@graph":[{"@type":"WebPage","@id":"https:\/\/martinschloegl.ch\/de\/?post_type=product&p=4663","url":"https:\/\/martinschloegl.ch\/de\/?post_type=product&p=4663","name":"\u201eMusik ist der Schl\u00fcssel\u201c-Hoodie - martinschloegl.ch","isPartOf":{"@id":"https:\/\/martinschloegl.ch\/#website"},"primaryImageOfPage":{"@id":"https:\/\/martinschloegl.ch\/de\/?post_type=product&p=4663#primaryimage"},"image":{"@id":"https:\/\/martinschloegl.ch\/de\/?post_type=product&p=4663#primaryimage"},"thumbnailUrl":"https:\/\/martinschloegl.ch\/wp-content\/uploads\/2025\/10\/unisex-eco-raglan-hoodie-black-front-2-68de328b823cf.jpg","datePublished":"2025-10-02T08:07:12+00:00","dateModified":"2025-10-09T13:40:48+00:00","breadcrumb":{"@id":"https:\/\/martinschloegl.ch\/de\/?post_type=product&p=4663#breadcrumb"},"inLanguage":"de","potentialAction":[{"@type":"ReadAction","target":["https:\/\/martinschloegl.ch\/de\/?post_type=product&p=4663"]}]},{"@type":"ImageObject","inLanguage":"de","@id":"https:\/\/martinschloegl.ch\/de\/?post_type=product&p=4663#primaryimage","url":"https:\/\/martinschloegl.ch\/wp-content\/uploads\/2025\/10\/unisex-eco-raglan-hoodie-black-front-2-68de328b823cf.jpg","contentUrl":"https:\/\/martinschloegl.ch\/wp-content\/uploads\/2025\/10\/unisex-eco-raglan-hoodie-black-front-2-68de328b823cf.jpg","width":2000,"height":2000},{"@type":"BreadcrumbList","@id":"https:\/\/martinschloegl.ch\/de\/?post_type=product&p=4663#breadcrumb","itemListElement":[{"@type":"ListItem","position":1,"name":"Home","item":"https:\/\/martinschloegl.ch\/de\/"},{"@type":"ListItem","position":2,"name":"Shop","item":"https:\/\/martinschloegl.ch\/de\/shop\/"},{"@type":"ListItem","position":3,"name":"\u201eMusik ist der Schl\u00fcssel\u201c-Hoodie"}]},{"@type":"WebSite","@id":"https:\/\/martinschloegl.ch\/#website","url":"https:\/\/martinschloegl.ch\/","name":"martinschloegl.ch","description":"","potentialAction":[{"@type":"SearchAction","target":{"@type":"EntryPoint","urlTemplate":"https:\/\/martinschloegl.ch\/?s={search_term_string}"},"query-input":{"@type":"PropertyValueSpecification","valueRequired":true,"valueName":"search_term_string"}}],"inLanguage":"de"}]}},"jetpack_sharing_enabled":true,"_links":{"self":[{"href":"https:\/\/martinschloegl.ch\/de\/wp-json\/wp\/v2\/product\/4663","targetHints":{"allow":["GET"]}}],"collection":[{"href":"https:\/\/martinschloegl.ch\/de\/wp-json\/wp\/v2\/product"}],"about":[{"href":"https:\/\/martinschloegl.ch\/de\/wp-json\/wp\/v2\/types\/product"}],"replies":[{"embeddable":true,"href":"https:\/\/martinschloegl.ch\/de\/wp-json\/wp\/v2\/comments?post=4663"}],"wp:featuredmedia":[{"embeddable":true,"href":"https:\/\/martinschloegl.ch\/de\/wp-json\/wp\/v2\/media\/4307"}],"wp:attachment":[{"href":"https:\/\/martinschloegl.ch\/de\/wp-json\/wp\/v2\/media?parent=4663"}],"wp:term":[{"taxonomy":"product_brand","embeddable":true,"href":"https:\/\/martinschloegl.ch\/de\/wp-json\/wp\/v2\/product_brand?post=4663"},{"taxonomy":"product_cat","embeddable":true,"href":"https:\/\/martinschloegl.ch\/de\/wp-json\/wp\/v2\/product_cat?post=4663"},{"taxonomy":"product_tag","embeddable":true,"href":"https:\/\/martinschloegl.ch\/de\/wp-json\/wp\/v2\/product_tag?post=4663"}],"curies":[{"name":"wp","href":"https:\/\/api.w.org\/{rel}","templated":true}]}}