{"id":4706,"date":"2025-10-02T10:13:12","date_gmt":"2025-10-02T08:13:12","guid":{"rendered":"https:\/\/martinschloegl.ch\/product\/music-is-the-key-socken\/"},"modified":"2025-10-09T15:39:30","modified_gmt":"2025-10-09T13:39:30","slug":"music-is-the-key-socken","status":"publish","type":"product","link":"https:\/\/martinschloegl.ch\/de\/produkt\/music-is-the-key-socken\/","title":{"rendered":"\u201eMusik ist der Schl\u00fcssel\u201c-Socken"},"content":{"rendered":"<p>F\u00fcr allt\u00e4glichen Komfort entwickelt, verf\u00fcgen diese Socken \u00fcber eine gepolsterte Sohle und eine weiche Passform, die sich den ganzen Tag \u00fcber gut anf\u00fchlt. Die Fuss-Sohle ist klassisch schwarz, w\u00e4hrend das Bein auf Weiss unser Kunstwerk in lebendigen, dauerhaften Farben zeigt, die nicht verblassen. <\/p>\n<p>An jedem Kn\u00f6chel scheint eine strahlende Sonne mit einem Violinschl\u00fcssel in ihrer Mitte \u2013 eine Erinnerung daran, dass Musik der Schl\u00fcssel zum Herzen ist. Und genau wie das Symbol andeutet, werden diese Sonnen deine F\u00fc\u00dfe warm halten, selbst an den k\u00e4ltesten Tagen. <\/p>\n<p>\u2022 60 % Nylon, 22 % Baumwolle, 18 % Elasthan<br \/>\u2022 Wadenlang<br \/>\u2022 Gepolsterte Sohle<br \/>\u2022 Gerippter Schaft<br \/>\u2022 Rohprodukt aus China bezogen<\/p>\n<p>Dieses Produkt wird speziell f\u00fcr dich angefertigt, sobald du eine Bestellung aufgibst, weshalb es etwas l\u00e4nger dauert, bis wir es dir liefern. Die bedarfsgerechte Herstellung von Produkten anstelle von Massenware tr\u00e4gt dazu bei, die \u00dcberproduktion zu reduzieren. Vielen Dank, dass du durchdachte Kaufentscheidungen triffst! <\/p>\n<p>Altersbeschr\u00e4nkungen: F\u00fcr Erwachsene<br \/>EU-Garantie: 2 Jahre<br \/>Weitere Konformit\u00e4tsinformationen: Erf\u00fcllt die Anforderungen bez\u00fcglich Entflammbarkeit sowie Organozinn- und Azofarbstoffgehalt.<\/p>\n<p>In \u00dcbereinstimmung mit der Allgemeinen Produktsicherheitsverordnung (GPSR) stellen <b>Oak inc.<\/b> und <b>SINDEN VENTURES LIMITED<\/b> sicher, dass alle angebotenen Konsumg\u00fcter sicher sind und den EU-Standards entsprechen. F\u00fcr produktbezogene Sicherheitsanfragen oder Bedenken wende dich bitte an unseren EU-Vertreter unter <g id=\"gid_2\">gpsr@sindenventures.com<\/g>. Du kannst uns auch schreiben an <b>123 Main Street, Anytown, Country<\/b> oder<b> Markou Evgenikou 11, Mesa Geitonia, 4002, Limassol, Zypern.  <b><\/b><\/p>\n","protected":false},"excerpt":{"rendered":"<p>F\u00fcr allt\u00e4glichen Komfort entwickelt, verf\u00fcgen diese Socken \u00fcber eine gepolsterte Sohle und eine weiche Passform, die sich den ganzen Tag \u00fcber gut anf\u00fchlt. Die Fuss-Sohle ist klassisch schwarz, w\u00e4hrend das Bein auf Weiss unser Kunstwerk in lebendigen, dauerhaften Farben zeigt, die nicht verblassen. An jedem Kn\u00f6chel scheint eine strahlende Sonne mit einem Violinschl\u00fcssel in ihrer [&hellip;]<\/p>\n","protected":false},"featured_media":4335,"comment_status":"open","ping_status":"closed","template":"","meta":[],"product_brand":[],"product_cat":[189],"product_tag":[],"class_list":{"0":"post-4706","1":"product","2":"type-product","3":"status-publish","4":"has-post-thumbnail","6":"product_cat-kleidung","7":"post-wrapper","8":"thrv_wrapper","10":"first","11":"instock","12":"taxable","13":"shipping-taxable","14":"purchasable","15":"product-type-variable"},"yoast_head":"<!-- This site is optimized with the Yoast SEO plugin v27.3 - https:\/\/yoast.com\/product\/yoast-seo-wordpress\/ -->\n<title>\u201eMusik ist der Schl\u00fcssel\u201c-Socken - martinschloegl.ch<\/title>\n<meta name=\"robots\" content=\"index, follow, max-snippet:-1, max-image-preview:large, max-video-preview:-1\" \/>\n<link rel=\"canonical\" href=\"https:\/\/martinschloegl.ch\/de\/?post_type=product&p=4706\" \/>\n<meta property=\"og:locale\" content=\"de_DE\" \/>\n<meta property=\"og:type\" content=\"article\" \/>\n<meta property=\"og:title\" content=\"\u201eMusik ist der Schl\u00fcssel\u201c-Socken - martinschloegl.ch\" \/>\n<meta property=\"og:description\" content=\"F\u00fcr allt\u00e4glichen Komfort entwickelt, verf\u00fcgen diese Socken \u00fcber eine gepolsterte Sohle und eine weiche Passform, die sich den ganzen Tag \u00fcber gut anf\u00fchlt. Die Fuss-Sohle ist klassisch schwarz, w\u00e4hrend das Bein auf Weiss unser Kunstwerk in lebendigen, dauerhaften Farben zeigt, die nicht verblassen. An jedem Kn\u00f6chel scheint eine strahlende Sonne mit einem Violinschl\u00fcssel in ihrer [&hellip;]\" \/>\n<meta property=\"og:url\" content=\"https:\/\/martinschloegl.ch\/de\/?post_type=product&amp;p=4706\" \/>\n<meta property=\"og:site_name\" content=\"martinschloegl.ch\" \/>\n<meta property=\"article:modified_time\" content=\"2025-10-09T13:39:30+00:00\" \/>\n<meta property=\"og:image\" content=\"https:\/\/martinschloegl.ch\/wp-content\/uploads\/2025\/10\/black-foot-sublimated-socks-left-68de33fe5906a.jpg\" \/>\n\t<meta property=\"og:image:width\" content=\"1000\" \/>\n\t<meta property=\"og:image:height\" content=\"1000\" \/>\n\t<meta property=\"og:image:type\" content=\"image\/jpeg\" \/>\n<meta name=\"twitter:card\" content=\"summary_large_image\" \/>\n<meta name=\"twitter:label1\" content=\"Gesch\u00e4tzte Lesezeit\" \/>\n\t<meta name=\"twitter:data1\" content=\"1\u00a0Minute\" \/>\n<script type=\"application\/ld+json\" class=\"yoast-schema-graph\">{\"@context\":\"https:\\\/\\\/schema.org\",\"@graph\":[{\"@type\":\"WebPage\",\"@id\":\"https:\\\/\\\/martinschloegl.ch\\\/de\\\/?post_type=product&p=4706\",\"url\":\"https:\\\/\\\/martinschloegl.ch\\\/de\\\/?post_type=product&p=4706\",\"name\":\"\u201eMusik ist der Schl\u00fcssel\u201c-Socken - martinschloegl.ch\",\"isPartOf\":{\"@id\":\"https:\\\/\\\/martinschloegl.ch\\\/#website\"},\"primaryImageOfPage\":{\"@id\":\"https:\\\/\\\/martinschloegl.ch\\\/de\\\/?post_type=product&p=4706#primaryimage\"},\"image\":{\"@id\":\"https:\\\/\\\/martinschloegl.ch\\\/de\\\/?post_type=product&p=4706#primaryimage\"},\"thumbnailUrl\":\"https:\\\/\\\/martinschloegl.ch\\\/wp-content\\\/uploads\\\/2025\\\/10\\\/black-foot-sublimated-socks-left-68de33fe5906a.jpg\",\"datePublished\":\"2025-10-02T08:13:12+00:00\",\"dateModified\":\"2025-10-09T13:39:30+00:00\",\"breadcrumb\":{\"@id\":\"https:\\\/\\\/martinschloegl.ch\\\/de\\\/?post_type=product&p=4706#breadcrumb\"},\"inLanguage\":\"de\",\"potentialAction\":[{\"@type\":\"ReadAction\",\"target\":[\"https:\\\/\\\/martinschloegl.ch\\\/de\\\/?post_type=product&p=4706\"]}]},{\"@type\":\"ImageObject\",\"inLanguage\":\"de\",\"@id\":\"https:\\\/\\\/martinschloegl.ch\\\/de\\\/?post_type=product&p=4706#primaryimage\",\"url\":\"https:\\\/\\\/martinschloegl.ch\\\/wp-content\\\/uploads\\\/2025\\\/10\\\/black-foot-sublimated-socks-left-68de33fe5906a.jpg\",\"contentUrl\":\"https:\\\/\\\/martinschloegl.ch\\\/wp-content\\\/uploads\\\/2025\\\/10\\\/black-foot-sublimated-socks-left-68de33fe5906a.jpg\",\"width\":1000,\"height\":1000},{\"@type\":\"BreadcrumbList\",\"@id\":\"https:\\\/\\\/martinschloegl.ch\\\/de\\\/?post_type=product&p=4706#breadcrumb\",\"itemListElement\":[{\"@type\":\"ListItem\",\"position\":1,\"name\":\"Home\",\"item\":\"https:\\\/\\\/martinschloegl.ch\\\/de\\\/\"},{\"@type\":\"ListItem\",\"position\":2,\"name\":\"Shop\",\"item\":\"https:\\\/\\\/martinschloegl.ch\\\/de\\\/shop\\\/\"},{\"@type\":\"ListItem\",\"position\":3,\"name\":\"\u201eMusik ist der Schl\u00fcssel\u201c-Socken\"}]},{\"@type\":\"WebSite\",\"@id\":\"https:\\\/\\\/martinschloegl.ch\\\/#website\",\"url\":\"https:\\\/\\\/martinschloegl.ch\\\/\",\"name\":\"martinschloegl.ch\",\"description\":\"\",\"potentialAction\":[{\"@type\":\"SearchAction\",\"target\":{\"@type\":\"EntryPoint\",\"urlTemplate\":\"https:\\\/\\\/martinschloegl.ch\\\/?s={search_term_string}\"},\"query-input\":{\"@type\":\"PropertyValueSpecification\",\"valueRequired\":true,\"valueName\":\"search_term_string\"}}],\"inLanguage\":\"de\"}]}<\/script>\n<!-- \/ Yoast SEO plugin. -->","yoast_head_json":{"title":"\u201eMusik ist der Schl\u00fcssel\u201c-Socken - martinschloegl.ch","robots":{"index":"index","follow":"follow","max-snippet":"max-snippet:-1","max-image-preview":"max-image-preview:large","max-video-preview":"max-video-preview:-1"},"canonical":"https:\/\/martinschloegl.ch\/de\/?post_type=product&p=4706","og_locale":"de_DE","og_type":"article","og_title":"\u201eMusik ist der Schl\u00fcssel\u201c-Socken - martinschloegl.ch","og_description":"F\u00fcr allt\u00e4glichen Komfort entwickelt, verf\u00fcgen diese Socken \u00fcber eine gepolsterte Sohle und eine weiche Passform, die sich den ganzen Tag \u00fcber gut anf\u00fchlt. Die Fuss-Sohle ist klassisch schwarz, w\u00e4hrend das Bein auf Weiss unser Kunstwerk in lebendigen, dauerhaften Farben zeigt, die nicht verblassen. An jedem Kn\u00f6chel scheint eine strahlende Sonne mit einem Violinschl\u00fcssel in ihrer [&hellip;]","og_url":"https:\/\/martinschloegl.ch\/de\/?post_type=product&p=4706","og_site_name":"martinschloegl.ch","article_modified_time":"2025-10-09T13:39:30+00:00","og_image":[{"width":1000,"height":1000,"url":"https:\/\/martinschloegl.ch\/wp-content\/uploads\/2025\/10\/black-foot-sublimated-socks-left-68de33fe5906a.jpg","type":"image\/jpeg"}],"twitter_card":"summary_large_image","twitter_misc":{"Gesch\u00e4tzte Lesezeit":"1\u00a0Minute"},"schema":{"@context":"https:\/\/schema.org","@graph":[{"@type":"WebPage","@id":"https:\/\/martinschloegl.ch\/de\/?post_type=product&p=4706","url":"https:\/\/martinschloegl.ch\/de\/?post_type=product&p=4706","name":"\u201eMusik ist der Schl\u00fcssel\u201c-Socken - martinschloegl.ch","isPartOf":{"@id":"https:\/\/martinschloegl.ch\/#website"},"primaryImageOfPage":{"@id":"https:\/\/martinschloegl.ch\/de\/?post_type=product&p=4706#primaryimage"},"image":{"@id":"https:\/\/martinschloegl.ch\/de\/?post_type=product&p=4706#primaryimage"},"thumbnailUrl":"https:\/\/martinschloegl.ch\/wp-content\/uploads\/2025\/10\/black-foot-sublimated-socks-left-68de33fe5906a.jpg","datePublished":"2025-10-02T08:13:12+00:00","dateModified":"2025-10-09T13:39:30+00:00","breadcrumb":{"@id":"https:\/\/martinschloegl.ch\/de\/?post_type=product&p=4706#breadcrumb"},"inLanguage":"de","potentialAction":[{"@type":"ReadAction","target":["https:\/\/martinschloegl.ch\/de\/?post_type=product&p=4706"]}]},{"@type":"ImageObject","inLanguage":"de","@id":"https:\/\/martinschloegl.ch\/de\/?post_type=product&p=4706#primaryimage","url":"https:\/\/martinschloegl.ch\/wp-content\/uploads\/2025\/10\/black-foot-sublimated-socks-left-68de33fe5906a.jpg","contentUrl":"https:\/\/martinschloegl.ch\/wp-content\/uploads\/2025\/10\/black-foot-sublimated-socks-left-68de33fe5906a.jpg","width":1000,"height":1000},{"@type":"BreadcrumbList","@id":"https:\/\/martinschloegl.ch\/de\/?post_type=product&p=4706#breadcrumb","itemListElement":[{"@type":"ListItem","position":1,"name":"Home","item":"https:\/\/martinschloegl.ch\/de\/"},{"@type":"ListItem","position":2,"name":"Shop","item":"https:\/\/martinschloegl.ch\/de\/shop\/"},{"@type":"ListItem","position":3,"name":"\u201eMusik ist der Schl\u00fcssel\u201c-Socken"}]},{"@type":"WebSite","@id":"https:\/\/martinschloegl.ch\/#website","url":"https:\/\/martinschloegl.ch\/","name":"martinschloegl.ch","description":"","potentialAction":[{"@type":"SearchAction","target":{"@type":"EntryPoint","urlTemplate":"https:\/\/martinschloegl.ch\/?s={search_term_string}"},"query-input":{"@type":"PropertyValueSpecification","valueRequired":true,"valueName":"search_term_string"}}],"inLanguage":"de"}]}},"jetpack_sharing_enabled":true,"_links":{"self":[{"href":"https:\/\/martinschloegl.ch\/de\/wp-json\/wp\/v2\/product\/4706","targetHints":{"allow":["GET"]}}],"collection":[{"href":"https:\/\/martinschloegl.ch\/de\/wp-json\/wp\/v2\/product"}],"about":[{"href":"https:\/\/martinschloegl.ch\/de\/wp-json\/wp\/v2\/types\/product"}],"replies":[{"embeddable":true,"href":"https:\/\/martinschloegl.ch\/de\/wp-json\/wp\/v2\/comments?post=4706"}],"wp:featuredmedia":[{"embeddable":true,"href":"https:\/\/martinschloegl.ch\/de\/wp-json\/wp\/v2\/media\/4335"}],"wp:attachment":[{"href":"https:\/\/martinschloegl.ch\/de\/wp-json\/wp\/v2\/media?parent=4706"}],"wp:term":[{"taxonomy":"product_brand","embeddable":true,"href":"https:\/\/martinschloegl.ch\/de\/wp-json\/wp\/v2\/product_brand?post=4706"},{"taxonomy":"product_cat","embeddable":true,"href":"https:\/\/martinschloegl.ch\/de\/wp-json\/wp\/v2\/product_cat?post=4706"},{"taxonomy":"product_tag","embeddable":true,"href":"https:\/\/martinschloegl.ch\/de\/wp-json\/wp\/v2\/product_tag?post=4706"}],"curies":[{"name":"wp","href":"https:\/\/api.w.org\/{rel}","templated":true}]}}