{"id":4710,"date":"2025-09-28T16:46:33","date_gmt":"2025-09-28T14:46:33","guid":{"rendered":"https:\/\/martinschloegl.ch\/product\/musik-ist-der-schluessel-tanktop\/"},"modified":"2025-10-15T21:10:21","modified_gmt":"2025-10-15T19:10:21","slug":"musik-ist-der-schluessel-tanktop","status":"publish","type":"product","link":"https:\/\/martinschloegl.ch\/de\/produkt\/musik-ist-der-schluessel-tanktop\/","title":{"rendered":"\u201eMusik ist der Schl\u00fcssel\u201c Tanktop"},"content":{"rendered":"<p>Ein zeitloses Kleidungsst\u00fcck aus weichem, hochwertigem Stoff f\u00fcr t\u00e4glichen Komfort. Dieses Tanktop im klassischen Schnitt passt zu Jeans, Shorts oder Lagenlooks.<\/p>\n<p>Auf der Brust die strahlende Sonne mit einem Violinschl\u00fcssel in der Mitte \u2013 eine einfache Erinnerung daran, dass Musik der Schl\u00fcssel zum Herzen ist.<\/p>\n<p>Leicht, vielseitig und bedeutungsvoll \u2013 ein Basic f\u00fcr jede Jahreszeit. <\/p>\n<p>\u2022 100 % gek\u00e4mmte und ringgesponnene Baumwolle<br \/>\n\u2022 Tri-Blends bestehen aus 50 % Polyester\/25 % gek\u00e4mmter\/25 % ringgesponnener Baumwolle\/Rayon<br \/>\n\u2022 Stoffgewicht: 142,40 g\/m\u00b2 (4,2 oz\/yd\u00b2), Triblends: 90,07 g\/m\u00b2 (3,8 oz\/yd\u00b2)<br \/>\n\u2022 30 Single-Fadengewicht<br \/>\n\u2022 Seitenn\u00e4hte<br \/>\n\u2022 Rohprodukt aus Nicaragua, Honduras oder den USA<\/p>\n<p>Dieses Produkt wird speziell f\u00fcr dich angefertigt, sobald du eine Bestellung aufgibst, weshalb es etwas l\u00e4nger dauert, bis wir es dir liefern k\u00f6nnen. Die Herstellung von Produkten auf Bestellung statt in gro\u00dfen Mengen tr\u00e4gt dazu bei, die \u00dcberproduktion zu reduzieren. Vielen Dank, dass du durchdachte Kaufentscheidungen triffst!<\/p>\n<p>Altersbeschr\u00e4nkungen: F\u00fcr Erwachsene<br \/>\nEU-Garantie: 2 Jahre<br \/>\nSonstige Compliance-Informationen: Erf\u00fcllt die Anforderungen an die Entflammbarkeit.<\/p>\n<p>In \u00dcbereinstimmung mit der Allgemeinen Produktsicherheitsverordnung (GPSR) stellen <b>Oak inc.<\/b> und <b>SINDEN VENTURES LIMITED<\/b> sicher, dass alle angebotenen Konsumg\u00fcter sicher sind und den EU-Standards entsprechen. F\u00fcr produktbezogene Sicherheitsanfragen oder Bedenken wende dich bitte an unseren EU-Vertreter unter <b>gpsr@sindenventures.com<\/b>. Du kannst uns auch schreiben an: <b>123 Main Street, Anytown, Country<\/b> oder<b> Markou Evgenikou 11, Mesa Geitonia, 4002, Limassol, Zypern.<b><\/b><\/p>\n","protected":false},"excerpt":{"rendered":"<p>Ein zeitloses Kleidungsst\u00fcck aus weichem, hochwertigem Stoff f\u00fcr t\u00e4glichen Komfort. Dieses Tanktop im klassischen Schnitt passt zu Jeans, Shorts oder Lagenlooks. Auf der Brust die strahlende Sonne mit einem Violinschl\u00fcssel in der Mitte \u2013 eine einfache Erinnerung daran, dass Musik der Schl\u00fcssel zum Herzen ist. Leicht, vielseitig und bedeutungsvoll \u2013 ein Basic f\u00fcr jede Jahreszeit. [&hellip;]<\/p>\n","protected":false},"featured_media":4343,"comment_status":"open","ping_status":"closed","template":"","meta":[],"product_brand":[],"product_cat":[189],"product_tag":[],"class_list":{"0":"post-4710","1":"product","2":"type-product","3":"status-publish","4":"has-post-thumbnail","6":"product_cat-kleidung","7":"post-wrapper","8":"thrv_wrapper","10":"first","11":"instock","12":"taxable","13":"shipping-taxable","14":"purchasable","15":"product-type-variable"},"yoast_head":"<!-- This site is optimized with the Yoast SEO plugin v27.3 - https:\/\/yoast.com\/product\/yoast-seo-wordpress\/ -->\n<title>\u201eMusik ist der Schl\u00fcssel\u201c Tanktop - martinschloegl.ch<\/title>\n<meta name=\"robots\" content=\"index, follow, max-snippet:-1, max-image-preview:large, max-video-preview:-1\" \/>\n<link rel=\"canonical\" href=\"https:\/\/martinschloegl.ch\/de\/produkt\/musik-ist-der-schluessel-tanktop\/\" \/>\n<meta property=\"og:locale\" content=\"de_DE\" \/>\n<meta property=\"og:type\" content=\"article\" \/>\n<meta property=\"og:title\" content=\"\u201eMusik ist der Schl\u00fcssel\u201c Tanktop - martinschloegl.ch\" \/>\n<meta property=\"og:description\" content=\"Ein zeitloses Kleidungsst\u00fcck aus weichem, hochwertigem Stoff f\u00fcr t\u00e4glichen Komfort. Dieses Tanktop im klassischen Schnitt passt zu Jeans, Shorts oder Lagenlooks. Auf der Brust die strahlende Sonne mit einem Violinschl\u00fcssel in der Mitte \u2013 eine einfache Erinnerung daran, dass Musik der Schl\u00fcssel zum Herzen ist. Leicht, vielseitig und bedeutungsvoll \u2013 ein Basic f\u00fcr jede Jahreszeit. [&hellip;]\" \/>\n<meta property=\"og:url\" content=\"https:\/\/martinschloegl.ch\/de\/produkt\/musik-ist-der-schluessel-tanktop\/\" \/>\n<meta property=\"og:site_name\" content=\"martinschloegl.ch\" \/>\n<meta property=\"article:modified_time\" content=\"2025-10-15T19:10:21+00:00\" \/>\n<meta property=\"og:image\" content=\"https:\/\/martinschloegl.ch\/wp-content\/uploads\/2025\/10\/mens-staple-tank-top-black-front-68de3553099a1.jpg\" \/>\n\t<meta property=\"og:image:width\" content=\"2000\" \/>\n\t<meta property=\"og:image:height\" content=\"2000\" \/>\n\t<meta property=\"og:image:type\" content=\"image\/jpeg\" \/>\n<meta name=\"twitter:card\" content=\"summary_large_image\" \/>\n<meta name=\"twitter:label1\" content=\"Gesch\u00e4tzte Lesezeit\" \/>\n\t<meta name=\"twitter:data1\" content=\"1\u00a0Minute\" \/>\n<script type=\"application\/ld+json\" class=\"yoast-schema-graph\">{\"@context\":\"https:\\\/\\\/schema.org\",\"@graph\":[{\"@type\":\"WebPage\",\"@id\":\"https:\\\/\\\/martinschloegl.ch\\\/de\\\/produkt\\\/musik-ist-der-schluessel-tanktop\\\/\",\"url\":\"https:\\\/\\\/martinschloegl.ch\\\/de\\\/produkt\\\/musik-ist-der-schluessel-tanktop\\\/\",\"name\":\"\u201eMusik ist der Schl\u00fcssel\u201c Tanktop - martinschloegl.ch\",\"isPartOf\":{\"@id\":\"https:\\\/\\\/martinschloegl.ch\\\/#website\"},\"primaryImageOfPage\":{\"@id\":\"https:\\\/\\\/martinschloegl.ch\\\/de\\\/produkt\\\/musik-ist-der-schluessel-tanktop\\\/#primaryimage\"},\"image\":{\"@id\":\"https:\\\/\\\/martinschloegl.ch\\\/de\\\/produkt\\\/musik-ist-der-schluessel-tanktop\\\/#primaryimage\"},\"thumbnailUrl\":\"https:\\\/\\\/martinschloegl.ch\\\/wp-content\\\/uploads\\\/2025\\\/10\\\/mens-staple-tank-top-black-front-68de3553099a1.jpg\",\"datePublished\":\"2025-09-28T14:46:33+00:00\",\"dateModified\":\"2025-10-15T19:10:21+00:00\",\"breadcrumb\":{\"@id\":\"https:\\\/\\\/martinschloegl.ch\\\/de\\\/produkt\\\/musik-ist-der-schluessel-tanktop\\\/#breadcrumb\"},\"inLanguage\":\"de\",\"potentialAction\":[{\"@type\":\"ReadAction\",\"target\":[\"https:\\\/\\\/martinschloegl.ch\\\/de\\\/produkt\\\/musik-ist-der-schluessel-tanktop\\\/\"]}]},{\"@type\":\"ImageObject\",\"inLanguage\":\"de\",\"@id\":\"https:\\\/\\\/martinschloegl.ch\\\/de\\\/produkt\\\/musik-ist-der-schluessel-tanktop\\\/#primaryimage\",\"url\":\"https:\\\/\\\/martinschloegl.ch\\\/wp-content\\\/uploads\\\/2025\\\/10\\\/mens-staple-tank-top-black-front-68de3553099a1.jpg\",\"contentUrl\":\"https:\\\/\\\/martinschloegl.ch\\\/wp-content\\\/uploads\\\/2025\\\/10\\\/mens-staple-tank-top-black-front-68de3553099a1.jpg\",\"width\":2000,\"height\":2000},{\"@type\":\"BreadcrumbList\",\"@id\":\"https:\\\/\\\/martinschloegl.ch\\\/de\\\/produkt\\\/musik-ist-der-schluessel-tanktop\\\/#breadcrumb\",\"itemListElement\":[{\"@type\":\"ListItem\",\"position\":1,\"name\":\"Home\",\"item\":\"https:\\\/\\\/martinschloegl.ch\\\/de\\\/\"},{\"@type\":\"ListItem\",\"position\":2,\"name\":\"Shop\",\"item\":\"https:\\\/\\\/martinschloegl.ch\\\/de\\\/shop\\\/\"},{\"@type\":\"ListItem\",\"position\":3,\"name\":\"\u201eMusik ist der Schl\u00fcssel\u201c Tanktop\"}]},{\"@type\":\"WebSite\",\"@id\":\"https:\\\/\\\/martinschloegl.ch\\\/#website\",\"url\":\"https:\\\/\\\/martinschloegl.ch\\\/\",\"name\":\"martinschloegl.ch\",\"description\":\"\",\"potentialAction\":[{\"@type\":\"SearchAction\",\"target\":{\"@type\":\"EntryPoint\",\"urlTemplate\":\"https:\\\/\\\/martinschloegl.ch\\\/?s={search_term_string}\"},\"query-input\":{\"@type\":\"PropertyValueSpecification\",\"valueRequired\":true,\"valueName\":\"search_term_string\"}}],\"inLanguage\":\"de\"}]}<\/script>\n<!-- \/ Yoast SEO plugin. -->","yoast_head_json":{"title":"\u201eMusik ist der Schl\u00fcssel\u201c Tanktop - martinschloegl.ch","robots":{"index":"index","follow":"follow","max-snippet":"max-snippet:-1","max-image-preview":"max-image-preview:large","max-video-preview":"max-video-preview:-1"},"canonical":"https:\/\/martinschloegl.ch\/de\/produkt\/musik-ist-der-schluessel-tanktop\/","og_locale":"de_DE","og_type":"article","og_title":"\u201eMusik ist der Schl\u00fcssel\u201c Tanktop - martinschloegl.ch","og_description":"Ein zeitloses Kleidungsst\u00fcck aus weichem, hochwertigem Stoff f\u00fcr t\u00e4glichen Komfort. Dieses Tanktop im klassischen Schnitt passt zu Jeans, Shorts oder Lagenlooks. Auf der Brust die strahlende Sonne mit einem Violinschl\u00fcssel in der Mitte \u2013 eine einfache Erinnerung daran, dass Musik der Schl\u00fcssel zum Herzen ist. Leicht, vielseitig und bedeutungsvoll \u2013 ein Basic f\u00fcr jede Jahreszeit. [&hellip;]","og_url":"https:\/\/martinschloegl.ch\/de\/produkt\/musik-ist-der-schluessel-tanktop\/","og_site_name":"martinschloegl.ch","article_modified_time":"2025-10-15T19:10:21+00:00","og_image":[{"width":2000,"height":2000,"url":"https:\/\/martinschloegl.ch\/wp-content\/uploads\/2025\/10\/mens-staple-tank-top-black-front-68de3553099a1.jpg","type":"image\/jpeg"}],"twitter_card":"summary_large_image","twitter_misc":{"Gesch\u00e4tzte Lesezeit":"1\u00a0Minute"},"schema":{"@context":"https:\/\/schema.org","@graph":[{"@type":"WebPage","@id":"https:\/\/martinschloegl.ch\/de\/produkt\/musik-ist-der-schluessel-tanktop\/","url":"https:\/\/martinschloegl.ch\/de\/produkt\/musik-ist-der-schluessel-tanktop\/","name":"\u201eMusik ist der Schl\u00fcssel\u201c Tanktop - martinschloegl.ch","isPartOf":{"@id":"https:\/\/martinschloegl.ch\/#website"},"primaryImageOfPage":{"@id":"https:\/\/martinschloegl.ch\/de\/produkt\/musik-ist-der-schluessel-tanktop\/#primaryimage"},"image":{"@id":"https:\/\/martinschloegl.ch\/de\/produkt\/musik-ist-der-schluessel-tanktop\/#primaryimage"},"thumbnailUrl":"https:\/\/martinschloegl.ch\/wp-content\/uploads\/2025\/10\/mens-staple-tank-top-black-front-68de3553099a1.jpg","datePublished":"2025-09-28T14:46:33+00:00","dateModified":"2025-10-15T19:10:21+00:00","breadcrumb":{"@id":"https:\/\/martinschloegl.ch\/de\/produkt\/musik-ist-der-schluessel-tanktop\/#breadcrumb"},"inLanguage":"de","potentialAction":[{"@type":"ReadAction","target":["https:\/\/martinschloegl.ch\/de\/produkt\/musik-ist-der-schluessel-tanktop\/"]}]},{"@type":"ImageObject","inLanguage":"de","@id":"https:\/\/martinschloegl.ch\/de\/produkt\/musik-ist-der-schluessel-tanktop\/#primaryimage","url":"https:\/\/martinschloegl.ch\/wp-content\/uploads\/2025\/10\/mens-staple-tank-top-black-front-68de3553099a1.jpg","contentUrl":"https:\/\/martinschloegl.ch\/wp-content\/uploads\/2025\/10\/mens-staple-tank-top-black-front-68de3553099a1.jpg","width":2000,"height":2000},{"@type":"BreadcrumbList","@id":"https:\/\/martinschloegl.ch\/de\/produkt\/musik-ist-der-schluessel-tanktop\/#breadcrumb","itemListElement":[{"@type":"ListItem","position":1,"name":"Home","item":"https:\/\/martinschloegl.ch\/de\/"},{"@type":"ListItem","position":2,"name":"Shop","item":"https:\/\/martinschloegl.ch\/de\/shop\/"},{"@type":"ListItem","position":3,"name":"\u201eMusik ist der Schl\u00fcssel\u201c Tanktop"}]},{"@type":"WebSite","@id":"https:\/\/martinschloegl.ch\/#website","url":"https:\/\/martinschloegl.ch\/","name":"martinschloegl.ch","description":"","potentialAction":[{"@type":"SearchAction","target":{"@type":"EntryPoint","urlTemplate":"https:\/\/martinschloegl.ch\/?s={search_term_string}"},"query-input":{"@type":"PropertyValueSpecification","valueRequired":true,"valueName":"search_term_string"}}],"inLanguage":"de"}]}},"jetpack_sharing_enabled":true,"_links":{"self":[{"href":"https:\/\/martinschloegl.ch\/de\/wp-json\/wp\/v2\/product\/4710","targetHints":{"allow":["GET"]}}],"collection":[{"href":"https:\/\/martinschloegl.ch\/de\/wp-json\/wp\/v2\/product"}],"about":[{"href":"https:\/\/martinschloegl.ch\/de\/wp-json\/wp\/v2\/types\/product"}],"replies":[{"embeddable":true,"href":"https:\/\/martinschloegl.ch\/de\/wp-json\/wp\/v2\/comments?post=4710"}],"wp:featuredmedia":[{"embeddable":true,"href":"https:\/\/martinschloegl.ch\/de\/wp-json\/wp\/v2\/media\/4343"}],"wp:attachment":[{"href":"https:\/\/martinschloegl.ch\/de\/wp-json\/wp\/v2\/media?parent=4710"}],"wp:term":[{"taxonomy":"product_brand","embeddable":true,"href":"https:\/\/martinschloegl.ch\/de\/wp-json\/wp\/v2\/product_brand?post=4710"},{"taxonomy":"product_cat","embeddable":true,"href":"https:\/\/martinschloegl.ch\/de\/wp-json\/wp\/v2\/product_cat?post=4710"},{"taxonomy":"product_tag","embeddable":true,"href":"https:\/\/martinschloegl.ch\/de\/wp-json\/wp\/v2\/product_tag?post=4710"}],"curies":[{"name":"wp","href":"https:\/\/api.w.org\/{rel}","templated":true}]}}