{"id":4741,"date":"2025-10-02T10:43:32","date_gmt":"2025-10-02T08:43:32","guid":{"rendered":"https:\/\/martinschloegl.ch\/product\/music-is-the-key-t-shirt-bio-baumwolle\/"},"modified":"2025-10-09T15:36:04","modified_gmt":"2025-10-09T13:36:04","slug":"music-is-the-key-t-shirt-bio-baumwolle","status":"publish","type":"product","link":"https:\/\/martinschloegl.ch\/de\/produkt\/music-is-the-key-t-shirt-bio-baumwolle\/","title":{"rendered":"\u201eMusic is the key\u201c T-Shirt (Bio-Baumwolle)"},"content":{"rendered":"<p>Hergestellt aus 100 % ringgesponnener Bio-Baumwolle, ist dieses Unisex-T-Shirt weich, strapazierf\u00e4hig und umweltfreundlich \u2013 ein echtes Alltags-Essential. Die klassische Passform l\u00e4sst sich m\u00fchelos mit Jeans, Shorts oder anderen Looks kombinieren. <\/p>\n<p>Auf der Brust dient eine strahlende Sonne mit einem Notenschl\u00fcssel in der Mitte als subtile Erinnerung daran, dass Musik der Schl\u00fcssel zum Herzen ist. Bequem, nachhaltig und bedeutungsvoll \u2013 ein T-Shirt, zu dem du immer wieder greifen wirst. <\/p>\n<p>\u2022 100 % ringgesponnene Bio-Baumwolle<br \/>\u2022 Stoffgewicht: 5,3 oz.\/yd.\u00b2 (180 g\/m\u00b2)<br \/>\u2022 Single Jersey<br \/>\u2022 Mittlere Passform<br \/>\u2022 Eingesetzte \u00c4rmel<br \/>\u2022 1 \u00d7 1 Rippstrick am Kragen<br \/>\u2022 Breite Doppelnaht an \u00c4rmeln und Saum<br \/>\u2022 Nackenband aus Oberstoff (innen, im Nacken)<br \/>\u2022 Der Stoff dieses Produkts ist f\u00fcr seinen Bio-Baumwollanteil nach GOTS (Global Organic Textile Standard) und OCS (Organic Content Standard) zertifiziert<br \/>\u2022 Der Stoff dieses Produkts ist OEKO-TEX Standard 100 zertifiziert und PETA-Approved Vegan<br \/>\u2022 Rohprodukt bezogen aus Bangladesch<\/p>\n<p>Dieses Produkt wird speziell f\u00fcr dich angefertigt, sobald du eine Bestellung aufgibst, weshalb es etwas l\u00e4nger dauert, bis wir es dir liefern. Die bedarfsgerechte Herstellung von Produkten anstelle von Massenware tr\u00e4gt dazu bei, die \u00dcberproduktion zu reduzieren. Vielen Dank, dass du durchdachte Kaufentscheidungen triffst! <\/p>\n<p>Altersbeschr\u00e4nkungen: F\u00fcr Erwachsene<br \/>EU-Garantie: 2 Jahre<br \/>Sonstige Compliance-Informationen: Entspricht den EU-REACH-Anforderungen.<\/p>\n<p>In \u00dcbereinstimmung mit der Allgemeinen Produktsicherheitsverordnung (GPSR) stellen <b>Oak inc.<\/b> und <b>SINDEN VENTURES LIMITED<\/b> sicher, dass alle angebotenen Konsumg\u00fcter sicher sind und den EU-Standards entsprechen. F\u00fcr produktbezogene Sicherheitsanfragen oder Bedenken wende dich bitte an unseren EU-Vertreter unter <b>gpsr@sindenventures.com<\/b>. Du kannst uns auch schreiben an <b>123 Main Street, Anytown, Country<\/b> oder<b> Markou Evgenikou 11, Mesa Geitonia, 4002, Limassol, Zypern.  <b><\/b><\/p>\n","protected":false},"excerpt":{"rendered":"<p>Hergestellt aus 100 % ringgesponnener Bio-Baumwolle, ist dieses Unisex-T-Shirt weich, strapazierf\u00e4hig und umweltfreundlich \u2013 ein echtes Alltags-Essential. Die klassische Passform l\u00e4sst sich m\u00fchelos mit Jeans, Shorts oder anderen Looks kombinieren. Auf der Brust dient eine strahlende Sonne mit einem Notenschl\u00fcssel in der Mitte als subtile Erinnerung daran, dass Musik der Schl\u00fcssel zum Herzen ist. Bequem, [&hellip;]<\/p>\n","protected":false},"featured_media":4445,"comment_status":"open","ping_status":"closed","template":"","meta":[],"product_brand":[],"product_cat":[189],"product_tag":[],"class_list":{"0":"post-4741","1":"product","2":"type-product","3":"status-publish","4":"has-post-thumbnail","6":"product_cat-kleidung","7":"post-wrapper","8":"thrv_wrapper","10":"first","11":"instock","12":"taxable","13":"shipping-taxable","14":"purchasable","15":"product-type-variable"},"yoast_head":"<!-- This site is optimized with the Yoast SEO plugin v27.3 - https:\/\/yoast.com\/product\/yoast-seo-wordpress\/ -->\n<title>\u201eMusic is the key\u201c T-Shirt (Bio-Baumwolle) - martinschloegl.ch<\/title>\n<meta name=\"robots\" content=\"index, follow, max-snippet:-1, max-image-preview:large, max-video-preview:-1\" \/>\n<link rel=\"canonical\" href=\"https:\/\/martinschloegl.ch\/de\/?post_type=product&p=4741\" \/>\n<meta property=\"og:locale\" content=\"de_DE\" \/>\n<meta property=\"og:type\" content=\"article\" \/>\n<meta property=\"og:title\" content=\"\u201eMusic is the key\u201c T-Shirt (Bio-Baumwolle) - martinschloegl.ch\" \/>\n<meta property=\"og:description\" content=\"Hergestellt aus 100 % ringgesponnener Bio-Baumwolle, ist dieses Unisex-T-Shirt weich, strapazierf\u00e4hig und umweltfreundlich \u2013 ein echtes Alltags-Essential. Die klassische Passform l\u00e4sst sich m\u00fchelos mit Jeans, Shorts oder anderen Looks kombinieren. Auf der Brust dient eine strahlende Sonne mit einem Notenschl\u00fcssel in der Mitte als subtile Erinnerung daran, dass Musik der Schl\u00fcssel zum Herzen ist. Bequem, [&hellip;]\" \/>\n<meta property=\"og:url\" content=\"https:\/\/martinschloegl.ch\/de\/?post_type=product&amp;p=4741\" \/>\n<meta property=\"og:site_name\" content=\"martinschloegl.ch\" \/>\n<meta property=\"article:modified_time\" content=\"2025-10-09T13:36:04+00:00\" \/>\n<meta property=\"og:image\" content=\"https:\/\/martinschloegl.ch\/wp-content\/uploads\/2025\/10\/unisex-organic-cotton-t-shirt-black-front-68de3b10b0950.jpg\" \/>\n\t<meta property=\"og:image:width\" content=\"2000\" \/>\n\t<meta property=\"og:image:height\" content=\"2000\" \/>\n\t<meta property=\"og:image:type\" content=\"image\/jpeg\" \/>\n<meta name=\"twitter:card\" content=\"summary_large_image\" \/>\n<meta name=\"twitter:label1\" content=\"Gesch\u00e4tzte Lesezeit\" \/>\n\t<meta name=\"twitter:data1\" content=\"1\u00a0Minute\" \/>\n<script type=\"application\/ld+json\" class=\"yoast-schema-graph\">{\"@context\":\"https:\\\/\\\/schema.org\",\"@graph\":[{\"@type\":\"WebPage\",\"@id\":\"https:\\\/\\\/martinschloegl.ch\\\/de\\\/?post_type=product&p=4741\",\"url\":\"https:\\\/\\\/martinschloegl.ch\\\/de\\\/?post_type=product&p=4741\",\"name\":\"\u201eMusic is the key\u201c T-Shirt (Bio-Baumwolle) - martinschloegl.ch\",\"isPartOf\":{\"@id\":\"https:\\\/\\\/martinschloegl.ch\\\/#website\"},\"primaryImageOfPage\":{\"@id\":\"https:\\\/\\\/martinschloegl.ch\\\/de\\\/?post_type=product&p=4741#primaryimage\"},\"image\":{\"@id\":\"https:\\\/\\\/martinschloegl.ch\\\/de\\\/?post_type=product&p=4741#primaryimage\"},\"thumbnailUrl\":\"https:\\\/\\\/martinschloegl.ch\\\/wp-content\\\/uploads\\\/2025\\\/10\\\/unisex-organic-cotton-t-shirt-black-front-68de3b10b0950.jpg\",\"datePublished\":\"2025-10-02T08:43:32+00:00\",\"dateModified\":\"2025-10-09T13:36:04+00:00\",\"breadcrumb\":{\"@id\":\"https:\\\/\\\/martinschloegl.ch\\\/de\\\/?post_type=product&p=4741#breadcrumb\"},\"inLanguage\":\"de\",\"potentialAction\":[{\"@type\":\"ReadAction\",\"target\":[\"https:\\\/\\\/martinschloegl.ch\\\/de\\\/?post_type=product&p=4741\"]}]},{\"@type\":\"ImageObject\",\"inLanguage\":\"de\",\"@id\":\"https:\\\/\\\/martinschloegl.ch\\\/de\\\/?post_type=product&p=4741#primaryimage\",\"url\":\"https:\\\/\\\/martinschloegl.ch\\\/wp-content\\\/uploads\\\/2025\\\/10\\\/unisex-organic-cotton-t-shirt-black-front-68de3b10b0950.jpg\",\"contentUrl\":\"https:\\\/\\\/martinschloegl.ch\\\/wp-content\\\/uploads\\\/2025\\\/10\\\/unisex-organic-cotton-t-shirt-black-front-68de3b10b0950.jpg\",\"width\":2000,\"height\":2000},{\"@type\":\"BreadcrumbList\",\"@id\":\"https:\\\/\\\/martinschloegl.ch\\\/de\\\/?post_type=product&p=4741#breadcrumb\",\"itemListElement\":[{\"@type\":\"ListItem\",\"position\":1,\"name\":\"Home\",\"item\":\"https:\\\/\\\/martinschloegl.ch\\\/de\\\/\"},{\"@type\":\"ListItem\",\"position\":2,\"name\":\"Shop\",\"item\":\"https:\\\/\\\/martinschloegl.ch\\\/de\\\/shop\\\/\"},{\"@type\":\"ListItem\",\"position\":3,\"name\":\"\u201eMusic is the key\u201c T-Shirt (Bio-Baumwolle)\"}]},{\"@type\":\"WebSite\",\"@id\":\"https:\\\/\\\/martinschloegl.ch\\\/#website\",\"url\":\"https:\\\/\\\/martinschloegl.ch\\\/\",\"name\":\"martinschloegl.ch\",\"description\":\"\",\"potentialAction\":[{\"@type\":\"SearchAction\",\"target\":{\"@type\":\"EntryPoint\",\"urlTemplate\":\"https:\\\/\\\/martinschloegl.ch\\\/?s={search_term_string}\"},\"query-input\":{\"@type\":\"PropertyValueSpecification\",\"valueRequired\":true,\"valueName\":\"search_term_string\"}}],\"inLanguage\":\"de\"}]}<\/script>\n<!-- \/ Yoast SEO plugin. -->","yoast_head_json":{"title":"\u201eMusic is the key\u201c T-Shirt (Bio-Baumwolle) - martinschloegl.ch","robots":{"index":"index","follow":"follow","max-snippet":"max-snippet:-1","max-image-preview":"max-image-preview:large","max-video-preview":"max-video-preview:-1"},"canonical":"https:\/\/martinschloegl.ch\/de\/?post_type=product&p=4741","og_locale":"de_DE","og_type":"article","og_title":"\u201eMusic is the key\u201c T-Shirt (Bio-Baumwolle) - martinschloegl.ch","og_description":"Hergestellt aus 100 % ringgesponnener Bio-Baumwolle, ist dieses Unisex-T-Shirt weich, strapazierf\u00e4hig und umweltfreundlich \u2013 ein echtes Alltags-Essential. Die klassische Passform l\u00e4sst sich m\u00fchelos mit Jeans, Shorts oder anderen Looks kombinieren. Auf der Brust dient eine strahlende Sonne mit einem Notenschl\u00fcssel in der Mitte als subtile Erinnerung daran, dass Musik der Schl\u00fcssel zum Herzen ist. Bequem, [&hellip;]","og_url":"https:\/\/martinschloegl.ch\/de\/?post_type=product&p=4741","og_site_name":"martinschloegl.ch","article_modified_time":"2025-10-09T13:36:04+00:00","og_image":[{"width":2000,"height":2000,"url":"https:\/\/martinschloegl.ch\/wp-content\/uploads\/2025\/10\/unisex-organic-cotton-t-shirt-black-front-68de3b10b0950.jpg","type":"image\/jpeg"}],"twitter_card":"summary_large_image","twitter_misc":{"Gesch\u00e4tzte Lesezeit":"1\u00a0Minute"},"schema":{"@context":"https:\/\/schema.org","@graph":[{"@type":"WebPage","@id":"https:\/\/martinschloegl.ch\/de\/?post_type=product&p=4741","url":"https:\/\/martinschloegl.ch\/de\/?post_type=product&p=4741","name":"\u201eMusic is the key\u201c T-Shirt (Bio-Baumwolle) - martinschloegl.ch","isPartOf":{"@id":"https:\/\/martinschloegl.ch\/#website"},"primaryImageOfPage":{"@id":"https:\/\/martinschloegl.ch\/de\/?post_type=product&p=4741#primaryimage"},"image":{"@id":"https:\/\/martinschloegl.ch\/de\/?post_type=product&p=4741#primaryimage"},"thumbnailUrl":"https:\/\/martinschloegl.ch\/wp-content\/uploads\/2025\/10\/unisex-organic-cotton-t-shirt-black-front-68de3b10b0950.jpg","datePublished":"2025-10-02T08:43:32+00:00","dateModified":"2025-10-09T13:36:04+00:00","breadcrumb":{"@id":"https:\/\/martinschloegl.ch\/de\/?post_type=product&p=4741#breadcrumb"},"inLanguage":"de","potentialAction":[{"@type":"ReadAction","target":["https:\/\/martinschloegl.ch\/de\/?post_type=product&p=4741"]}]},{"@type":"ImageObject","inLanguage":"de","@id":"https:\/\/martinschloegl.ch\/de\/?post_type=product&p=4741#primaryimage","url":"https:\/\/martinschloegl.ch\/wp-content\/uploads\/2025\/10\/unisex-organic-cotton-t-shirt-black-front-68de3b10b0950.jpg","contentUrl":"https:\/\/martinschloegl.ch\/wp-content\/uploads\/2025\/10\/unisex-organic-cotton-t-shirt-black-front-68de3b10b0950.jpg","width":2000,"height":2000},{"@type":"BreadcrumbList","@id":"https:\/\/martinschloegl.ch\/de\/?post_type=product&p=4741#breadcrumb","itemListElement":[{"@type":"ListItem","position":1,"name":"Home","item":"https:\/\/martinschloegl.ch\/de\/"},{"@type":"ListItem","position":2,"name":"Shop","item":"https:\/\/martinschloegl.ch\/de\/shop\/"},{"@type":"ListItem","position":3,"name":"\u201eMusic is the key\u201c T-Shirt (Bio-Baumwolle)"}]},{"@type":"WebSite","@id":"https:\/\/martinschloegl.ch\/#website","url":"https:\/\/martinschloegl.ch\/","name":"martinschloegl.ch","description":"","potentialAction":[{"@type":"SearchAction","target":{"@type":"EntryPoint","urlTemplate":"https:\/\/martinschloegl.ch\/?s={search_term_string}"},"query-input":{"@type":"PropertyValueSpecification","valueRequired":true,"valueName":"search_term_string"}}],"inLanguage":"de"}]}},"jetpack_sharing_enabled":true,"_links":{"self":[{"href":"https:\/\/martinschloegl.ch\/de\/wp-json\/wp\/v2\/product\/4741","targetHints":{"allow":["GET"]}}],"collection":[{"href":"https:\/\/martinschloegl.ch\/de\/wp-json\/wp\/v2\/product"}],"about":[{"href":"https:\/\/martinschloegl.ch\/de\/wp-json\/wp\/v2\/types\/product"}],"replies":[{"embeddable":true,"href":"https:\/\/martinschloegl.ch\/de\/wp-json\/wp\/v2\/comments?post=4741"}],"wp:featuredmedia":[{"embeddable":true,"href":"https:\/\/martinschloegl.ch\/de\/wp-json\/wp\/v2\/media\/4445"}],"wp:attachment":[{"href":"https:\/\/martinschloegl.ch\/de\/wp-json\/wp\/v2\/media?parent=4741"}],"wp:term":[{"taxonomy":"product_brand","embeddable":true,"href":"https:\/\/martinschloegl.ch\/de\/wp-json\/wp\/v2\/product_brand?post=4741"},{"taxonomy":"product_cat","embeddable":true,"href":"https:\/\/martinschloegl.ch\/de\/wp-json\/wp\/v2\/product_cat?post=4741"},{"taxonomy":"product_tag","embeddable":true,"href":"https:\/\/martinschloegl.ch\/de\/wp-json\/wp\/v2\/product_tag?post=4741"}],"curies":[{"name":"wp","href":"https:\/\/api.w.org\/{rel}","templated":true}]}}