{"id":4933,"date":"2025-08-28T10:44:01","date_gmt":"2025-08-28T08:44:01","guid":{"rendered":"https:\/\/martinschloegl.ch\/product\/dosenfoermiges-glas-mit-der-sonne-trink-um-dich-zu-erinnern\/"},"modified":"2025-10-15T06:25:31","modified_gmt":"2025-10-15T04:25:31","slug":"dosenfoermiges-glas-mit-der-sonne-trink-um-dich-zu-erinnern","status":"publish","type":"product","link":"https:\/\/martinschloegl.ch\/de\/produkt\/dosenfoermiges-glas-mit-der-sonne-trink-um-dich-zu-erinnern\/","title":{"rendered":"&#8222;Dosenf\u00f6rmiges&#8220; Glas mit der Sonne | Dein Erinnerungs-Drink"},"content":{"rendered":"<p>Ob du Wasser, erfrischende Limonaden, Eiskaffees oder Cocktails genie\u00dft, dieses Glas passt. Mit seiner besonderen Form und der zeitlosen Anziehungskraft von Glaswaren wird es zu einem festen Bestandteil deiner Getr\u00e4nke. Die Sonne mit einem Notenschl\u00fcssel in ihrer Mitte ist eine Erinnerung daran, dass Musik der Schl\u00fcssel zu unseren Herzen ist. <\/p>\n<p>\u2022 Glasmaterial<br \/>\n\u2022 Volumen: 16 oz (473 ml)<br \/>\n\u2022 Nicht sp\u00fclmaschinen- oder mikrowellengeeignet<br \/>\n\u2022 Rohprodukt aus China bezogen <\/p>\n<p>Dieses Produkt wird speziell f\u00fcr dich angefertigt, sobald du eine Bestellung aufgibst, weshalb es etwas l\u00e4nger dauert, bis wir es dir liefern. Die bedarfsgerechte Herstellung von Produkten anstelle von Massenware tr\u00e4gt dazu bei, die \u00dcberproduktion zu reduzieren. Vielen Dank, dass du durchdachte Kaufentscheidungen triffst! <\/p>\n<p>Altersbeschr\u00e4nkungen: F\u00fcr Erwachsene<br \/>\nEU-Garantie: 2 Jahre<br \/>\nWeitere Konformit\u00e4tsinformationen: Erf\u00fcllt die Anforderungen bez\u00fcglich Blei, Cadmium, Phthalaten, BPA und polyzyklischen aromatischen Kohlenwasserstoffen.<\/p>\n<p>In \u00dcbereinstimmung mit der Allgemeinen Produktsicherheitsverordnung (GPSR) stellen <b>Oak inc.<\/b> und <b>SINDEN VENTURES LIMITED<\/b> sicher, dass alle angebotenen Konsumg\u00fcter sicher sind und den EU-Standards entsprechen. F\u00fcr produktbezogene Sicherheitsanfragen oder Bedenken wende dich bitte an unseren EU-Vertreter unter <b>gpsr@sindenventures.com<\/b>. Du kannst uns auch schreiben an <b>123 Main Street, Anytown, Country<\/b> oder<b> Markou Evgenikou 11, Mesa Geitonia, 4002, Limassol, Cyprus.<b><\/b><\/b><\/p>\n","protected":false},"excerpt":{"rendered":"<p>Ob du Wasser, erfrischende Limonaden, Eiskaffees oder Cocktails genie\u00dft, dieses Glas passt. Mit seiner besonderen Form und der zeitlosen Anziehungskraft von Glaswaren wird es zu einem festen Bestandteil deiner Getr\u00e4nke. Die Sonne mit einem Notenschl\u00fcssel in ihrer Mitte ist eine Erinnerung daran, dass Musik der Schl\u00fcssel zu unseren Herzen ist. \u2022 Glasmaterial \u2022 Volumen: 16 [&hellip;]<\/p>\n","protected":false},"featured_media":4001,"comment_status":"open","ping_status":"closed","template":"","meta":[],"product_brand":[],"product_cat":[201],"product_tag":[],"class_list":{"0":"post-4933","1":"product","2":"type-product","3":"status-publish","4":"has-post-thumbnail","6":"product_cat-anderes","7":"post-wrapper","8":"thrv_wrapper","10":"first","11":"instock","12":"taxable","13":"shipping-taxable","14":"purchasable","15":"product-type-variable"},"yoast_head":"<!-- This site is optimized with the Yoast SEO plugin v27.3 - https:\/\/yoast.com\/product\/yoast-seo-wordpress\/ -->\n<title>&quot;Dosenf\u00f6rmiges&quot; Glas mit der Sonne | Dein Erinnerungs-Drink - martinschloegl.ch<\/title>\n<meta name=\"robots\" content=\"index, follow, max-snippet:-1, max-image-preview:large, max-video-preview:-1\" \/>\n<link rel=\"canonical\" href=\"https:\/\/martinschloegl.ch\/de\/?post_type=product&p=4933\" \/>\n<meta property=\"og:locale\" content=\"de_DE\" \/>\n<meta property=\"og:type\" content=\"article\" \/>\n<meta property=\"og:title\" content=\"&quot;Dosenf\u00f6rmiges&quot; Glas mit der Sonne | Dein Erinnerungs-Drink - martinschloegl.ch\" \/>\n<meta property=\"og:description\" content=\"Ob du Wasser, erfrischende Limonaden, Eiskaffees oder Cocktails genie\u00dft, dieses Glas passt. Mit seiner besonderen Form und der zeitlosen Anziehungskraft von Glaswaren wird es zu einem festen Bestandteil deiner Getr\u00e4nke. Die Sonne mit einem Notenschl\u00fcssel in ihrer Mitte ist eine Erinnerung daran, dass Musik der Schl\u00fcssel zu unseren Herzen ist. \u2022 Glasmaterial \u2022 Volumen: 16 [&hellip;]\" \/>\n<meta property=\"og:url\" content=\"https:\/\/martinschloegl.ch\/de\/?post_type=product&amp;p=4933\" \/>\n<meta property=\"og:site_name\" content=\"martinschloegl.ch\" \/>\n<meta property=\"article:modified_time\" content=\"2025-10-15T04:25:31+00:00\" \/>\n<meta property=\"og:image\" content=\"https:\/\/martinschloegl.ch\/wp-content\/uploads\/2025\/08\/can-shaped-glass-16-oz-16-oz-front-68b016b534e4c.jpg\" \/>\n\t<meta property=\"og:image:width\" content=\"2000\" \/>\n\t<meta property=\"og:image:height\" content=\"2000\" \/>\n\t<meta property=\"og:image:type\" content=\"image\/jpeg\" \/>\n<meta name=\"twitter:card\" content=\"summary_large_image\" \/>\n<meta name=\"twitter:label1\" content=\"Gesch\u00e4tzte Lesezeit\" \/>\n\t<meta name=\"twitter:data1\" content=\"1\u00a0Minute\" \/>\n<script type=\"application\/ld+json\" class=\"yoast-schema-graph\">{\"@context\":\"https:\\\/\\\/schema.org\",\"@graph\":[{\"@type\":\"WebPage\",\"@id\":\"https:\\\/\\\/martinschloegl.ch\\\/de\\\/?post_type=product&p=4933\",\"url\":\"https:\\\/\\\/martinschloegl.ch\\\/de\\\/?post_type=product&p=4933\",\"name\":\"\\\"Dosenf\u00f6rmiges\\\" Glas mit der Sonne | Dein Erinnerungs-Drink - martinschloegl.ch\",\"isPartOf\":{\"@id\":\"https:\\\/\\\/martinschloegl.ch\\\/#website\"},\"primaryImageOfPage\":{\"@id\":\"https:\\\/\\\/martinschloegl.ch\\\/de\\\/?post_type=product&p=4933#primaryimage\"},\"image\":{\"@id\":\"https:\\\/\\\/martinschloegl.ch\\\/de\\\/?post_type=product&p=4933#primaryimage\"},\"thumbnailUrl\":\"https:\\\/\\\/martinschloegl.ch\\\/wp-content\\\/uploads\\\/2025\\\/08\\\/can-shaped-glass-16-oz-16-oz-front-68b016b534e4c.jpg\",\"datePublished\":\"2025-08-28T08:44:01+00:00\",\"dateModified\":\"2025-10-15T04:25:31+00:00\",\"breadcrumb\":{\"@id\":\"https:\\\/\\\/martinschloegl.ch\\\/de\\\/?post_type=product&p=4933#breadcrumb\"},\"inLanguage\":\"de\",\"potentialAction\":[{\"@type\":\"ReadAction\",\"target\":[\"https:\\\/\\\/martinschloegl.ch\\\/de\\\/?post_type=product&p=4933\"]}]},{\"@type\":\"ImageObject\",\"inLanguage\":\"de\",\"@id\":\"https:\\\/\\\/martinschloegl.ch\\\/de\\\/?post_type=product&p=4933#primaryimage\",\"url\":\"https:\\\/\\\/martinschloegl.ch\\\/wp-content\\\/uploads\\\/2025\\\/08\\\/can-shaped-glass-16-oz-16-oz-front-68b016b534e4c.jpg\",\"contentUrl\":\"https:\\\/\\\/martinschloegl.ch\\\/wp-content\\\/uploads\\\/2025\\\/08\\\/can-shaped-glass-16-oz-16-oz-front-68b016b534e4c.jpg\",\"width\":2000,\"height\":2000},{\"@type\":\"BreadcrumbList\",\"@id\":\"https:\\\/\\\/martinschloegl.ch\\\/de\\\/?post_type=product&p=4933#breadcrumb\",\"itemListElement\":[{\"@type\":\"ListItem\",\"position\":1,\"name\":\"Home\",\"item\":\"https:\\\/\\\/martinschloegl.ch\\\/de\\\/\"},{\"@type\":\"ListItem\",\"position\":2,\"name\":\"Shop\",\"item\":\"https:\\\/\\\/martinschloegl.ch\\\/de\\\/shop\\\/\"},{\"@type\":\"ListItem\",\"position\":3,\"name\":\"&#8222;Dosenf\u00f6rmiges&#8220; Glas mit der Sonne | Dein Erinnerungs-Drink\"}]},{\"@type\":\"WebSite\",\"@id\":\"https:\\\/\\\/martinschloegl.ch\\\/#website\",\"url\":\"https:\\\/\\\/martinschloegl.ch\\\/\",\"name\":\"martinschloegl.ch\",\"description\":\"\",\"potentialAction\":[{\"@type\":\"SearchAction\",\"target\":{\"@type\":\"EntryPoint\",\"urlTemplate\":\"https:\\\/\\\/martinschloegl.ch\\\/?s={search_term_string}\"},\"query-input\":{\"@type\":\"PropertyValueSpecification\",\"valueRequired\":true,\"valueName\":\"search_term_string\"}}],\"inLanguage\":\"de\"}]}<\/script>\n<!-- \/ Yoast SEO plugin. -->","yoast_head_json":{"title":"\"Dosenf\u00f6rmiges\" Glas mit der Sonne | Dein Erinnerungs-Drink - martinschloegl.ch","robots":{"index":"index","follow":"follow","max-snippet":"max-snippet:-1","max-image-preview":"max-image-preview:large","max-video-preview":"max-video-preview:-1"},"canonical":"https:\/\/martinschloegl.ch\/de\/?post_type=product&p=4933","og_locale":"de_DE","og_type":"article","og_title":"\"Dosenf\u00f6rmiges\" Glas mit der Sonne | Dein Erinnerungs-Drink - martinschloegl.ch","og_description":"Ob du Wasser, erfrischende Limonaden, Eiskaffees oder Cocktails genie\u00dft, dieses Glas passt. Mit seiner besonderen Form und der zeitlosen Anziehungskraft von Glaswaren wird es zu einem festen Bestandteil deiner Getr\u00e4nke. Die Sonne mit einem Notenschl\u00fcssel in ihrer Mitte ist eine Erinnerung daran, dass Musik der Schl\u00fcssel zu unseren Herzen ist. \u2022 Glasmaterial \u2022 Volumen: 16 [&hellip;]","og_url":"https:\/\/martinschloegl.ch\/de\/?post_type=product&p=4933","og_site_name":"martinschloegl.ch","article_modified_time":"2025-10-15T04:25:31+00:00","og_image":[{"width":2000,"height":2000,"url":"https:\/\/martinschloegl.ch\/wp-content\/uploads\/2025\/08\/can-shaped-glass-16-oz-16-oz-front-68b016b534e4c.jpg","type":"image\/jpeg"}],"twitter_card":"summary_large_image","twitter_misc":{"Gesch\u00e4tzte Lesezeit":"1\u00a0Minute"},"schema":{"@context":"https:\/\/schema.org","@graph":[{"@type":"WebPage","@id":"https:\/\/martinschloegl.ch\/de\/?post_type=product&p=4933","url":"https:\/\/martinschloegl.ch\/de\/?post_type=product&p=4933","name":"\"Dosenf\u00f6rmiges\" Glas mit der Sonne | Dein Erinnerungs-Drink - martinschloegl.ch","isPartOf":{"@id":"https:\/\/martinschloegl.ch\/#website"},"primaryImageOfPage":{"@id":"https:\/\/martinschloegl.ch\/de\/?post_type=product&p=4933#primaryimage"},"image":{"@id":"https:\/\/martinschloegl.ch\/de\/?post_type=product&p=4933#primaryimage"},"thumbnailUrl":"https:\/\/martinschloegl.ch\/wp-content\/uploads\/2025\/08\/can-shaped-glass-16-oz-16-oz-front-68b016b534e4c.jpg","datePublished":"2025-08-28T08:44:01+00:00","dateModified":"2025-10-15T04:25:31+00:00","breadcrumb":{"@id":"https:\/\/martinschloegl.ch\/de\/?post_type=product&p=4933#breadcrumb"},"inLanguage":"de","potentialAction":[{"@type":"ReadAction","target":["https:\/\/martinschloegl.ch\/de\/?post_type=product&p=4933"]}]},{"@type":"ImageObject","inLanguage":"de","@id":"https:\/\/martinschloegl.ch\/de\/?post_type=product&p=4933#primaryimage","url":"https:\/\/martinschloegl.ch\/wp-content\/uploads\/2025\/08\/can-shaped-glass-16-oz-16-oz-front-68b016b534e4c.jpg","contentUrl":"https:\/\/martinschloegl.ch\/wp-content\/uploads\/2025\/08\/can-shaped-glass-16-oz-16-oz-front-68b016b534e4c.jpg","width":2000,"height":2000},{"@type":"BreadcrumbList","@id":"https:\/\/martinschloegl.ch\/de\/?post_type=product&p=4933#breadcrumb","itemListElement":[{"@type":"ListItem","position":1,"name":"Home","item":"https:\/\/martinschloegl.ch\/de\/"},{"@type":"ListItem","position":2,"name":"Shop","item":"https:\/\/martinschloegl.ch\/de\/shop\/"},{"@type":"ListItem","position":3,"name":"&#8222;Dosenf\u00f6rmiges&#8220; Glas mit der Sonne | Dein Erinnerungs-Drink"}]},{"@type":"WebSite","@id":"https:\/\/martinschloegl.ch\/#website","url":"https:\/\/martinschloegl.ch\/","name":"martinschloegl.ch","description":"","potentialAction":[{"@type":"SearchAction","target":{"@type":"EntryPoint","urlTemplate":"https:\/\/martinschloegl.ch\/?s={search_term_string}"},"query-input":{"@type":"PropertyValueSpecification","valueRequired":true,"valueName":"search_term_string"}}],"inLanguage":"de"}]}},"jetpack_sharing_enabled":true,"_links":{"self":[{"href":"https:\/\/martinschloegl.ch\/de\/wp-json\/wp\/v2\/product\/4933","targetHints":{"allow":["GET"]}}],"collection":[{"href":"https:\/\/martinschloegl.ch\/de\/wp-json\/wp\/v2\/product"}],"about":[{"href":"https:\/\/martinschloegl.ch\/de\/wp-json\/wp\/v2\/types\/product"}],"replies":[{"embeddable":true,"href":"https:\/\/martinschloegl.ch\/de\/wp-json\/wp\/v2\/comments?post=4933"}],"wp:featuredmedia":[{"embeddable":true,"href":"https:\/\/martinschloegl.ch\/de\/wp-json\/wp\/v2\/media\/4001"}],"wp:attachment":[{"href":"https:\/\/martinschloegl.ch\/de\/wp-json\/wp\/v2\/media?parent=4933"}],"wp:term":[{"taxonomy":"product_brand","embeddable":true,"href":"https:\/\/martinschloegl.ch\/de\/wp-json\/wp\/v2\/product_brand?post=4933"},{"taxonomy":"product_cat","embeddable":true,"href":"https:\/\/martinschloegl.ch\/de\/wp-json\/wp\/v2\/product_cat?post=4933"},{"taxonomy":"product_tag","embeddable":true,"href":"https:\/\/martinschloegl.ch\/de\/wp-json\/wp\/v2\/product_tag?post=4933"}],"curies":[{"name":"wp","href":"https:\/\/api.w.org\/{rel}","templated":true}]}}