{"id":4937,"date":"2025-09-28T16:41:06","date_gmt":"2025-09-28T14:41:06","guid":{"rendered":"https:\/\/martinschloegl.ch\/product\/blasenfreie-aufkleber\/"},"modified":"2025-10-15T06:13:26","modified_gmt":"2025-10-15T04:13:26","slug":"blasenfreie-aufkleber","status":"publish","type":"product","link":"https:\/\/martinschloegl.ch\/de\/produkt\/blasenfreie-aufkleber\/","title":{"rendered":"Sonnige Aufkleber"},"content":{"rendered":"<p>Diese Aufkleber sind auf strapazierf\u00e4higem, hochdeckendem Klebevinyl gedruckt. Das hochwertige Vinyl sorgt daf\u00fcr, dass beim Anbringen der Aufkleber keine Blasen entstehen. Die strahlende Sonne mit einem Violinschl\u00fcssel in der Mitte ist eine einfache Erinnerung daran, dass Musik der Schl\u00fcssel zum Herzen ist. <\/p>\n<p>\u2022 Hochdeckende Folie, die undurchsichtig ist<br \/>\u2022 Schnelle und einfache blasenfreie Anbringung<br \/>\u2022 Strapazierf\u00e4higes Vinyl<br \/>\u2022 95\u00b5 Dichte<\/p>\n<p>Vergiss nicht, die Oberfl\u00e4che zu reinigen, bevor du den Aufkleber anbringst.<\/p>\n<p>Dieses Produkt wird speziell f\u00fcr dich angefertigt, sobald du eine Bestellung aufgibst, weshalb es etwas l\u00e4nger dauert, bis wir es dir liefern. Die bedarfsgerechte Herstellung von Produkten anstelle von Massenware tr\u00e4gt dazu bei, die \u00dcberproduktion zu reduzieren. Vielen Dank, dass du durchdachte Kaufentscheidungen triffst! <\/p>\n<p>Altersbeschr\u00e4nkung: F\u00fcr Erwachsene<br \/>EU-Garantie: 2 Jahre<\/p>\n<p>In \u00dcbereinstimmung mit der Allgemeinen Produktsicherheitsverordnung (GPSR) stellen <b>Oak inc.<\/b> und <b>SINDEN VENTURES LIMITED<\/b> sicher, dass alle angebotenen Konsumg\u00fcter sicher sind und den EU-Standards entsprechen. F\u00fcr produktbezogene Sicherheitsanfragen oder Bedenken wende dich bitte an unseren EU-Vertreter unter <g id=\"gid_2\">gpsr@sindenventures.com<\/g>. Du kannst uns auch schreiben an <b>123 Main Street, Anytown, Country<\/b> oder<b> Markou Evgenikou 11, Mesa Geitonia, 4002, Limassol, Zypern.  <b><\/b><\/p>\n","protected":false},"excerpt":{"rendered":"<p>Diese Aufkleber sind auf strapazierf\u00e4higem, hochdeckendem Klebevinyl gedruckt. Das hochwertige Vinyl sorgt daf\u00fcr, dass beim Anbringen der Aufkleber keine Blasen entstehen. Die strahlende Sonne mit einem Violinschl\u00fcssel in der Mitte ist eine einfache Erinnerung daran, dass Musik der Schl\u00fcssel zum Herzen ist. \u2022 Hochdeckende Folie, die undurchsichtig ist\u2022 Schnelle und einfache blasenfreie Anbringung\u2022 Strapazierf\u00e4higes Vinyl\u2022 [&hellip;]<\/p>\n","protected":false},"featured_media":4175,"comment_status":"open","ping_status":"closed","template":"","meta":[],"product_brand":[],"product_cat":[201],"product_tag":[],"class_list":{"0":"post-4937","1":"product","2":"type-product","3":"status-publish","4":"has-post-thumbnail","6":"product_cat-anderes","7":"post-wrapper","8":"thrv_wrapper","10":"first","11":"instock","12":"taxable","13":"shipping-taxable","14":"purchasable","15":"product-type-variable"},"yoast_head":"<!-- This site is optimized with the Yoast SEO plugin v27.3 - https:\/\/yoast.com\/product\/yoast-seo-wordpress\/ -->\n<title>Sonnige Aufkleber - martinschloegl.ch<\/title>\n<meta name=\"robots\" content=\"index, follow, max-snippet:-1, max-image-preview:large, max-video-preview:-1\" \/>\n<link rel=\"canonical\" href=\"https:\/\/martinschloegl.ch\/de\/?post_type=product&p=4937\" \/>\n<meta property=\"og:locale\" content=\"de_DE\" \/>\n<meta property=\"og:type\" content=\"article\" \/>\n<meta property=\"og:title\" content=\"Sonnige Aufkleber - martinschloegl.ch\" \/>\n<meta property=\"og:description\" content=\"Diese Aufkleber sind auf strapazierf\u00e4higem, hochdeckendem Klebevinyl gedruckt. Das hochwertige Vinyl sorgt daf\u00fcr, dass beim Anbringen der Aufkleber keine Blasen entstehen. Die strahlende Sonne mit einem Violinschl\u00fcssel in der Mitte ist eine einfache Erinnerung daran, dass Musik der Schl\u00fcssel zum Herzen ist. \u2022 Hochdeckende Folie, die undurchsichtig ist\u2022 Schnelle und einfache blasenfreie Anbringung\u2022 Strapazierf\u00e4higes Vinyl\u2022 [&hellip;]\" \/>\n<meta property=\"og:url\" content=\"https:\/\/martinschloegl.ch\/de\/?post_type=product&amp;p=4937\" \/>\n<meta property=\"og:site_name\" content=\"martinschloegl.ch\" \/>\n<meta property=\"article:modified_time\" content=\"2025-10-15T04:13:26+00:00\" \/>\n<meta property=\"og:image\" content=\"https:\/\/martinschloegl.ch\/wp-content\/uploads\/2025\/09\/kiss-cut-stickers-white-3x3-front-68d948ed4688f.jpg\" \/>\n\t<meta property=\"og:image:width\" content=\"2000\" \/>\n\t<meta property=\"og:image:height\" content=\"2000\" \/>\n\t<meta property=\"og:image:type\" content=\"image\/jpeg\" \/>\n<meta name=\"twitter:card\" content=\"summary_large_image\" \/>\n<meta name=\"twitter:label1\" content=\"Gesch\u00e4tzte Lesezeit\" \/>\n\t<meta name=\"twitter:data1\" content=\"1\u00a0Minute\" \/>\n<script type=\"application\/ld+json\" class=\"yoast-schema-graph\">{\"@context\":\"https:\\\/\\\/schema.org\",\"@graph\":[{\"@type\":\"WebPage\",\"@id\":\"https:\\\/\\\/martinschloegl.ch\\\/de\\\/?post_type=product&p=4937\",\"url\":\"https:\\\/\\\/martinschloegl.ch\\\/de\\\/?post_type=product&p=4937\",\"name\":\"Sonnige Aufkleber - martinschloegl.ch\",\"isPartOf\":{\"@id\":\"https:\\\/\\\/martinschloegl.ch\\\/#website\"},\"primaryImageOfPage\":{\"@id\":\"https:\\\/\\\/martinschloegl.ch\\\/de\\\/?post_type=product&p=4937#primaryimage\"},\"image\":{\"@id\":\"https:\\\/\\\/martinschloegl.ch\\\/de\\\/?post_type=product&p=4937#primaryimage\"},\"thumbnailUrl\":\"https:\\\/\\\/martinschloegl.ch\\\/wp-content\\\/uploads\\\/2025\\\/09\\\/kiss-cut-stickers-white-3x3-front-68d948ed4688f.jpg\",\"datePublished\":\"2025-09-28T14:41:06+00:00\",\"dateModified\":\"2025-10-15T04:13:26+00:00\",\"breadcrumb\":{\"@id\":\"https:\\\/\\\/martinschloegl.ch\\\/de\\\/?post_type=product&p=4937#breadcrumb\"},\"inLanguage\":\"de\",\"potentialAction\":[{\"@type\":\"ReadAction\",\"target\":[\"https:\\\/\\\/martinschloegl.ch\\\/de\\\/?post_type=product&p=4937\"]}]},{\"@type\":\"ImageObject\",\"inLanguage\":\"de\",\"@id\":\"https:\\\/\\\/martinschloegl.ch\\\/de\\\/?post_type=product&p=4937#primaryimage\",\"url\":\"https:\\\/\\\/martinschloegl.ch\\\/wp-content\\\/uploads\\\/2025\\\/09\\\/kiss-cut-stickers-white-3x3-front-68d948ed4688f.jpg\",\"contentUrl\":\"https:\\\/\\\/martinschloegl.ch\\\/wp-content\\\/uploads\\\/2025\\\/09\\\/kiss-cut-stickers-white-3x3-front-68d948ed4688f.jpg\",\"width\":2000,\"height\":2000},{\"@type\":\"BreadcrumbList\",\"@id\":\"https:\\\/\\\/martinschloegl.ch\\\/de\\\/?post_type=product&p=4937#breadcrumb\",\"itemListElement\":[{\"@type\":\"ListItem\",\"position\":1,\"name\":\"Home\",\"item\":\"https:\\\/\\\/martinschloegl.ch\\\/de\\\/\"},{\"@type\":\"ListItem\",\"position\":2,\"name\":\"Shop\",\"item\":\"https:\\\/\\\/martinschloegl.ch\\\/de\\\/shop\\\/\"},{\"@type\":\"ListItem\",\"position\":3,\"name\":\"Sonnige Aufkleber\"}]},{\"@type\":\"WebSite\",\"@id\":\"https:\\\/\\\/martinschloegl.ch\\\/#website\",\"url\":\"https:\\\/\\\/martinschloegl.ch\\\/\",\"name\":\"martinschloegl.ch\",\"description\":\"\",\"potentialAction\":[{\"@type\":\"SearchAction\",\"target\":{\"@type\":\"EntryPoint\",\"urlTemplate\":\"https:\\\/\\\/martinschloegl.ch\\\/?s={search_term_string}\"},\"query-input\":{\"@type\":\"PropertyValueSpecification\",\"valueRequired\":true,\"valueName\":\"search_term_string\"}}],\"inLanguage\":\"de\"}]}<\/script>\n<!-- \/ Yoast SEO plugin. -->","yoast_head_json":{"title":"Sonnige Aufkleber - martinschloegl.ch","robots":{"index":"index","follow":"follow","max-snippet":"max-snippet:-1","max-image-preview":"max-image-preview:large","max-video-preview":"max-video-preview:-1"},"canonical":"https:\/\/martinschloegl.ch\/de\/?post_type=product&p=4937","og_locale":"de_DE","og_type":"article","og_title":"Sonnige Aufkleber - martinschloegl.ch","og_description":"Diese Aufkleber sind auf strapazierf\u00e4higem, hochdeckendem Klebevinyl gedruckt. Das hochwertige Vinyl sorgt daf\u00fcr, dass beim Anbringen der Aufkleber keine Blasen entstehen. Die strahlende Sonne mit einem Violinschl\u00fcssel in der Mitte ist eine einfache Erinnerung daran, dass Musik der Schl\u00fcssel zum Herzen ist. \u2022 Hochdeckende Folie, die undurchsichtig ist\u2022 Schnelle und einfache blasenfreie Anbringung\u2022 Strapazierf\u00e4higes Vinyl\u2022 [&hellip;]","og_url":"https:\/\/martinschloegl.ch\/de\/?post_type=product&p=4937","og_site_name":"martinschloegl.ch","article_modified_time":"2025-10-15T04:13:26+00:00","og_image":[{"width":2000,"height":2000,"url":"https:\/\/martinschloegl.ch\/wp-content\/uploads\/2025\/09\/kiss-cut-stickers-white-3x3-front-68d948ed4688f.jpg","type":"image\/jpeg"}],"twitter_card":"summary_large_image","twitter_misc":{"Gesch\u00e4tzte Lesezeit":"1\u00a0Minute"},"schema":{"@context":"https:\/\/schema.org","@graph":[{"@type":"WebPage","@id":"https:\/\/martinschloegl.ch\/de\/?post_type=product&p=4937","url":"https:\/\/martinschloegl.ch\/de\/?post_type=product&p=4937","name":"Sonnige Aufkleber - martinschloegl.ch","isPartOf":{"@id":"https:\/\/martinschloegl.ch\/#website"},"primaryImageOfPage":{"@id":"https:\/\/martinschloegl.ch\/de\/?post_type=product&p=4937#primaryimage"},"image":{"@id":"https:\/\/martinschloegl.ch\/de\/?post_type=product&p=4937#primaryimage"},"thumbnailUrl":"https:\/\/martinschloegl.ch\/wp-content\/uploads\/2025\/09\/kiss-cut-stickers-white-3x3-front-68d948ed4688f.jpg","datePublished":"2025-09-28T14:41:06+00:00","dateModified":"2025-10-15T04:13:26+00:00","breadcrumb":{"@id":"https:\/\/martinschloegl.ch\/de\/?post_type=product&p=4937#breadcrumb"},"inLanguage":"de","potentialAction":[{"@type":"ReadAction","target":["https:\/\/martinschloegl.ch\/de\/?post_type=product&p=4937"]}]},{"@type":"ImageObject","inLanguage":"de","@id":"https:\/\/martinschloegl.ch\/de\/?post_type=product&p=4937#primaryimage","url":"https:\/\/martinschloegl.ch\/wp-content\/uploads\/2025\/09\/kiss-cut-stickers-white-3x3-front-68d948ed4688f.jpg","contentUrl":"https:\/\/martinschloegl.ch\/wp-content\/uploads\/2025\/09\/kiss-cut-stickers-white-3x3-front-68d948ed4688f.jpg","width":2000,"height":2000},{"@type":"BreadcrumbList","@id":"https:\/\/martinschloegl.ch\/de\/?post_type=product&p=4937#breadcrumb","itemListElement":[{"@type":"ListItem","position":1,"name":"Home","item":"https:\/\/martinschloegl.ch\/de\/"},{"@type":"ListItem","position":2,"name":"Shop","item":"https:\/\/martinschloegl.ch\/de\/shop\/"},{"@type":"ListItem","position":3,"name":"Sonnige Aufkleber"}]},{"@type":"WebSite","@id":"https:\/\/martinschloegl.ch\/#website","url":"https:\/\/martinschloegl.ch\/","name":"martinschloegl.ch","description":"","potentialAction":[{"@type":"SearchAction","target":{"@type":"EntryPoint","urlTemplate":"https:\/\/martinschloegl.ch\/?s={search_term_string}"},"query-input":{"@type":"PropertyValueSpecification","valueRequired":true,"valueName":"search_term_string"}}],"inLanguage":"de"}]}},"jetpack_sharing_enabled":true,"_links":{"self":[{"href":"https:\/\/martinschloegl.ch\/de\/wp-json\/wp\/v2\/product\/4937","targetHints":{"allow":["GET"]}}],"collection":[{"href":"https:\/\/martinschloegl.ch\/de\/wp-json\/wp\/v2\/product"}],"about":[{"href":"https:\/\/martinschloegl.ch\/de\/wp-json\/wp\/v2\/types\/product"}],"replies":[{"embeddable":true,"href":"https:\/\/martinschloegl.ch\/de\/wp-json\/wp\/v2\/comments?post=4937"}],"wp:featuredmedia":[{"embeddable":true,"href":"https:\/\/martinschloegl.ch\/de\/wp-json\/wp\/v2\/media\/4175"}],"wp:attachment":[{"href":"https:\/\/martinschloegl.ch\/de\/wp-json\/wp\/v2\/media?parent=4937"}],"wp:term":[{"taxonomy":"product_brand","embeddable":true,"href":"https:\/\/martinschloegl.ch\/de\/wp-json\/wp\/v2\/product_brand?post=4937"},{"taxonomy":"product_cat","embeddable":true,"href":"https:\/\/martinschloegl.ch\/de\/wp-json\/wp\/v2\/product_cat?post=4937"},{"taxonomy":"product_tag","embeddable":true,"href":"https:\/\/martinschloegl.ch\/de\/wp-json\/wp\/v2\/product_tag?post=4937"}],"curies":[{"name":"wp","href":"https:\/\/api.w.org\/{rel}","templated":true}]}}