{"id":4941,"date":"2025-05-09T04:50:06","date_gmt":"2025-05-09T02:50:06","guid":{"rendered":"https:\/\/martinschloegl.ch\/product\/set-mit-10-sonnigen-postkarten\/"},"modified":"2025-11-23T12:53:42","modified_gmt":"2025-11-23T11:53:42","slug":"set-mit-10-sonnigen-postkarten","status":"publish","type":"product","link":"https:\/\/martinschloegl.ch\/de\/produkt\/set-mit-10-sonnigen-postkarten\/","title":{"rendered":"Set mit 10 sonnigen Postkarten"},"content":{"rendered":"<p>Versende deine handgeschriebenen Gr\u00fc\u00dfe an deine Lieblingsmenschen mit dieser Sonnenkarte (10er-Pack), perfekt f\u00fcr jeden Anlass.<\/p>\n<p><\/p>\n<p>F\u00fcr wen ist sie?<br \/>\u2022 F\u00fcr alle, die die Kunst der handgeschriebenen Kommunikation sch\u00e4tzen.<br \/>\u2022 Ideal f\u00fcr pers\u00f6nliche Nachrichten, Dankesschreiben von Kleinunternehmen, Einladungen oder saisonale Gr\u00fc\u00dfe.<\/p>\n<p> \u2022 Ideal zum Verschenken \u2013 f\u00fcge sie Briefpapierk\u00f6rben oder Hochzeitsgeschenken hinzu.<\/p>\n<p><\/p>\n<p>Warum?<br \/>Es hat etwas Zeitloses und Aufrichtiges, eine durchdacht gestaltete Postkarte zu erhalten. Jede Karte in diesem Set ist eine Feier der Haptik und Emotion \u2013 sie erinnert uns daran, dass es immer noch wichtig ist, langsamer zu werden und von Hand zu schreiben.<\/p>\n<p><\/p>\n<p><strong><br \/><\/strong><\/p>\n<p><strong>Merkmale:<\/strong><\/p>\n<li><strong>Premium-Papierauswahl:<\/strong> Veredle deine Karten mit unseren Optionen f\u00fcr beschichtetes Seidenpapier (gl\u00e4nzend) und mattes Papier. Beschichtete Seide ist ideal f\u00fcr Fotos und Bilder, die hervorstechen sollen, w\u00e4hrend mattes Papier eine raffinierte und professionelle Note verleiht, perfekt f\u00fcr textlastige Karten wie Hochzeitseinladungen oder Dankeskarten, die sich luxuri\u00f6s anf\u00fchlen.<\/li>\n<li><strong>Hochwertiges, umweltfreundliches Papier:<\/strong> Alle unsere Optionen werden aus strapazierf\u00e4higem, beschichtetem 350-g\/m\u00b2-Seidenpapier oder 300-g\/m\u00b2\/350-g\/m\u00b2-Mattpapier hergestellt und sind FSC\/PEFC-zertifiziert, was Nachhaltigkeit ohne Qualit\u00e4tseinbu\u00dfen gew\u00e4hrleistet.<\/li>\n<li><strong>Elegante Folienakzente:<\/strong> Verleihe deinen Karten mit unseren Gold-, Silber- oder Kupferfolienakzenten einen Hauch von Luxus, die exklusiv auf unserem beschichteten Seidenpapier erh\u00e4ltlich sind.<\/li>\n<li><strong>Umschlagoptionen:<\/strong> W\u00e4hle zwischen keinem Umschlag, Standard- oder Premium-Optionen. Unsere Standardumschl\u00e4ge bestehen aus 120 g\/m\u00b2 Recyclingpapier, w\u00e4hrend die Premiumumschl\u00e4ge aus 150 g\/m\u00b2 Filzmarkenpapier f\u00fcr eine elegante und anspruchsvolle Pr\u00e4sentation bestehen.<\/li>\n<p> Gedruckt auf Bestellung, keine Mindestbestellmengen.<\/p>\n","protected":false},"excerpt":{"rendered":"<p>Versende deine handgeschriebenen Gr\u00fc\u00dfe an deine Lieblingsmenschen mit dieser Sonnenkarte (10er-Pack), perfekt f\u00fcr jeden Anlass. F\u00fcr wen ist sie?\u2022 F\u00fcr alle, die die Kunst der handgeschriebenen Kommunikation sch\u00e4tzen.\u2022 Ideal f\u00fcr pers\u00f6nliche Nachrichten, Dankesschreiben von Kleinunternehmen, Einladungen oder saisonale Gr\u00fc\u00dfe. \u2022 Ideal zum Verschenken \u2013 f\u00fcge sie Briefpapierk\u00f6rben oder Hochzeitsgeschenken hinzu. Warum?Es hat etwas Zeitloses und [&hellip;]<\/p>\n","protected":false},"featured_media":2800,"comment_status":"open","ping_status":"closed","template":"","meta":[],"product_brand":[],"product_cat":[287],"product_tag":[223,288,289,290,222,291],"class_list":{"0":"post-4941","1":"product","2":"type-product","3":"status-publish","4":"has-post-thumbnail","6":"product_cat-unkategorisiert","7":"product_tag-analoges-leben","8":"product_tag-handgeschrieben","9":"product_tag-personliche-gruse","10":"product_tag-personliche-nachricht","11":"product_tag-postkarte","12":"product_tag-tinte","13":"post-wrapper","14":"thrv_wrapper","16":"first","17":"instock","18":"taxable","19":"shipping-taxable","20":"purchasable","21":"product-type-simple"},"yoast_head":"<!-- This site is optimized with the Yoast SEO plugin v27.3 - https:\/\/yoast.com\/product\/yoast-seo-wordpress\/ -->\n<title>Set mit 10 sonnigen Postkarten - martinschloegl.ch<\/title>\n<meta name=\"robots\" content=\"index, follow, max-snippet:-1, max-image-preview:large, max-video-preview:-1\" \/>\n<link rel=\"canonical\" href=\"https:\/\/martinschloegl.ch\/de\/produkt\/set-mit-10-sonnigen-postkarten\/\" \/>\n<meta property=\"og:locale\" content=\"de_DE\" \/>\n<meta property=\"og:type\" content=\"article\" \/>\n<meta property=\"og:title\" content=\"Set mit 10 sonnigen Postkarten - martinschloegl.ch\" \/>\n<meta property=\"og:description\" content=\"Versende deine handgeschriebenen Gr\u00fc\u00dfe an deine Lieblingsmenschen mit dieser Sonnenkarte (10er-Pack), perfekt f\u00fcr jeden Anlass. F\u00fcr wen ist sie?\u2022 F\u00fcr alle, die die Kunst der handgeschriebenen Kommunikation sch\u00e4tzen.\u2022 Ideal f\u00fcr pers\u00f6nliche Nachrichten, Dankesschreiben von Kleinunternehmen, Einladungen oder saisonale Gr\u00fc\u00dfe. \u2022 Ideal zum Verschenken \u2013 f\u00fcge sie Briefpapierk\u00f6rben oder Hochzeitsgeschenken hinzu. Warum?Es hat etwas Zeitloses und [&hellip;]\" \/>\n<meta property=\"og:url\" content=\"https:\/\/martinschloegl.ch\/de\/produkt\/set-mit-10-sonnigen-postkarten\/\" \/>\n<meta property=\"og:site_name\" content=\"martinschloegl.ch\" \/>\n<meta property=\"article:modified_time\" content=\"2025-11-23T11:53:42+00:00\" \/>\n<meta property=\"og:image\" content=\"https:\/\/martinschloegl.ch\/wp-content\/uploads\/2025\/05\/8235f081-70b8-431d-9fa0-3599c67af829.jpg\" \/>\n\t<meta property=\"og:image:width\" content=\"2048\" \/>\n\t<meta property=\"og:image:height\" content=\"2048\" \/>\n\t<meta property=\"og:image:type\" content=\"image\/jpeg\" \/>\n<meta name=\"twitter:card\" content=\"summary_large_image\" \/>\n<meta name=\"twitter:label1\" content=\"Gesch\u00e4tzte Lesezeit\" \/>\n\t<meta name=\"twitter:data1\" content=\"1\u00a0Minute\" \/>\n<script type=\"application\/ld+json\" class=\"yoast-schema-graph\">{\"@context\":\"https:\\\/\\\/schema.org\",\"@graph\":[{\"@type\":\"WebPage\",\"@id\":\"https:\\\/\\\/martinschloegl.ch\\\/de\\\/produkt\\\/set-mit-10-sonnigen-postkarten\\\/\",\"url\":\"https:\\\/\\\/martinschloegl.ch\\\/de\\\/produkt\\\/set-mit-10-sonnigen-postkarten\\\/\",\"name\":\"Set mit 10 sonnigen Postkarten - martinschloegl.ch\",\"isPartOf\":{\"@id\":\"https:\\\/\\\/martinschloegl.ch\\\/#website\"},\"primaryImageOfPage\":{\"@id\":\"https:\\\/\\\/martinschloegl.ch\\\/de\\\/produkt\\\/set-mit-10-sonnigen-postkarten\\\/#primaryimage\"},\"image\":{\"@id\":\"https:\\\/\\\/martinschloegl.ch\\\/de\\\/produkt\\\/set-mit-10-sonnigen-postkarten\\\/#primaryimage\"},\"thumbnailUrl\":\"https:\\\/\\\/martinschloegl.ch\\\/wp-content\\\/uploads\\\/2025\\\/05\\\/8235f081-70b8-431d-9fa0-3599c67af829.jpg\",\"datePublished\":\"2025-05-09T02:50:06+00:00\",\"dateModified\":\"2025-11-23T11:53:42+00:00\",\"breadcrumb\":{\"@id\":\"https:\\\/\\\/martinschloegl.ch\\\/de\\\/produkt\\\/set-mit-10-sonnigen-postkarten\\\/#breadcrumb\"},\"inLanguage\":\"de\",\"potentialAction\":[{\"@type\":\"ReadAction\",\"target\":[\"https:\\\/\\\/martinschloegl.ch\\\/de\\\/produkt\\\/set-mit-10-sonnigen-postkarten\\\/\"]}]},{\"@type\":\"ImageObject\",\"inLanguage\":\"de\",\"@id\":\"https:\\\/\\\/martinschloegl.ch\\\/de\\\/produkt\\\/set-mit-10-sonnigen-postkarten\\\/#primaryimage\",\"url\":\"https:\\\/\\\/martinschloegl.ch\\\/wp-content\\\/uploads\\\/2025\\\/05\\\/8235f081-70b8-431d-9fa0-3599c67af829.jpg\",\"contentUrl\":\"https:\\\/\\\/martinschloegl.ch\\\/wp-content\\\/uploads\\\/2025\\\/05\\\/8235f081-70b8-431d-9fa0-3599c67af829.jpg\",\"width\":2048,\"height\":2048},{\"@type\":\"BreadcrumbList\",\"@id\":\"https:\\\/\\\/martinschloegl.ch\\\/de\\\/produkt\\\/set-mit-10-sonnigen-postkarten\\\/#breadcrumb\",\"itemListElement\":[{\"@type\":\"ListItem\",\"position\":1,\"name\":\"Home\",\"item\":\"https:\\\/\\\/martinschloegl.ch\\\/de\\\/\"},{\"@type\":\"ListItem\",\"position\":2,\"name\":\"Shop\",\"item\":\"https:\\\/\\\/martinschloegl.ch\\\/de\\\/shop\\\/\"},{\"@type\":\"ListItem\",\"position\":3,\"name\":\"Set mit 10 sonnigen Postkarten\"}]},{\"@type\":\"WebSite\",\"@id\":\"https:\\\/\\\/martinschloegl.ch\\\/#website\",\"url\":\"https:\\\/\\\/martinschloegl.ch\\\/\",\"name\":\"martinschloegl.ch\",\"description\":\"\",\"potentialAction\":[{\"@type\":\"SearchAction\",\"target\":{\"@type\":\"EntryPoint\",\"urlTemplate\":\"https:\\\/\\\/martinschloegl.ch\\\/?s={search_term_string}\"},\"query-input\":{\"@type\":\"PropertyValueSpecification\",\"valueRequired\":true,\"valueName\":\"search_term_string\"}}],\"inLanguage\":\"de\"}]}<\/script>\n<!-- \/ Yoast SEO plugin. -->","yoast_head_json":{"title":"Set mit 10 sonnigen Postkarten - martinschloegl.ch","robots":{"index":"index","follow":"follow","max-snippet":"max-snippet:-1","max-image-preview":"max-image-preview:large","max-video-preview":"max-video-preview:-1"},"canonical":"https:\/\/martinschloegl.ch\/de\/produkt\/set-mit-10-sonnigen-postkarten\/","og_locale":"de_DE","og_type":"article","og_title":"Set mit 10 sonnigen Postkarten - martinschloegl.ch","og_description":"Versende deine handgeschriebenen Gr\u00fc\u00dfe an deine Lieblingsmenschen mit dieser Sonnenkarte (10er-Pack), perfekt f\u00fcr jeden Anlass. F\u00fcr wen ist sie?\u2022 F\u00fcr alle, die die Kunst der handgeschriebenen Kommunikation sch\u00e4tzen.\u2022 Ideal f\u00fcr pers\u00f6nliche Nachrichten, Dankesschreiben von Kleinunternehmen, Einladungen oder saisonale Gr\u00fc\u00dfe. \u2022 Ideal zum Verschenken \u2013 f\u00fcge sie Briefpapierk\u00f6rben oder Hochzeitsgeschenken hinzu. Warum?Es hat etwas Zeitloses und [&hellip;]","og_url":"https:\/\/martinschloegl.ch\/de\/produkt\/set-mit-10-sonnigen-postkarten\/","og_site_name":"martinschloegl.ch","article_modified_time":"2025-11-23T11:53:42+00:00","og_image":[{"width":2048,"height":2048,"url":"https:\/\/martinschloegl.ch\/wp-content\/uploads\/2025\/05\/8235f081-70b8-431d-9fa0-3599c67af829.jpg","type":"image\/jpeg"}],"twitter_card":"summary_large_image","twitter_misc":{"Gesch\u00e4tzte Lesezeit":"1\u00a0Minute"},"schema":{"@context":"https:\/\/schema.org","@graph":[{"@type":"WebPage","@id":"https:\/\/martinschloegl.ch\/de\/produkt\/set-mit-10-sonnigen-postkarten\/","url":"https:\/\/martinschloegl.ch\/de\/produkt\/set-mit-10-sonnigen-postkarten\/","name":"Set mit 10 sonnigen Postkarten - martinschloegl.ch","isPartOf":{"@id":"https:\/\/martinschloegl.ch\/#website"},"primaryImageOfPage":{"@id":"https:\/\/martinschloegl.ch\/de\/produkt\/set-mit-10-sonnigen-postkarten\/#primaryimage"},"image":{"@id":"https:\/\/martinschloegl.ch\/de\/produkt\/set-mit-10-sonnigen-postkarten\/#primaryimage"},"thumbnailUrl":"https:\/\/martinschloegl.ch\/wp-content\/uploads\/2025\/05\/8235f081-70b8-431d-9fa0-3599c67af829.jpg","datePublished":"2025-05-09T02:50:06+00:00","dateModified":"2025-11-23T11:53:42+00:00","breadcrumb":{"@id":"https:\/\/martinschloegl.ch\/de\/produkt\/set-mit-10-sonnigen-postkarten\/#breadcrumb"},"inLanguage":"de","potentialAction":[{"@type":"ReadAction","target":["https:\/\/martinschloegl.ch\/de\/produkt\/set-mit-10-sonnigen-postkarten\/"]}]},{"@type":"ImageObject","inLanguage":"de","@id":"https:\/\/martinschloegl.ch\/de\/produkt\/set-mit-10-sonnigen-postkarten\/#primaryimage","url":"https:\/\/martinschloegl.ch\/wp-content\/uploads\/2025\/05\/8235f081-70b8-431d-9fa0-3599c67af829.jpg","contentUrl":"https:\/\/martinschloegl.ch\/wp-content\/uploads\/2025\/05\/8235f081-70b8-431d-9fa0-3599c67af829.jpg","width":2048,"height":2048},{"@type":"BreadcrumbList","@id":"https:\/\/martinschloegl.ch\/de\/produkt\/set-mit-10-sonnigen-postkarten\/#breadcrumb","itemListElement":[{"@type":"ListItem","position":1,"name":"Home","item":"https:\/\/martinschloegl.ch\/de\/"},{"@type":"ListItem","position":2,"name":"Shop","item":"https:\/\/martinschloegl.ch\/de\/shop\/"},{"@type":"ListItem","position":3,"name":"Set mit 10 sonnigen Postkarten"}]},{"@type":"WebSite","@id":"https:\/\/martinschloegl.ch\/#website","url":"https:\/\/martinschloegl.ch\/","name":"martinschloegl.ch","description":"","potentialAction":[{"@type":"SearchAction","target":{"@type":"EntryPoint","urlTemplate":"https:\/\/martinschloegl.ch\/?s={search_term_string}"},"query-input":{"@type":"PropertyValueSpecification","valueRequired":true,"valueName":"search_term_string"}}],"inLanguage":"de"}]}},"jetpack_sharing_enabled":true,"_links":{"self":[{"href":"https:\/\/martinschloegl.ch\/de\/wp-json\/wp\/v2\/product\/4941","targetHints":{"allow":["GET"]}}],"collection":[{"href":"https:\/\/martinschloegl.ch\/de\/wp-json\/wp\/v2\/product"}],"about":[{"href":"https:\/\/martinschloegl.ch\/de\/wp-json\/wp\/v2\/types\/product"}],"replies":[{"embeddable":true,"href":"https:\/\/martinschloegl.ch\/de\/wp-json\/wp\/v2\/comments?post=4941"}],"wp:featuredmedia":[{"embeddable":true,"href":"https:\/\/martinschloegl.ch\/de\/wp-json\/wp\/v2\/media\/2800"}],"wp:attachment":[{"href":"https:\/\/martinschloegl.ch\/de\/wp-json\/wp\/v2\/media?parent=4941"}],"wp:term":[{"taxonomy":"product_brand","embeddable":true,"href":"https:\/\/martinschloegl.ch\/de\/wp-json\/wp\/v2\/product_brand?post=4941"},{"taxonomy":"product_cat","embeddable":true,"href":"https:\/\/martinschloegl.ch\/de\/wp-json\/wp\/v2\/product_cat?post=4941"},{"taxonomy":"product_tag","embeddable":true,"href":"https:\/\/martinschloegl.ch\/de\/wp-json\/wp\/v2\/product_tag?post=4941"}],"curies":[{"name":"wp","href":"https:\/\/api.w.org\/{rel}","templated":true}]}}