{"id":4942,"date":"2025-07-17T05:29:21","date_gmt":"2025-07-17T03:29:21","guid":{"rendered":"https:\/\/martinschloegl.ch\/product\/hardcover-notizbuch-dein-buch-zum-entspannen-zur-ruhe-kommen-und-erinnern\/"},"modified":"2025-10-15T06:08:47","modified_gmt":"2025-10-15T04:08:47","slug":"hardcover-notizbuch-dein-buch-zum-entspannen-zur-ruhe-kommen-und-erinnern","status":"publish","type":"product","link":"https:\/\/martinschloegl.ch\/de\/produkt\/hardcover-notizbuch-dein-buch-zum-entspannen-zur-ruhe-kommen-und-erinnern\/","title":{"rendered":"Hardcover-Notizbuch | Dein Buch zum Entspannen, Zur-Ruhe-Kommen und Erinnern"},"content":{"rendered":"<p>In einer Welt, die zunehmend von digitalen Bildschirmen und st\u00e4ndigen Benachrichtigungen dominiert wird, ist es wichtiger denn je, Momente der stillen Reflexion zu finden.<br \/>\nEs hat etwas zutiefst Erdendes, Stift und Papier zu nutzen \u2013 etwas, das digitale Ger\u00e4te einfach nicht nachbilden k\u00f6nnen. Wenn wir von Hand schreiben, verbinden wir uns tiefer mit unseren Gedanken, entschleunigen unseren Geist und schaffen Raum f\u00fcr Kreativit\u00e4t, Klarheit und Ruhe. <\/p>\n<p>Dieses Notizbuch l\u00e4dt dich ein, abzuschalten, zu reflektieren und zur haptischen Sch\u00f6nheit des echten Schreibens zur\u00fcckzukehren. Ob du Tagebuch schreibst, skizzierst, planst oder fl\u00fcchtige Ideen festh\u00e4ltst, lass dies Deinen pers\u00f6nlicher Raum sein \u2013 frei von Ablenkungen, voller M\u00f6glichkeiten. <\/p>\n<p>Das Notizbuch verf\u00fcgt \u00fcber 80 linierte, cremefarbene Seiten, einen integrierten Gummibandverschluss und ein passendes Leseb\u00e4ndchen. Zudem eignet sich die erweiterbare Innentasche sehr gut zum Aufbewahren loser Notizen und Visitenkarten, sodass du wichtige Informationen nie aus den Augen verlierst.  <\/p>\n<p>\u2022 Einbandmaterial: UltraHyde Hardcover-Papier<br \/>\n\u2022 Gr\u00f6\u00dfe: 5,5&#8243; \u00d7 8,5&#8243; (13,97 cm \u00d7 21,59 cm)<br \/>\n\u2022 Gewicht: 10,9 oz (309 g)<br \/>\n\u2022 80 linierte, cremefarbene Seiten<br \/>\n\u2022 Passender Gummibandverschluss und Leseb\u00e4ndchen<br \/>\n\u2022 Erweiterbare Innentasche<\/p>\n<p>Dieses Produkt wird speziell f\u00fcr dich angefertigt, sobald du eine Bestellung aufgibst, weshalb es etwas l\u00e4nger dauert, bis wir es dir liefern. Die bedarfsgerechte Herstellung von Produkten anstelle von Massenware tr\u00e4gt dazu bei, die \u00dcberproduktion zu reduzieren. Vielen Dank, dass du durchdachte Kaufentscheidungen triffst! <\/p>\n<p>Altersbeschr\u00e4nkungen: F\u00fcr Erwachsene<br \/>\nEU-Garantie: 2 Jahre<br \/>\nWeitere Konformit\u00e4tsinformationen: Erf\u00fcllt die Anforderungen an Blei- und Phthalatwerte.<\/p>\n<p>In \u00dcbereinstimmung mit der Allgemeinen Produktsicherheitsverordnung (GPSR) stellen <b>Oak inc.<\/b> und <b>SINDEN VENTURES LIMITED<\/b> sicher, dass alle angebotenen Konsumg\u00fcter sicher sind und den EU-Standards entsprechen. F\u00fcr produktbezogene Sicherheitsanfragen oder Bedenken wende dich bitte an unseren EU-Vertreter unter <b>gpsr@sindenventures.com<\/b>. Du kannst uns auch schreiben an <b> Markou Evgenikou 11, Mesa Geitonia, 4002, Limassol, Zypern.<b><\/b><\/p>\n","protected":false},"excerpt":{"rendered":"<p>In einer Welt, die zunehmend von digitalen Bildschirmen und st\u00e4ndigen Benachrichtigungen dominiert wird, ist es wichtiger denn je, Momente der stillen Reflexion zu finden. Es hat etwas zutiefst Erdendes, Stift und Papier zu nutzen \u2013 etwas, das digitale Ger\u00e4te einfach nicht nachbilden k\u00f6nnen. Wenn wir von Hand schreiben, verbinden wir uns tiefer mit unseren Gedanken, [&hellip;]<\/p>\n","protected":false},"featured_media":3037,"comment_status":"open","ping_status":"closed","template":"","meta":[],"product_brand":[],"product_cat":[201],"product_tag":[],"class_list":{"0":"post-4942","1":"product","2":"type-product","3":"status-publish","4":"has-post-thumbnail","6":"product_cat-anderes","7":"post-wrapper","8":"thrv_wrapper","10":"first","11":"instock","12":"taxable","13":"shipping-taxable","14":"purchasable","15":"product-type-variable"},"yoast_head":"<!-- This site is optimized with the Yoast SEO plugin v27.3 - https:\/\/yoast.com\/product\/yoast-seo-wordpress\/ -->\n<title>Hardcover-Notizbuch | Dein Buch zum Entspannen, Zur-Ruhe-Kommen und Erinnern - martinschloegl.ch<\/title>\n<meta name=\"robots\" content=\"index, follow, max-snippet:-1, max-image-preview:large, max-video-preview:-1\" \/>\n<link rel=\"canonical\" href=\"https:\/\/martinschloegl.ch\/de\/?post_type=product&p=4942\" \/>\n<meta property=\"og:locale\" content=\"de_DE\" \/>\n<meta property=\"og:type\" content=\"article\" \/>\n<meta property=\"og:title\" content=\"Hardcover-Notizbuch | Dein Buch zum Entspannen, Zur-Ruhe-Kommen und Erinnern - martinschloegl.ch\" \/>\n<meta property=\"og:description\" content=\"In einer Welt, die zunehmend von digitalen Bildschirmen und st\u00e4ndigen Benachrichtigungen dominiert wird, ist es wichtiger denn je, Momente der stillen Reflexion zu finden. Es hat etwas zutiefst Erdendes, Stift und Papier zu nutzen \u2013 etwas, das digitale Ger\u00e4te einfach nicht nachbilden k\u00f6nnen. Wenn wir von Hand schreiben, verbinden wir uns tiefer mit unseren Gedanken, [&hellip;]\" \/>\n<meta property=\"og:url\" content=\"https:\/\/martinschloegl.ch\/de\/?post_type=product&amp;p=4942\" \/>\n<meta property=\"og:site_name\" content=\"martinschloegl.ch\" \/>\n<meta property=\"article:modified_time\" content=\"2025-10-15T04:08:47+00:00\" \/>\n<meta property=\"og:image\" content=\"https:\/\/martinschloegl.ch\/wp-content\/uploads\/2025\/07\/hardcover-bound-notebook-navy-front-68786e0168d00.jpg\" \/>\n\t<meta property=\"og:image:width\" content=\"2000\" \/>\n\t<meta property=\"og:image:height\" content=\"2000\" \/>\n\t<meta property=\"og:image:type\" content=\"image\/jpeg\" \/>\n<meta name=\"twitter:card\" content=\"summary_large_image\" \/>\n<meta name=\"twitter:label1\" content=\"Gesch\u00e4tzte Lesezeit\" \/>\n\t<meta name=\"twitter:data1\" content=\"1\u00a0Minute\" \/>\n<script type=\"application\/ld+json\" class=\"yoast-schema-graph\">{\"@context\":\"https:\\\/\\\/schema.org\",\"@graph\":[{\"@type\":\"WebPage\",\"@id\":\"https:\\\/\\\/martinschloegl.ch\\\/de\\\/?post_type=product&p=4942\",\"url\":\"https:\\\/\\\/martinschloegl.ch\\\/de\\\/?post_type=product&p=4942\",\"name\":\"Hardcover-Notizbuch | Dein Buch zum Entspannen, Zur-Ruhe-Kommen und Erinnern - martinschloegl.ch\",\"isPartOf\":{\"@id\":\"https:\\\/\\\/martinschloegl.ch\\\/#website\"},\"primaryImageOfPage\":{\"@id\":\"https:\\\/\\\/martinschloegl.ch\\\/de\\\/?post_type=product&p=4942#primaryimage\"},\"image\":{\"@id\":\"https:\\\/\\\/martinschloegl.ch\\\/de\\\/?post_type=product&p=4942#primaryimage\"},\"thumbnailUrl\":\"https:\\\/\\\/martinschloegl.ch\\\/wp-content\\\/uploads\\\/2025\\\/07\\\/hardcover-bound-notebook-navy-front-68786e0168d00.jpg\",\"datePublished\":\"2025-07-17T03:29:21+00:00\",\"dateModified\":\"2025-10-15T04:08:47+00:00\",\"breadcrumb\":{\"@id\":\"https:\\\/\\\/martinschloegl.ch\\\/de\\\/?post_type=product&p=4942#breadcrumb\"},\"inLanguage\":\"de\",\"potentialAction\":[{\"@type\":\"ReadAction\",\"target\":[\"https:\\\/\\\/martinschloegl.ch\\\/de\\\/?post_type=product&p=4942\"]}]},{\"@type\":\"ImageObject\",\"inLanguage\":\"de\",\"@id\":\"https:\\\/\\\/martinschloegl.ch\\\/de\\\/?post_type=product&p=4942#primaryimage\",\"url\":\"https:\\\/\\\/martinschloegl.ch\\\/wp-content\\\/uploads\\\/2025\\\/07\\\/hardcover-bound-notebook-navy-front-68786e0168d00.jpg\",\"contentUrl\":\"https:\\\/\\\/martinschloegl.ch\\\/wp-content\\\/uploads\\\/2025\\\/07\\\/hardcover-bound-notebook-navy-front-68786e0168d00.jpg\",\"width\":2000,\"height\":2000},{\"@type\":\"BreadcrumbList\",\"@id\":\"https:\\\/\\\/martinschloegl.ch\\\/de\\\/?post_type=product&p=4942#breadcrumb\",\"itemListElement\":[{\"@type\":\"ListItem\",\"position\":1,\"name\":\"Home\",\"item\":\"https:\\\/\\\/martinschloegl.ch\\\/de\\\/\"},{\"@type\":\"ListItem\",\"position\":2,\"name\":\"Shop\",\"item\":\"https:\\\/\\\/martinschloegl.ch\\\/de\\\/shop\\\/\"},{\"@type\":\"ListItem\",\"position\":3,\"name\":\"Hardcover-Notizbuch | Dein Buch zum Entspannen, Zur-Ruhe-Kommen und Erinnern\"}]},{\"@type\":\"WebSite\",\"@id\":\"https:\\\/\\\/martinschloegl.ch\\\/#website\",\"url\":\"https:\\\/\\\/martinschloegl.ch\\\/\",\"name\":\"martinschloegl.ch\",\"description\":\"\",\"potentialAction\":[{\"@type\":\"SearchAction\",\"target\":{\"@type\":\"EntryPoint\",\"urlTemplate\":\"https:\\\/\\\/martinschloegl.ch\\\/?s={search_term_string}\"},\"query-input\":{\"@type\":\"PropertyValueSpecification\",\"valueRequired\":true,\"valueName\":\"search_term_string\"}}],\"inLanguage\":\"de\"}]}<\/script>\n<!-- \/ Yoast SEO plugin. -->","yoast_head_json":{"title":"Hardcover-Notizbuch | Dein Buch zum Entspannen, Zur-Ruhe-Kommen und Erinnern - martinschloegl.ch","robots":{"index":"index","follow":"follow","max-snippet":"max-snippet:-1","max-image-preview":"max-image-preview:large","max-video-preview":"max-video-preview:-1"},"canonical":"https:\/\/martinschloegl.ch\/de\/?post_type=product&p=4942","og_locale":"de_DE","og_type":"article","og_title":"Hardcover-Notizbuch | Dein Buch zum Entspannen, Zur-Ruhe-Kommen und Erinnern - martinschloegl.ch","og_description":"In einer Welt, die zunehmend von digitalen Bildschirmen und st\u00e4ndigen Benachrichtigungen dominiert wird, ist es wichtiger denn je, Momente der stillen Reflexion zu finden. Es hat etwas zutiefst Erdendes, Stift und Papier zu nutzen \u2013 etwas, das digitale Ger\u00e4te einfach nicht nachbilden k\u00f6nnen. Wenn wir von Hand schreiben, verbinden wir uns tiefer mit unseren Gedanken, [&hellip;]","og_url":"https:\/\/martinschloegl.ch\/de\/?post_type=product&p=4942","og_site_name":"martinschloegl.ch","article_modified_time":"2025-10-15T04:08:47+00:00","og_image":[{"width":2000,"height":2000,"url":"https:\/\/martinschloegl.ch\/wp-content\/uploads\/2025\/07\/hardcover-bound-notebook-navy-front-68786e0168d00.jpg","type":"image\/jpeg"}],"twitter_card":"summary_large_image","twitter_misc":{"Gesch\u00e4tzte Lesezeit":"1\u00a0Minute"},"schema":{"@context":"https:\/\/schema.org","@graph":[{"@type":"WebPage","@id":"https:\/\/martinschloegl.ch\/de\/?post_type=product&p=4942","url":"https:\/\/martinschloegl.ch\/de\/?post_type=product&p=4942","name":"Hardcover-Notizbuch | Dein Buch zum Entspannen, Zur-Ruhe-Kommen und Erinnern - martinschloegl.ch","isPartOf":{"@id":"https:\/\/martinschloegl.ch\/#website"},"primaryImageOfPage":{"@id":"https:\/\/martinschloegl.ch\/de\/?post_type=product&p=4942#primaryimage"},"image":{"@id":"https:\/\/martinschloegl.ch\/de\/?post_type=product&p=4942#primaryimage"},"thumbnailUrl":"https:\/\/martinschloegl.ch\/wp-content\/uploads\/2025\/07\/hardcover-bound-notebook-navy-front-68786e0168d00.jpg","datePublished":"2025-07-17T03:29:21+00:00","dateModified":"2025-10-15T04:08:47+00:00","breadcrumb":{"@id":"https:\/\/martinschloegl.ch\/de\/?post_type=product&p=4942#breadcrumb"},"inLanguage":"de","potentialAction":[{"@type":"ReadAction","target":["https:\/\/martinschloegl.ch\/de\/?post_type=product&p=4942"]}]},{"@type":"ImageObject","inLanguage":"de","@id":"https:\/\/martinschloegl.ch\/de\/?post_type=product&p=4942#primaryimage","url":"https:\/\/martinschloegl.ch\/wp-content\/uploads\/2025\/07\/hardcover-bound-notebook-navy-front-68786e0168d00.jpg","contentUrl":"https:\/\/martinschloegl.ch\/wp-content\/uploads\/2025\/07\/hardcover-bound-notebook-navy-front-68786e0168d00.jpg","width":2000,"height":2000},{"@type":"BreadcrumbList","@id":"https:\/\/martinschloegl.ch\/de\/?post_type=product&p=4942#breadcrumb","itemListElement":[{"@type":"ListItem","position":1,"name":"Home","item":"https:\/\/martinschloegl.ch\/de\/"},{"@type":"ListItem","position":2,"name":"Shop","item":"https:\/\/martinschloegl.ch\/de\/shop\/"},{"@type":"ListItem","position":3,"name":"Hardcover-Notizbuch | Dein Buch zum Entspannen, Zur-Ruhe-Kommen und Erinnern"}]},{"@type":"WebSite","@id":"https:\/\/martinschloegl.ch\/#website","url":"https:\/\/martinschloegl.ch\/","name":"martinschloegl.ch","description":"","potentialAction":[{"@type":"SearchAction","target":{"@type":"EntryPoint","urlTemplate":"https:\/\/martinschloegl.ch\/?s={search_term_string}"},"query-input":{"@type":"PropertyValueSpecification","valueRequired":true,"valueName":"search_term_string"}}],"inLanguage":"de"}]}},"jetpack_sharing_enabled":true,"_links":{"self":[{"href":"https:\/\/martinschloegl.ch\/de\/wp-json\/wp\/v2\/product\/4942","targetHints":{"allow":["GET"]}}],"collection":[{"href":"https:\/\/martinschloegl.ch\/de\/wp-json\/wp\/v2\/product"}],"about":[{"href":"https:\/\/martinschloegl.ch\/de\/wp-json\/wp\/v2\/types\/product"}],"replies":[{"embeddable":true,"href":"https:\/\/martinschloegl.ch\/de\/wp-json\/wp\/v2\/comments?post=4942"}],"wp:featuredmedia":[{"embeddable":true,"href":"https:\/\/martinschloegl.ch\/de\/wp-json\/wp\/v2\/media\/3037"}],"wp:attachment":[{"href":"https:\/\/martinschloegl.ch\/de\/wp-json\/wp\/v2\/media?parent=4942"}],"wp:term":[{"taxonomy":"product_brand","embeddable":true,"href":"https:\/\/martinschloegl.ch\/de\/wp-json\/wp\/v2\/product_brand?post=4942"},{"taxonomy":"product_cat","embeddable":true,"href":"https:\/\/martinschloegl.ch\/de\/wp-json\/wp\/v2\/product_cat?post=4942"},{"taxonomy":"product_tag","embeddable":true,"href":"https:\/\/martinschloegl.ch\/de\/wp-json\/wp\/v2\/product_tag?post=4942"}],"curies":[{"name":"wp","href":"https:\/\/api.w.org\/{rel}","templated":true}]}}