{"id":4950,"date":"2025-08-16T12:19:51","date_gmt":"2025-08-16T10:19:51","guid":{"rendered":"https:\/\/martinschloegl.ch\/product\/lass-die-sonne-dein-samsung-schuetzen-robuste-huelle-fuer-samsung-galaxy-10-bis-25\/"},"modified":"2025-10-15T06:30:57","modified_gmt":"2025-10-15T04:30:57","slug":"lass-die-sonne-dein-samsung-schuetzen-robuste-huelle-fuer-samsung-galaxy-10-bis-25","status":"publish","type":"product","link":"https:\/\/martinschloegl.ch\/de\/produkt\/lass-die-sonne-dein-samsung-schuetzen-robuste-huelle-fuer-samsung-galaxy-10-bis-25\/","title":{"rendered":"Lass die Sonne dein Samsung\u00ae sch\u00fctzen \u2013 robuste H\u00fclle f\u00fcr Samsung\u00ae (Galaxy 10 bis 25)"},"content":{"rendered":"<p>Lass dein Handy mit dieser robusten und gleichzeitig eleganten Handyh\u00fclle wie ein Kunstwerk aussehen. Symbolisch sch\u00fctzt die Sonne mit dem Notenschl\u00fcssel Dein Ger\u00e4t und erinnert Dich daran, dass die Musik der Schl\u00fcssel zum Herzen ist. Hergestellt aus sto\u00dffesten und sto\u00dfd\u00e4mpfenden Materialien, sch\u00fctzt sie dein Handy vor St\u00f6\u00dfen und Kratzern. Zudem bietet das zweischichtige Design zus\u00e4tzliche Haltbarkeit und Schutz. Es ist Zeit, deinem Handy einen kreativen, sch\u00fctzenden Touch zu verleihen!<\/p>\n<p>\u2022 Au\u00dfenh\u00fclle: Polycarbonat (PC)<br \/>\n\u2022 Innenfutter: Polyurethan (TPU)<br \/>\n\u2022 Pr\u00e4zise ausgerichtete Anschluss\u00f6ffnungen<br \/>\n\u2022 Kompatibel mit Induktionsladeger\u00e4ten<\/p>\n<p>Wichtig: Dieses Produkt kann nicht nach S\u00fcdkorea, Hongkong, Taiwan, Japan oder Singapur versendet werden. Wenn deine Lieferadresse in diesen Regionen liegt, w\u00e4hle bitte ein anderes Produkt.<\/p>\n<p>Altersbeschr\u00e4nkungen: F\u00fcr Erwachsene<br \/>\nEU-Garantie: 2 Jahre<br \/>\nWeitere Konformit\u00e4tsinformationen: Erf\u00fcllt die Anforderungen f\u00fcr Blei-, Cadmium-, Quecksilber- und sechswertige Chromwerte.<\/p>\n<p>In \u00dcbereinstimmung mit der Allgemeinen Produktsicherheitsverordnung (GPSR) stellen <b>Oak inc.<\/b> und <b>SINDEN VENTURES LIMITED<\/b> sicher, dass alle angebotenen Konsumg\u00fcter sicher sind und den EU-Standards entsprechen. F\u00fcr produktbezogene Sicherheitsanfragen oder Bedenken wende dich bitte an unseren EU-Vertreter unter <b>gpsr@sindenventures.com<\/b>. Du kannst uns auch schreiben an <b>123 Main Street, Anytown, Country<\/b> oder<b> Markou Evgenikou 11, Mesa Geitonia, 4002, Limassol, Cyprus.<b><\/b><\/b><\/p>\n","protected":false},"excerpt":{"rendered":"<p>Lass dein Handy mit dieser robusten und gleichzeitig eleganten Handyh\u00fclle wie ein Kunstwerk aussehen. Symbolisch sch\u00fctzt die Sonne mit dem Notenschl\u00fcssel Dein Ger\u00e4t und erinnert Dich daran, dass die Musik der Schl\u00fcssel zum Herzen ist. Hergestellt aus sto\u00dffesten und sto\u00dfd\u00e4mpfenden Materialien, sch\u00fctzt sie dein Handy vor St\u00f6\u00dfen und Kratzern. Zudem bietet das zweischichtige Design zus\u00e4tzliche [&hellip;]<\/p>\n","protected":false},"featured_media":3828,"comment_status":"open","ping_status":"closed","template":"","meta":[],"product_brand":[],"product_cat":[201],"product_tag":[],"class_list":{"0":"post-4950","1":"product","2":"type-product","3":"status-publish","4":"has-post-thumbnail","6":"product_cat-anderes","7":"post-wrapper","8":"thrv_wrapper","10":"first","11":"instock","12":"taxable","13":"shipping-taxable","14":"purchasable","15":"product-type-variable"},"yoast_head":"<!-- This site is optimized with the Yoast SEO plugin v27.3 - https:\/\/yoast.com\/product\/yoast-seo-wordpress\/ -->\n<title>Lass die Sonne dein Samsung\u00ae sch\u00fctzen \u2013 robuste H\u00fclle f\u00fcr Samsung\u00ae (Galaxy 10 bis 25) - martinschloegl.ch<\/title>\n<meta name=\"robots\" content=\"index, follow, max-snippet:-1, max-image-preview:large, max-video-preview:-1\" \/>\n<link rel=\"canonical\" href=\"https:\/\/martinschloegl.ch\/de\/?post_type=product&p=4950\" \/>\n<meta property=\"og:locale\" content=\"de_DE\" \/>\n<meta property=\"og:type\" content=\"article\" \/>\n<meta property=\"og:title\" content=\"Lass die Sonne dein Samsung\u00ae sch\u00fctzen \u2013 robuste H\u00fclle f\u00fcr Samsung\u00ae (Galaxy 10 bis 25) - martinschloegl.ch\" \/>\n<meta property=\"og:description\" content=\"Lass dein Handy mit dieser robusten und gleichzeitig eleganten Handyh\u00fclle wie ein Kunstwerk aussehen. Symbolisch sch\u00fctzt die Sonne mit dem Notenschl\u00fcssel Dein Ger\u00e4t und erinnert Dich daran, dass die Musik der Schl\u00fcssel zum Herzen ist. Hergestellt aus sto\u00dffesten und sto\u00dfd\u00e4mpfenden Materialien, sch\u00fctzt sie dein Handy vor St\u00f6\u00dfen und Kratzern. Zudem bietet das zweischichtige Design zus\u00e4tzliche [&hellip;]\" \/>\n<meta property=\"og:url\" content=\"https:\/\/martinschloegl.ch\/de\/?post_type=product&amp;p=4950\" \/>\n<meta property=\"og:site_name\" content=\"martinschloegl.ch\" \/>\n<meta property=\"article:modified_time\" content=\"2025-10-15T04:30:57+00:00\" \/>\n<meta property=\"og:image\" content=\"https:\/\/martinschloegl.ch\/wp-content\/uploads\/2025\/08\/tough-case-for-samsung-matte-samsung-galaxy-s25-ultra-front-68a05b1474e2e.jpg\" \/>\n\t<meta property=\"og:image:width\" content=\"2000\" \/>\n\t<meta property=\"og:image:height\" content=\"2000\" \/>\n\t<meta property=\"og:image:type\" content=\"image\/jpeg\" \/>\n<meta name=\"twitter:card\" content=\"summary_large_image\" \/>\n<meta name=\"twitter:label1\" content=\"Gesch\u00e4tzte Lesezeit\" \/>\n\t<meta name=\"twitter:data1\" content=\"1\u00a0Minute\" \/>\n<script type=\"application\/ld+json\" class=\"yoast-schema-graph\">{\"@context\":\"https:\\\/\\\/schema.org\",\"@graph\":[{\"@type\":\"WebPage\",\"@id\":\"https:\\\/\\\/martinschloegl.ch\\\/de\\\/?post_type=product&p=4950\",\"url\":\"https:\\\/\\\/martinschloegl.ch\\\/de\\\/?post_type=product&p=4950\",\"name\":\"Lass die Sonne dein Samsung\u00ae sch\u00fctzen \u2013 robuste H\u00fclle f\u00fcr Samsung\u00ae (Galaxy 10 bis 25) - martinschloegl.ch\",\"isPartOf\":{\"@id\":\"https:\\\/\\\/martinschloegl.ch\\\/#website\"},\"primaryImageOfPage\":{\"@id\":\"https:\\\/\\\/martinschloegl.ch\\\/de\\\/?post_type=product&p=4950#primaryimage\"},\"image\":{\"@id\":\"https:\\\/\\\/martinschloegl.ch\\\/de\\\/?post_type=product&p=4950#primaryimage\"},\"thumbnailUrl\":\"https:\\\/\\\/martinschloegl.ch\\\/wp-content\\\/uploads\\\/2025\\\/08\\\/tough-case-for-samsung-matte-samsung-galaxy-s25-ultra-front-68a05b1474e2e.jpg\",\"datePublished\":\"2025-08-16T10:19:51+00:00\",\"dateModified\":\"2025-10-15T04:30:57+00:00\",\"breadcrumb\":{\"@id\":\"https:\\\/\\\/martinschloegl.ch\\\/de\\\/?post_type=product&p=4950#breadcrumb\"},\"inLanguage\":\"de\",\"potentialAction\":[{\"@type\":\"ReadAction\",\"target\":[\"https:\\\/\\\/martinschloegl.ch\\\/de\\\/?post_type=product&p=4950\"]}]},{\"@type\":\"ImageObject\",\"inLanguage\":\"de\",\"@id\":\"https:\\\/\\\/martinschloegl.ch\\\/de\\\/?post_type=product&p=4950#primaryimage\",\"url\":\"https:\\\/\\\/martinschloegl.ch\\\/wp-content\\\/uploads\\\/2025\\\/08\\\/tough-case-for-samsung-matte-samsung-galaxy-s25-ultra-front-68a05b1474e2e.jpg\",\"contentUrl\":\"https:\\\/\\\/martinschloegl.ch\\\/wp-content\\\/uploads\\\/2025\\\/08\\\/tough-case-for-samsung-matte-samsung-galaxy-s25-ultra-front-68a05b1474e2e.jpg\",\"width\":2000,\"height\":2000},{\"@type\":\"BreadcrumbList\",\"@id\":\"https:\\\/\\\/martinschloegl.ch\\\/de\\\/?post_type=product&p=4950#breadcrumb\",\"itemListElement\":[{\"@type\":\"ListItem\",\"position\":1,\"name\":\"Home\",\"item\":\"https:\\\/\\\/martinschloegl.ch\\\/de\\\/\"},{\"@type\":\"ListItem\",\"position\":2,\"name\":\"Shop\",\"item\":\"https:\\\/\\\/martinschloegl.ch\\\/de\\\/shop\\\/\"},{\"@type\":\"ListItem\",\"position\":3,\"name\":\"Lass die Sonne dein Samsung\u00ae sch\u00fctzen \u2013 robuste H\u00fclle f\u00fcr Samsung\u00ae (Galaxy 10 bis 25)\"}]},{\"@type\":\"WebSite\",\"@id\":\"https:\\\/\\\/martinschloegl.ch\\\/#website\",\"url\":\"https:\\\/\\\/martinschloegl.ch\\\/\",\"name\":\"martinschloegl.ch\",\"description\":\"\",\"potentialAction\":[{\"@type\":\"SearchAction\",\"target\":{\"@type\":\"EntryPoint\",\"urlTemplate\":\"https:\\\/\\\/martinschloegl.ch\\\/?s={search_term_string}\"},\"query-input\":{\"@type\":\"PropertyValueSpecification\",\"valueRequired\":true,\"valueName\":\"search_term_string\"}}],\"inLanguage\":\"de\"}]}<\/script>\n<!-- \/ Yoast SEO plugin. -->","yoast_head_json":{"title":"Lass die Sonne dein Samsung\u00ae sch\u00fctzen \u2013 robuste H\u00fclle f\u00fcr Samsung\u00ae (Galaxy 10 bis 25) - martinschloegl.ch","robots":{"index":"index","follow":"follow","max-snippet":"max-snippet:-1","max-image-preview":"max-image-preview:large","max-video-preview":"max-video-preview:-1"},"canonical":"https:\/\/martinschloegl.ch\/de\/?post_type=product&p=4950","og_locale":"de_DE","og_type":"article","og_title":"Lass die Sonne dein Samsung\u00ae sch\u00fctzen \u2013 robuste H\u00fclle f\u00fcr Samsung\u00ae (Galaxy 10 bis 25) - martinschloegl.ch","og_description":"Lass dein Handy mit dieser robusten und gleichzeitig eleganten Handyh\u00fclle wie ein Kunstwerk aussehen. Symbolisch sch\u00fctzt die Sonne mit dem Notenschl\u00fcssel Dein Ger\u00e4t und erinnert Dich daran, dass die Musik der Schl\u00fcssel zum Herzen ist. Hergestellt aus sto\u00dffesten und sto\u00dfd\u00e4mpfenden Materialien, sch\u00fctzt sie dein Handy vor St\u00f6\u00dfen und Kratzern. Zudem bietet das zweischichtige Design zus\u00e4tzliche [&hellip;]","og_url":"https:\/\/martinschloegl.ch\/de\/?post_type=product&p=4950","og_site_name":"martinschloegl.ch","article_modified_time":"2025-10-15T04:30:57+00:00","og_image":[{"width":2000,"height":2000,"url":"https:\/\/martinschloegl.ch\/wp-content\/uploads\/2025\/08\/tough-case-for-samsung-matte-samsung-galaxy-s25-ultra-front-68a05b1474e2e.jpg","type":"image\/jpeg"}],"twitter_card":"summary_large_image","twitter_misc":{"Gesch\u00e4tzte Lesezeit":"1\u00a0Minute"},"schema":{"@context":"https:\/\/schema.org","@graph":[{"@type":"WebPage","@id":"https:\/\/martinschloegl.ch\/de\/?post_type=product&p=4950","url":"https:\/\/martinschloegl.ch\/de\/?post_type=product&p=4950","name":"Lass die Sonne dein Samsung\u00ae sch\u00fctzen \u2013 robuste H\u00fclle f\u00fcr Samsung\u00ae (Galaxy 10 bis 25) - martinschloegl.ch","isPartOf":{"@id":"https:\/\/martinschloegl.ch\/#website"},"primaryImageOfPage":{"@id":"https:\/\/martinschloegl.ch\/de\/?post_type=product&p=4950#primaryimage"},"image":{"@id":"https:\/\/martinschloegl.ch\/de\/?post_type=product&p=4950#primaryimage"},"thumbnailUrl":"https:\/\/martinschloegl.ch\/wp-content\/uploads\/2025\/08\/tough-case-for-samsung-matte-samsung-galaxy-s25-ultra-front-68a05b1474e2e.jpg","datePublished":"2025-08-16T10:19:51+00:00","dateModified":"2025-10-15T04:30:57+00:00","breadcrumb":{"@id":"https:\/\/martinschloegl.ch\/de\/?post_type=product&p=4950#breadcrumb"},"inLanguage":"de","potentialAction":[{"@type":"ReadAction","target":["https:\/\/martinschloegl.ch\/de\/?post_type=product&p=4950"]}]},{"@type":"ImageObject","inLanguage":"de","@id":"https:\/\/martinschloegl.ch\/de\/?post_type=product&p=4950#primaryimage","url":"https:\/\/martinschloegl.ch\/wp-content\/uploads\/2025\/08\/tough-case-for-samsung-matte-samsung-galaxy-s25-ultra-front-68a05b1474e2e.jpg","contentUrl":"https:\/\/martinschloegl.ch\/wp-content\/uploads\/2025\/08\/tough-case-for-samsung-matte-samsung-galaxy-s25-ultra-front-68a05b1474e2e.jpg","width":2000,"height":2000},{"@type":"BreadcrumbList","@id":"https:\/\/martinschloegl.ch\/de\/?post_type=product&p=4950#breadcrumb","itemListElement":[{"@type":"ListItem","position":1,"name":"Home","item":"https:\/\/martinschloegl.ch\/de\/"},{"@type":"ListItem","position":2,"name":"Shop","item":"https:\/\/martinschloegl.ch\/de\/shop\/"},{"@type":"ListItem","position":3,"name":"Lass die Sonne dein Samsung\u00ae sch\u00fctzen \u2013 robuste H\u00fclle f\u00fcr Samsung\u00ae (Galaxy 10 bis 25)"}]},{"@type":"WebSite","@id":"https:\/\/martinschloegl.ch\/#website","url":"https:\/\/martinschloegl.ch\/","name":"martinschloegl.ch","description":"","potentialAction":[{"@type":"SearchAction","target":{"@type":"EntryPoint","urlTemplate":"https:\/\/martinschloegl.ch\/?s={search_term_string}"},"query-input":{"@type":"PropertyValueSpecification","valueRequired":true,"valueName":"search_term_string"}}],"inLanguage":"de"}]}},"jetpack_sharing_enabled":true,"_links":{"self":[{"href":"https:\/\/martinschloegl.ch\/de\/wp-json\/wp\/v2\/product\/4950","targetHints":{"allow":["GET"]}}],"collection":[{"href":"https:\/\/martinschloegl.ch\/de\/wp-json\/wp\/v2\/product"}],"about":[{"href":"https:\/\/martinschloegl.ch\/de\/wp-json\/wp\/v2\/types\/product"}],"replies":[{"embeddable":true,"href":"https:\/\/martinschloegl.ch\/de\/wp-json\/wp\/v2\/comments?post=4950"}],"wp:featuredmedia":[{"embeddable":true,"href":"https:\/\/martinschloegl.ch\/de\/wp-json\/wp\/v2\/media\/3828"}],"wp:attachment":[{"href":"https:\/\/martinschloegl.ch\/de\/wp-json\/wp\/v2\/media?parent=4950"}],"wp:term":[{"taxonomy":"product_brand","embeddable":true,"href":"https:\/\/martinschloegl.ch\/de\/wp-json\/wp\/v2\/product_brand?post=4950"},{"taxonomy":"product_cat","embeddable":true,"href":"https:\/\/martinschloegl.ch\/de\/wp-json\/wp\/v2\/product_cat?post=4950"},{"taxonomy":"product_tag","embeddable":true,"href":"https:\/\/martinschloegl.ch\/de\/wp-json\/wp\/v2\/product_tag?post=4950"}],"curies":[{"name":"wp","href":"https:\/\/api.w.org\/{rel}","templated":true}]}}