{"id":4997,"date":"2025-08-28T05:39:57","date_gmt":"2025-08-28T03:39:57","guid":{"rendered":"https:\/\/martinschloegl.ch\/product\/lass-die-sonne-dein-iphone-schuetzen-robuste-huelle-fuer-iphone-11-bis-16\/"},"modified":"2025-10-15T06:28:03","modified_gmt":"2025-10-15T04:28:03","slug":"lass-die-sonne-dein-iphone-schuetzen-robuste-huelle-fuer-iphone-11-bis-16","status":"publish","type":"product","link":"https:\/\/martinschloegl.ch\/de\/produkt\/lass-die-sonne-dein-iphone-schuetzen-robuste-huelle-fuer-iphone-11-bis-16\/","title":{"rendered":"Lass die Sonne dein iPhone\u00ae sch\u00fctzen \u2013 robuste H\u00fclle f\u00fcr iPhone\u00ae (11 bis 16)"},"content":{"rendered":"<p>Sch\u00fctze dein Handy stilvoll mit einer strapazierf\u00e4higen, zweilagigen H\u00fclle. Die \u00e4u\u00dfere Schicht besteht aus schlagfestem Polycarbonat, w\u00e4hrend die innere Auskleidung mit TPU f\u00fcr maximale Sto\u00dfabsorption sorgt. Symbolisch sch\u00fctzt die Sonne mit dem Notenschl\u00fcssel Dein Ger\u00e4t und erinnert Dich daran, dass die Musik der Schl\u00fcssel zum Herzen ist.  <\/p>\n<p>\u2022 Polycarbonat-Au\u00dfenschale<br \/>\n\u2022 Thermoplastische Polyurethan-TPU-Innenauskleidung<br \/>\n\u2022 Zweilagiger Schutz<br \/>\n\u2022 Pr\u00e4zise ausgerichtete Anschluss\u00f6ffnungen<br \/>\n\u2022 Induktionsladen kompatibel<br \/>\n\u2022 Rohprodukt aus Korea<\/p>\n<p>Wichtig: Dieses Produkt kann nicht nach S\u00fcdkorea, Hongkong, Taiwan, Japan oder Singapur versendet werden. Wenn sich deine Lieferadresse in diesen Regionen befindet, w\u00e4hle bitte ein anderes Produkt. <\/p>\n<p>Dieses Produkt wird speziell f\u00fcr dich angefertigt, sobald du eine Bestellung aufgibst, weshalb es etwas l\u00e4nger dauert, bis wir es dir liefern k\u00f6nnen. Die Herstellung von Produkten auf Bestellung statt in gro\u00dfen Mengen tr\u00e4gt dazu bei, die \u00dcberproduktion zu reduzieren. Vielen Dank, dass du durchdachte Kaufentscheidungen triffst!<\/p>\n<p>Altersbeschr\u00e4nkungen: F\u00fcr Erwachsene<br \/>\nEU-Garantie: 2 Jahre<br \/>\nSonstige Konformit\u00e4tsinformationen: Entspricht den Anforderungen an Blei-, Cadmium-, Quecksilber- und sechswertige Chromwerte.<\/p>\n<p>In \u00dcbereinstimmung mit der Allgemeinen Produktsicherheitsverordnung (GPSR) stellen <b>Oak inc.<\/b> und <b>SINDEN VENTURES LIMITED<\/b> sicher, dass alle angebotenen Konsumg\u00fcter sicher sind und den EU-Standards entsprechen. F\u00fcr produktbezogene Sicherheitsanfragen oder Bedenken wende dich bitte an unseren EU-Vertreter unter <b>gpsr@sindenventures.com<\/b>. Du kannst uns auch schreiben an: <b>123 Main Street, Anytown, Country<\/b> oder <b>Markou Evgenikou 11, Mesa Geitonia, 4002, Limassol, Cyprus.<b><\/b><\/b><\/p>\n","protected":false},"excerpt":{"rendered":"<p>Sch\u00fctze dein Handy stilvoll mit einer strapazierf\u00e4higen, zweilagigen H\u00fclle. Die \u00e4u\u00dfere Schicht besteht aus schlagfestem Polycarbonat, w\u00e4hrend die innere Auskleidung mit TPU f\u00fcr maximale Sto\u00dfabsorption sorgt. Symbolisch sch\u00fctzt die Sonne mit dem Notenschl\u00fcssel Dein Ger\u00e4t und erinnert Dich daran, dass die Musik der Schl\u00fcssel zum Herzen ist. \u2022 Polycarbonat-Au\u00dfenschale \u2022 Thermoplastische Polyurethan-TPU-Innenauskleidung \u2022 Zweilagiger Schutz [&hellip;]<\/p>\n","protected":false},"featured_media":3974,"comment_status":"open","ping_status":"closed","template":"","meta":[],"product_brand":[],"product_cat":[201],"product_tag":[],"class_list":{"0":"post-4997","1":"product","2":"type-product","3":"status-publish","4":"has-post-thumbnail","6":"product_cat-anderes","7":"post-wrapper","8":"thrv_wrapper","10":"first","11":"instock","12":"taxable","13":"shipping-taxable","14":"purchasable","15":"product-type-variable"},"yoast_head":"<!-- This site is optimized with the Yoast SEO plugin v27.3 - https:\/\/yoast.com\/product\/yoast-seo-wordpress\/ -->\n<title>Lass die Sonne dein iPhone\u00ae sch\u00fctzen \u2013 robuste H\u00fclle f\u00fcr iPhone\u00ae (11 bis 16) - martinschloegl.ch<\/title>\n<meta name=\"robots\" content=\"index, follow, max-snippet:-1, max-image-preview:large, max-video-preview:-1\" \/>\n<link rel=\"canonical\" href=\"https:\/\/martinschloegl.ch\/de\/?post_type=product&p=4997\" \/>\n<meta property=\"og:locale\" content=\"de_DE\" \/>\n<meta property=\"og:type\" content=\"article\" \/>\n<meta property=\"og:title\" content=\"Lass die Sonne dein iPhone\u00ae sch\u00fctzen \u2013 robuste H\u00fclle f\u00fcr iPhone\u00ae (11 bis 16) - martinschloegl.ch\" \/>\n<meta property=\"og:description\" content=\"Sch\u00fctze dein Handy stilvoll mit einer strapazierf\u00e4higen, zweilagigen H\u00fclle. Die \u00e4u\u00dfere Schicht besteht aus schlagfestem Polycarbonat, w\u00e4hrend die innere Auskleidung mit TPU f\u00fcr maximale Sto\u00dfabsorption sorgt. Symbolisch sch\u00fctzt die Sonne mit dem Notenschl\u00fcssel Dein Ger\u00e4t und erinnert Dich daran, dass die Musik der Schl\u00fcssel zum Herzen ist. \u2022 Polycarbonat-Au\u00dfenschale \u2022 Thermoplastische Polyurethan-TPU-Innenauskleidung \u2022 Zweilagiger Schutz [&hellip;]\" \/>\n<meta property=\"og:url\" content=\"https:\/\/martinschloegl.ch\/de\/?post_type=product&amp;p=4997\" \/>\n<meta property=\"og:site_name\" content=\"martinschloegl.ch\" \/>\n<meta property=\"article:modified_time\" content=\"2025-10-15T04:28:03+00:00\" \/>\n<meta property=\"og:image\" content=\"https:\/\/martinschloegl.ch\/wp-content\/uploads\/2025\/08\/tough-case-for-iphone-matte-iphone-16-pro-max-front-68afcf791e86a.jpg\" \/>\n\t<meta property=\"og:image:width\" content=\"2000\" \/>\n\t<meta property=\"og:image:height\" content=\"2000\" \/>\n\t<meta property=\"og:image:type\" content=\"image\/jpeg\" \/>\n<meta name=\"twitter:card\" content=\"summary_large_image\" \/>\n<meta name=\"twitter:label1\" content=\"Gesch\u00e4tzte Lesezeit\" \/>\n\t<meta name=\"twitter:data1\" content=\"1\u00a0Minute\" \/>\n<script type=\"application\/ld+json\" class=\"yoast-schema-graph\">{\"@context\":\"https:\\\/\\\/schema.org\",\"@graph\":[{\"@type\":\"WebPage\",\"@id\":\"https:\\\/\\\/martinschloegl.ch\\\/de\\\/?post_type=product&p=4997\",\"url\":\"https:\\\/\\\/martinschloegl.ch\\\/de\\\/?post_type=product&p=4997\",\"name\":\"Lass die Sonne dein iPhone\u00ae sch\u00fctzen \u2013 robuste H\u00fclle f\u00fcr iPhone\u00ae (11 bis 16) - martinschloegl.ch\",\"isPartOf\":{\"@id\":\"https:\\\/\\\/martinschloegl.ch\\\/#website\"},\"primaryImageOfPage\":{\"@id\":\"https:\\\/\\\/martinschloegl.ch\\\/de\\\/?post_type=product&p=4997#primaryimage\"},\"image\":{\"@id\":\"https:\\\/\\\/martinschloegl.ch\\\/de\\\/?post_type=product&p=4997#primaryimage\"},\"thumbnailUrl\":\"https:\\\/\\\/martinschloegl.ch\\\/wp-content\\\/uploads\\\/2025\\\/08\\\/tough-case-for-iphone-matte-iphone-16-pro-max-front-68afcf791e86a.jpg\",\"datePublished\":\"2025-08-28T03:39:57+00:00\",\"dateModified\":\"2025-10-15T04:28:03+00:00\",\"breadcrumb\":{\"@id\":\"https:\\\/\\\/martinschloegl.ch\\\/de\\\/?post_type=product&p=4997#breadcrumb\"},\"inLanguage\":\"de\",\"potentialAction\":[{\"@type\":\"ReadAction\",\"target\":[\"https:\\\/\\\/martinschloegl.ch\\\/de\\\/?post_type=product&p=4997\"]}]},{\"@type\":\"ImageObject\",\"inLanguage\":\"de\",\"@id\":\"https:\\\/\\\/martinschloegl.ch\\\/de\\\/?post_type=product&p=4997#primaryimage\",\"url\":\"https:\\\/\\\/martinschloegl.ch\\\/wp-content\\\/uploads\\\/2025\\\/08\\\/tough-case-for-iphone-matte-iphone-16-pro-max-front-68afcf791e86a.jpg\",\"contentUrl\":\"https:\\\/\\\/martinschloegl.ch\\\/wp-content\\\/uploads\\\/2025\\\/08\\\/tough-case-for-iphone-matte-iphone-16-pro-max-front-68afcf791e86a.jpg\",\"width\":2000,\"height\":2000},{\"@type\":\"BreadcrumbList\",\"@id\":\"https:\\\/\\\/martinschloegl.ch\\\/de\\\/?post_type=product&p=4997#breadcrumb\",\"itemListElement\":[{\"@type\":\"ListItem\",\"position\":1,\"name\":\"Home\",\"item\":\"https:\\\/\\\/martinschloegl.ch\\\/de\\\/\"},{\"@type\":\"ListItem\",\"position\":2,\"name\":\"Shop\",\"item\":\"https:\\\/\\\/martinschloegl.ch\\\/de\\\/shop\\\/\"},{\"@type\":\"ListItem\",\"position\":3,\"name\":\"Lass die Sonne dein iPhone\u00ae sch\u00fctzen \u2013 robuste H\u00fclle f\u00fcr iPhone\u00ae (11 bis 16)\"}]},{\"@type\":\"WebSite\",\"@id\":\"https:\\\/\\\/martinschloegl.ch\\\/#website\",\"url\":\"https:\\\/\\\/martinschloegl.ch\\\/\",\"name\":\"martinschloegl.ch\",\"description\":\"\",\"potentialAction\":[{\"@type\":\"SearchAction\",\"target\":{\"@type\":\"EntryPoint\",\"urlTemplate\":\"https:\\\/\\\/martinschloegl.ch\\\/?s={search_term_string}\"},\"query-input\":{\"@type\":\"PropertyValueSpecification\",\"valueRequired\":true,\"valueName\":\"search_term_string\"}}],\"inLanguage\":\"de\"}]}<\/script>\n<!-- \/ Yoast SEO plugin. -->","yoast_head_json":{"title":"Lass die Sonne dein iPhone\u00ae sch\u00fctzen \u2013 robuste H\u00fclle f\u00fcr iPhone\u00ae (11 bis 16) - martinschloegl.ch","robots":{"index":"index","follow":"follow","max-snippet":"max-snippet:-1","max-image-preview":"max-image-preview:large","max-video-preview":"max-video-preview:-1"},"canonical":"https:\/\/martinschloegl.ch\/de\/?post_type=product&p=4997","og_locale":"de_DE","og_type":"article","og_title":"Lass die Sonne dein iPhone\u00ae sch\u00fctzen \u2013 robuste H\u00fclle f\u00fcr iPhone\u00ae (11 bis 16) - martinschloegl.ch","og_description":"Sch\u00fctze dein Handy stilvoll mit einer strapazierf\u00e4higen, zweilagigen H\u00fclle. Die \u00e4u\u00dfere Schicht besteht aus schlagfestem Polycarbonat, w\u00e4hrend die innere Auskleidung mit TPU f\u00fcr maximale Sto\u00dfabsorption sorgt. Symbolisch sch\u00fctzt die Sonne mit dem Notenschl\u00fcssel Dein Ger\u00e4t und erinnert Dich daran, dass die Musik der Schl\u00fcssel zum Herzen ist. \u2022 Polycarbonat-Au\u00dfenschale \u2022 Thermoplastische Polyurethan-TPU-Innenauskleidung \u2022 Zweilagiger Schutz [&hellip;]","og_url":"https:\/\/martinschloegl.ch\/de\/?post_type=product&p=4997","og_site_name":"martinschloegl.ch","article_modified_time":"2025-10-15T04:28:03+00:00","og_image":[{"width":2000,"height":2000,"url":"https:\/\/martinschloegl.ch\/wp-content\/uploads\/2025\/08\/tough-case-for-iphone-matte-iphone-16-pro-max-front-68afcf791e86a.jpg","type":"image\/jpeg"}],"twitter_card":"summary_large_image","twitter_misc":{"Gesch\u00e4tzte Lesezeit":"1\u00a0Minute"},"schema":{"@context":"https:\/\/schema.org","@graph":[{"@type":"WebPage","@id":"https:\/\/martinschloegl.ch\/de\/?post_type=product&p=4997","url":"https:\/\/martinschloegl.ch\/de\/?post_type=product&p=4997","name":"Lass die Sonne dein iPhone\u00ae sch\u00fctzen \u2013 robuste H\u00fclle f\u00fcr iPhone\u00ae (11 bis 16) - martinschloegl.ch","isPartOf":{"@id":"https:\/\/martinschloegl.ch\/#website"},"primaryImageOfPage":{"@id":"https:\/\/martinschloegl.ch\/de\/?post_type=product&p=4997#primaryimage"},"image":{"@id":"https:\/\/martinschloegl.ch\/de\/?post_type=product&p=4997#primaryimage"},"thumbnailUrl":"https:\/\/martinschloegl.ch\/wp-content\/uploads\/2025\/08\/tough-case-for-iphone-matte-iphone-16-pro-max-front-68afcf791e86a.jpg","datePublished":"2025-08-28T03:39:57+00:00","dateModified":"2025-10-15T04:28:03+00:00","breadcrumb":{"@id":"https:\/\/martinschloegl.ch\/de\/?post_type=product&p=4997#breadcrumb"},"inLanguage":"de","potentialAction":[{"@type":"ReadAction","target":["https:\/\/martinschloegl.ch\/de\/?post_type=product&p=4997"]}]},{"@type":"ImageObject","inLanguage":"de","@id":"https:\/\/martinschloegl.ch\/de\/?post_type=product&p=4997#primaryimage","url":"https:\/\/martinschloegl.ch\/wp-content\/uploads\/2025\/08\/tough-case-for-iphone-matte-iphone-16-pro-max-front-68afcf791e86a.jpg","contentUrl":"https:\/\/martinschloegl.ch\/wp-content\/uploads\/2025\/08\/tough-case-for-iphone-matte-iphone-16-pro-max-front-68afcf791e86a.jpg","width":2000,"height":2000},{"@type":"BreadcrumbList","@id":"https:\/\/martinschloegl.ch\/de\/?post_type=product&p=4997#breadcrumb","itemListElement":[{"@type":"ListItem","position":1,"name":"Home","item":"https:\/\/martinschloegl.ch\/de\/"},{"@type":"ListItem","position":2,"name":"Shop","item":"https:\/\/martinschloegl.ch\/de\/shop\/"},{"@type":"ListItem","position":3,"name":"Lass die Sonne dein iPhone\u00ae sch\u00fctzen \u2013 robuste H\u00fclle f\u00fcr iPhone\u00ae (11 bis 16)"}]},{"@type":"WebSite","@id":"https:\/\/martinschloegl.ch\/#website","url":"https:\/\/martinschloegl.ch\/","name":"martinschloegl.ch","description":"","potentialAction":[{"@type":"SearchAction","target":{"@type":"EntryPoint","urlTemplate":"https:\/\/martinschloegl.ch\/?s={search_term_string}"},"query-input":{"@type":"PropertyValueSpecification","valueRequired":true,"valueName":"search_term_string"}}],"inLanguage":"de"}]}},"jetpack_sharing_enabled":true,"_links":{"self":[{"href":"https:\/\/martinschloegl.ch\/de\/wp-json\/wp\/v2\/product\/4997","targetHints":{"allow":["GET"]}}],"collection":[{"href":"https:\/\/martinschloegl.ch\/de\/wp-json\/wp\/v2\/product"}],"about":[{"href":"https:\/\/martinschloegl.ch\/de\/wp-json\/wp\/v2\/types\/product"}],"replies":[{"embeddable":true,"href":"https:\/\/martinschloegl.ch\/de\/wp-json\/wp\/v2\/comments?post=4997"}],"wp:featuredmedia":[{"embeddable":true,"href":"https:\/\/martinschloegl.ch\/de\/wp-json\/wp\/v2\/media\/3974"}],"wp:attachment":[{"href":"https:\/\/martinschloegl.ch\/de\/wp-json\/wp\/v2\/media?parent=4997"}],"wp:term":[{"taxonomy":"product_brand","embeddable":true,"href":"https:\/\/martinschloegl.ch\/de\/wp-json\/wp\/v2\/product_brand?post=4997"},{"taxonomy":"product_cat","embeddable":true,"href":"https:\/\/martinschloegl.ch\/de\/wp-json\/wp\/v2\/product_cat?post=4997"},{"taxonomy":"product_tag","embeddable":true,"href":"https:\/\/martinschloegl.ch\/de\/wp-json\/wp\/v2\/product_tag?post=4997"}],"curies":[{"name":"wp","href":"https:\/\/api.w.org\/{rel}","templated":true}]}}