{"id":5021,"date":"2025-08-28T15:18:32","date_gmt":"2025-08-28T13:18:32","guid":{"rendered":"https:\/\/martinschloegl.ch\/product\/sonnen-notenschluessel-keramiktasse-400-ml\/"},"modified":"2025-10-15T06:21:47","modified_gmt":"2025-10-15T04:21:47","slug":"sonnen-notenschluessel-keramiktasse-400-ml","status":"publish","type":"product","link":"https:\/\/martinschloegl.ch\/de\/produkt\/sonnen-notenschluessel-keramiktasse-400-ml\/","title":{"rendered":"Keramiktasse (400 ml) mit Sonne als Schl\u00fcssel zum Herzen"},"content":{"rendered":"<p>Beginne deinen Tag mit Harmonie.<br \/>\nDiese Keramiktasse ist nicht nur f\u00fcr Kaffee oder Tee \u2013 sie tr\u00e4gt ein St\u00fcck dessen, woran ich glaube: die Sonne mit einem Notenschl\u00fcssel in ihrer Mitte, eine Erinnerung daran, dass Musik der Schl\u00fcssel zu unseren Herzen ist.<br \/>\nMit ihrer gl\u00e4nzenden wei\u00dfen Oberfl\u00e4che strahlt das Design hell und klar und bleibt auch nach vielen Sp\u00fclmaschineng\u00e4ngen lebendig. Mit 400 ml hat sie eine gute Gr\u00f6\u00dfe f\u00fcr deinen Morgenkaffee, eine gem\u00fctliche hei\u00dfe Schokolade oder einen beruhigenden Tee am Abend.<br \/>\nRobust, praktisch und ein wenig poetisch \u2013 sie wurde geschaffen, um einen Hauch von Musik in deinen Alltagsrhythmus zu bringen.<\/p>\n<p>&nbsp;<\/p>\n<p><strong>Details:<\/strong><\/p>\n<ul>\n<li>400 ml Keramiktasse<\/li>\n<li>Sonnen- &amp; Notenschl\u00fcssel-Logo: Musik als Schl\u00fcssel zu unseren Herzen<\/li>\n<li>Gl\u00e4nzendes Wei\u00df mit langlebigem, lebendigem Druck<\/li>\n<li>Sp\u00fclmaschinen- &amp; mikrowellengeeignet<\/li>\n<\/ul>\n<div><strong>F\u00fcr dich gemacht, wenn du sie bestellst<\/strong><br \/>\nJede Tasse wird auf Bestellung produziert, was bedeutet: keine \u00dcberproduktion, weniger Abfall und eine achtsamere Art der Herstellung. Es kann etwas l\u00e4nger dauern, bis sie ankommt, aber daf\u00fcr erh\u00e4ltst du etwas, das speziell f\u00fcr dich angefertigt wurde \u2013 ein kleiner Schritt in Richtung nachhaltigeres Einkaufen.<\/div>\n","protected":false},"excerpt":{"rendered":"<p>Beginne deinen Tag mit Harmonie. Diese Keramiktasse ist nicht nur f\u00fcr Kaffee oder Tee \u2013 sie tr\u00e4gt ein St\u00fcck dessen, woran ich glaube: die Sonne mit einem Notenschl\u00fcssel in ihrer Mitte, eine Erinnerung daran, dass Musik der Schl\u00fcssel zu unseren Herzen ist. Mit ihrer gl\u00e4nzenden wei\u00dfen Oberfl\u00e4che strahlt das Design hell und klar und bleibt [&hellip;]<\/p>\n","protected":false},"featured_media":4067,"comment_status":"open","ping_status":"closed","template":"","meta":[],"product_brand":[],"product_cat":[201],"product_tag":[223,283,286,285,284,282],"class_list":{"0":"post-5021","1":"product","2":"type-product","3":"status-publish","4":"has-post-thumbnail","6":"product_cat-anderes","7":"product_tag-analoges-leben","8":"product_tag-kaffee","9":"product_tag-sonne","10":"product_tag-tasse","11":"product_tag-tee","12":"product_tag-zuhause","13":"post-wrapper","14":"thrv_wrapper","16":"first","17":"instock","18":"taxable","19":"shipping-taxable","20":"purchasable","21":"product-type-simple"},"yoast_head":"<!-- This site is optimized with the Yoast SEO plugin v27.3 - https:\/\/yoast.com\/product\/yoast-seo-wordpress\/ -->\n<title>Keramiktasse (400 ml) mit Sonne als Schl\u00fcssel zum Herzen - martinschloegl.ch<\/title>\n<meta name=\"robots\" content=\"index, follow, max-snippet:-1, max-image-preview:large, max-video-preview:-1\" \/>\n<link rel=\"canonical\" href=\"https:\/\/martinschloegl.ch\/de\/?post_type=product&p=5021\" \/>\n<meta property=\"og:locale\" content=\"de_DE\" \/>\n<meta property=\"og:type\" content=\"article\" \/>\n<meta property=\"og:title\" content=\"Keramiktasse (400 ml) mit Sonne als Schl\u00fcssel zum Herzen - martinschloegl.ch\" \/>\n<meta property=\"og:description\" content=\"Beginne deinen Tag mit Harmonie. Diese Keramiktasse ist nicht nur f\u00fcr Kaffee oder Tee \u2013 sie tr\u00e4gt ein St\u00fcck dessen, woran ich glaube: die Sonne mit einem Notenschl\u00fcssel in ihrer Mitte, eine Erinnerung daran, dass Musik der Schl\u00fcssel zu unseren Herzen ist. Mit ihrer gl\u00e4nzenden wei\u00dfen Oberfl\u00e4che strahlt das Design hell und klar und bleibt [&hellip;]\" \/>\n<meta property=\"og:url\" content=\"https:\/\/martinschloegl.ch\/de\/?post_type=product&amp;p=5021\" \/>\n<meta property=\"og:site_name\" content=\"martinschloegl.ch\" \/>\n<meta property=\"article:modified_time\" content=\"2025-10-15T04:21:47+00:00\" \/>\n<meta property=\"og:image\" content=\"https:\/\/martinschloegl.ch\/wp-content\/uploads\/2025\/09\/35c717c6-9d1e-4661-a80f-a2f8249daa7f.jpg\" \/>\n\t<meta property=\"og:image:width\" content=\"2048\" \/>\n\t<meta property=\"og:image:height\" content=\"2048\" \/>\n\t<meta property=\"og:image:type\" content=\"image\/jpeg\" \/>\n<meta name=\"twitter:card\" content=\"summary_large_image\" \/>\n<meta name=\"twitter:label1\" content=\"Gesch\u00e4tzte Lesezeit\" \/>\n\t<meta name=\"twitter:data1\" content=\"1\u00a0Minute\" \/>\n<script type=\"application\/ld+json\" class=\"yoast-schema-graph\">{\"@context\":\"https:\\\/\\\/schema.org\",\"@graph\":[{\"@type\":\"WebPage\",\"@id\":\"https:\\\/\\\/martinschloegl.ch\\\/de\\\/?post_type=product&p=5021\",\"url\":\"https:\\\/\\\/martinschloegl.ch\\\/de\\\/?post_type=product&p=5021\",\"name\":\"Keramiktasse (400 ml) mit Sonne als Schl\u00fcssel zum Herzen - martinschloegl.ch\",\"isPartOf\":{\"@id\":\"https:\\\/\\\/martinschloegl.ch\\\/#website\"},\"primaryImageOfPage\":{\"@id\":\"https:\\\/\\\/martinschloegl.ch\\\/de\\\/?post_type=product&p=5021#primaryimage\"},\"image\":{\"@id\":\"https:\\\/\\\/martinschloegl.ch\\\/de\\\/?post_type=product&p=5021#primaryimage\"},\"thumbnailUrl\":\"https:\\\/\\\/martinschloegl.ch\\\/wp-content\\\/uploads\\\/2025\\\/09\\\/35c717c6-9d1e-4661-a80f-a2f8249daa7f.jpg\",\"datePublished\":\"2025-08-28T13:18:32+00:00\",\"dateModified\":\"2025-10-15T04:21:47+00:00\",\"breadcrumb\":{\"@id\":\"https:\\\/\\\/martinschloegl.ch\\\/de\\\/?post_type=product&p=5021#breadcrumb\"},\"inLanguage\":\"de\",\"potentialAction\":[{\"@type\":\"ReadAction\",\"target\":[\"https:\\\/\\\/martinschloegl.ch\\\/de\\\/?post_type=product&p=5021\"]}]},{\"@type\":\"ImageObject\",\"inLanguage\":\"de\",\"@id\":\"https:\\\/\\\/martinschloegl.ch\\\/de\\\/?post_type=product&p=5021#primaryimage\",\"url\":\"https:\\\/\\\/martinschloegl.ch\\\/wp-content\\\/uploads\\\/2025\\\/09\\\/35c717c6-9d1e-4661-a80f-a2f8249daa7f.jpg\",\"contentUrl\":\"https:\\\/\\\/martinschloegl.ch\\\/wp-content\\\/uploads\\\/2025\\\/09\\\/35c717c6-9d1e-4661-a80f-a2f8249daa7f.jpg\",\"width\":2048,\"height\":2048,\"caption\":\"35c717c6-9d1e-4661-a80f-a2f8249daa7f\"},{\"@type\":\"BreadcrumbList\",\"@id\":\"https:\\\/\\\/martinschloegl.ch\\\/de\\\/?post_type=product&p=5021#breadcrumb\",\"itemListElement\":[{\"@type\":\"ListItem\",\"position\":1,\"name\":\"Home\",\"item\":\"https:\\\/\\\/martinschloegl.ch\\\/de\\\/\"},{\"@type\":\"ListItem\",\"position\":2,\"name\":\"Shop\",\"item\":\"https:\\\/\\\/martinschloegl.ch\\\/de\\\/shop\\\/\"},{\"@type\":\"ListItem\",\"position\":3,\"name\":\"Keramiktasse (400 ml) mit Sonne als Schl\u00fcssel zum Herzen\"}]},{\"@type\":\"WebSite\",\"@id\":\"https:\\\/\\\/martinschloegl.ch\\\/#website\",\"url\":\"https:\\\/\\\/martinschloegl.ch\\\/\",\"name\":\"martinschloegl.ch\",\"description\":\"\",\"potentialAction\":[{\"@type\":\"SearchAction\",\"target\":{\"@type\":\"EntryPoint\",\"urlTemplate\":\"https:\\\/\\\/martinschloegl.ch\\\/?s={search_term_string}\"},\"query-input\":{\"@type\":\"PropertyValueSpecification\",\"valueRequired\":true,\"valueName\":\"search_term_string\"}}],\"inLanguage\":\"de\"}]}<\/script>\n<!-- \/ Yoast SEO plugin. -->","yoast_head_json":{"title":"Keramiktasse (400 ml) mit Sonne als Schl\u00fcssel zum Herzen - martinschloegl.ch","robots":{"index":"index","follow":"follow","max-snippet":"max-snippet:-1","max-image-preview":"max-image-preview:large","max-video-preview":"max-video-preview:-1"},"canonical":"https:\/\/martinschloegl.ch\/de\/?post_type=product&p=5021","og_locale":"de_DE","og_type":"article","og_title":"Keramiktasse (400 ml) mit Sonne als Schl\u00fcssel zum Herzen - martinschloegl.ch","og_description":"Beginne deinen Tag mit Harmonie. Diese Keramiktasse ist nicht nur f\u00fcr Kaffee oder Tee \u2013 sie tr\u00e4gt ein St\u00fcck dessen, woran ich glaube: die Sonne mit einem Notenschl\u00fcssel in ihrer Mitte, eine Erinnerung daran, dass Musik der Schl\u00fcssel zu unseren Herzen ist. Mit ihrer gl\u00e4nzenden wei\u00dfen Oberfl\u00e4che strahlt das Design hell und klar und bleibt [&hellip;]","og_url":"https:\/\/martinschloegl.ch\/de\/?post_type=product&p=5021","og_site_name":"martinschloegl.ch","article_modified_time":"2025-10-15T04:21:47+00:00","og_image":[{"width":2048,"height":2048,"url":"https:\/\/martinschloegl.ch\/wp-content\/uploads\/2025\/09\/35c717c6-9d1e-4661-a80f-a2f8249daa7f.jpg","type":"image\/jpeg"}],"twitter_card":"summary_large_image","twitter_misc":{"Gesch\u00e4tzte Lesezeit":"1\u00a0Minute"},"schema":{"@context":"https:\/\/schema.org","@graph":[{"@type":"WebPage","@id":"https:\/\/martinschloegl.ch\/de\/?post_type=product&p=5021","url":"https:\/\/martinschloegl.ch\/de\/?post_type=product&p=5021","name":"Keramiktasse (400 ml) mit Sonne als Schl\u00fcssel zum Herzen - martinschloegl.ch","isPartOf":{"@id":"https:\/\/martinschloegl.ch\/#website"},"primaryImageOfPage":{"@id":"https:\/\/martinschloegl.ch\/de\/?post_type=product&p=5021#primaryimage"},"image":{"@id":"https:\/\/martinschloegl.ch\/de\/?post_type=product&p=5021#primaryimage"},"thumbnailUrl":"https:\/\/martinschloegl.ch\/wp-content\/uploads\/2025\/09\/35c717c6-9d1e-4661-a80f-a2f8249daa7f.jpg","datePublished":"2025-08-28T13:18:32+00:00","dateModified":"2025-10-15T04:21:47+00:00","breadcrumb":{"@id":"https:\/\/martinschloegl.ch\/de\/?post_type=product&p=5021#breadcrumb"},"inLanguage":"de","potentialAction":[{"@type":"ReadAction","target":["https:\/\/martinschloegl.ch\/de\/?post_type=product&p=5021"]}]},{"@type":"ImageObject","inLanguage":"de","@id":"https:\/\/martinschloegl.ch\/de\/?post_type=product&p=5021#primaryimage","url":"https:\/\/martinschloegl.ch\/wp-content\/uploads\/2025\/09\/35c717c6-9d1e-4661-a80f-a2f8249daa7f.jpg","contentUrl":"https:\/\/martinschloegl.ch\/wp-content\/uploads\/2025\/09\/35c717c6-9d1e-4661-a80f-a2f8249daa7f.jpg","width":2048,"height":2048,"caption":"35c717c6-9d1e-4661-a80f-a2f8249daa7f"},{"@type":"BreadcrumbList","@id":"https:\/\/martinschloegl.ch\/de\/?post_type=product&p=5021#breadcrumb","itemListElement":[{"@type":"ListItem","position":1,"name":"Home","item":"https:\/\/martinschloegl.ch\/de\/"},{"@type":"ListItem","position":2,"name":"Shop","item":"https:\/\/martinschloegl.ch\/de\/shop\/"},{"@type":"ListItem","position":3,"name":"Keramiktasse (400 ml) mit Sonne als Schl\u00fcssel zum Herzen"}]},{"@type":"WebSite","@id":"https:\/\/martinschloegl.ch\/#website","url":"https:\/\/martinschloegl.ch\/","name":"martinschloegl.ch","description":"","potentialAction":[{"@type":"SearchAction","target":{"@type":"EntryPoint","urlTemplate":"https:\/\/martinschloegl.ch\/?s={search_term_string}"},"query-input":{"@type":"PropertyValueSpecification","valueRequired":true,"valueName":"search_term_string"}}],"inLanguage":"de"}]}},"jetpack_sharing_enabled":true,"_links":{"self":[{"href":"https:\/\/martinschloegl.ch\/de\/wp-json\/wp\/v2\/product\/5021","targetHints":{"allow":["GET"]}}],"collection":[{"href":"https:\/\/martinschloegl.ch\/de\/wp-json\/wp\/v2\/product"}],"about":[{"href":"https:\/\/martinschloegl.ch\/de\/wp-json\/wp\/v2\/types\/product"}],"replies":[{"embeddable":true,"href":"https:\/\/martinschloegl.ch\/de\/wp-json\/wp\/v2\/comments?post=5021"}],"wp:featuredmedia":[{"embeddable":true,"href":"https:\/\/martinschloegl.ch\/de\/wp-json\/wp\/v2\/media\/4067"}],"wp:attachment":[{"href":"https:\/\/martinschloegl.ch\/de\/wp-json\/wp\/v2\/media?parent=5021"}],"wp:term":[{"taxonomy":"product_brand","embeddable":true,"href":"https:\/\/martinschloegl.ch\/de\/wp-json\/wp\/v2\/product_brand?post=5021"},{"taxonomy":"product_cat","embeddable":true,"href":"https:\/\/martinschloegl.ch\/de\/wp-json\/wp\/v2\/product_cat?post=5021"},{"taxonomy":"product_tag","embeddable":true,"href":"https:\/\/martinschloegl.ch\/de\/wp-json\/wp\/v2\/product_tag?post=5021"}],"curies":[{"name":"wp","href":"https:\/\/api.w.org\/{rel}","templated":true}]}}